{"id":24320,"date":"2024-02-02T15:25:56","date_gmt":"2024-02-02T14:25:56","guid":{"rendered":"https:\/\/sp1hrubieszow.pl\/?page_id=24320"},"modified":"2024-02-02T15:26:38","modified_gmt":"2024-02-02T14:26:38","slug":"zimowisko-szkolne","status":"publish","type":"page","link":"https:\/\/sp1hrubieszow.pl\/index.php\/kronika-2020-2021\/zimowisko-szkolne\/","title":{"rendered":"Zimowisko szkolne"},"content":{"rendered":"\n\n\n<div class=\"xdj266r x11i5rnm xat24cr x1mh8g0r x1vvkbs x126k92a\">\n<div dir=\"auto\"><span style=\"font-size: 1rem; color: #000080;\">Z my\u015bl\u0105 o dzieciach i m\u0142odzie\u017cy lubi\u0105cych aktywnie sp\u0119dza\u0107 wolny czas, przeprowadzili\u015bmy w naszej szkole ferie zimowe.<\/span><\/div>\n<\/div>\n<div class=\"x11i5rnm xat24cr x1mh8g0r x1vvkbs xtlvy1s x126k92a\">\n<div dir=\"auto\"><span style=\"color: #000080;\">Ferie rozpocz\u0119li\u015bmy 30 stycznia. Tego dnia w szkole odby\u0142o si\u0119 wst\u0119pne przygotowanie do wyjazdu na narty, przygotowanie polega\u0142o na zapoznaniu si\u0119 z zasadami i bezpiecze\u0144stwem na stoku, przygotowanie sprz\u0119tu narciarskiego, a tak\u017ce pocz\u0105tkuj\u0105cy adepci narciarstwa odbyli pierwsze zaj\u0119cia na ,,o\u015blej \u0142\u0105czce\u201d.<\/span><\/div>\n<div dir=\"auto\"><span style=\"color: #000080;\">Nast\u0119pnego dnia wyruszyli\u015bmy do Jacni, gdzie uczniowie pod okiem instruktor\u00f3w: Andrzej Podlewski, Tomasz Lenard oraz Tomasz Magdziak, doskonalili umiej\u0119tno\u015bci narciarstwa zjazdowego. Ostatni dzie\u0144 zimowiska sp\u0119dzili\u015bmy r\u00f3wnie\u017c na sportowo, uczestnicz\u0105c w grach i zabawach, a podsumowaniem zaj\u0119\u0107 by\u0142a s\u0142odka niespodzianka dla wszystkich uczestnik\u00f3w.<\/span><\/div>\n<\/div>\n<div class=\"x11i5rnm xat24cr x1mh8g0r x1vvkbs xtlvy1s x126k92a\">\n<div dir=\"auto\"><span style=\"color: #000080;\">Nasze zaj\u0119cia nie mog\u0142y by si\u0119 odby\u0107 bez wsparcia finansowego ze strony Urz\u0119du Miasta w Hrubieszowie, za co w imieniu naszym oraz naszych uczni\u00f3w serdecznie dzi\u0119kujemy.<\/span><\/div>\n<div dir=\"auto\">\nngg_shortcode_0_placeholder\n<\/div>\n<\/div>\n","protected":false},"excerpt":{"rendered":"<p>Z my\u015bl\u0105 o dzieciach i m\u0142odzie\u017cy lubi\u0105cych aktywnie sp\u0119dza\u0107 wolny czas, przeprowadzili\u015bmy w naszej szkole ferie zimowe. Ferie rozpocz\u0119li\u015bmy 30 stycznia. Tego dnia w szkole odby\u0142o si\u0119 wst\u0119pne przygotowanie do wyjazdu na narty, przygotowanie polega\u0142o na zapoznaniu si\u0119 z zasadami i bezpiecze\u0144stwem na stoku, przygotowanie sprz\u0119tu narciarskiego, a tak\u017ce pocz\u0105tkuj\u0105cy adepci narciarstwa odbyli pierwsze zaj\u0119cia [&hellip;]<\/p>\n","protected":false},"author":2,"featured_media":0,"parent":5983,"menu_order":0,"comment_status":"closed","ping_status":"closed","template":"","meta":{"ngg_post_thumbnail":0,"footnotes":""},"class_list":["post-24320","page","type-page","status-publish","hentry"],"_links":{"self":[{"href":"https:\/\/sp1hrubieszow.pl\/index.php\/wp-json\/wp\/v2\/pages\/24320","targetHints":{"allow":["GET"]}}],"collection":[{"href":"https:\/\/sp1hrubieszow.pl\/index.php\/wp-json\/wp\/v2\/pages"}],"about":[{"href":"https:\/\/sp1hrubieszow.pl\/index.php\/wp-json\/wp\/v2\/types\/page"}],"author":[{"embeddable":true,"href":"https:\/\/sp1hrubieszow.pl\/index.php\/wp-json\/wp\/v2\/users\/2"}],"replies":[{"embeddable":true,"href":"https:\/\/sp1hrubieszow.pl\/index.php\/wp-json\/wp\/v2\/comments?post=24320"}],"version-history":[{"count":1,"href":"https:\/\/sp1hrubieszow.pl\/index.php\/wp-json\/wp\/v2\/pages\/24320\/revisions"}],"predecessor-version":[{"id":24323,"href":"https:\/\/sp1hrubieszow.pl\/index.php\/wp-json\/wp\/v2\/pages\/24320\/revisions\/24323"}],"up":[{"embeddable":true,"href":"https:\/\/sp1hrubieszow.pl\/index.php\/wp-json\/wp\/v2\/pages\/5983"}],"wp:attachment":[{"href":"https:\/\/sp1hrubieszow.pl\/index.php\/wp-json\/wp\/v2\/media?parent=24320"}],"curies":[{"name":"wp","href":"https:\/\/api.w.org\/{rel}","templated":true}]}}