{"id":24278,"date":"2024-01-30T13:47:34","date_gmt":"2024-01-30T12:47:34","guid":{"rendered":"https:\/\/sp1hrubieszow.pl\/?page_id=24278"},"modified":"2024-01-30T13:48:08","modified_gmt":"2024-01-30T12:48:08","slug":"wizyta-przygotowawcza-w-ramach-projektu-zagraniczna-mobilnosc-edukacyjna-uczniow-i-kadry-edukacji-szkolnej","status":"publish","type":"page","link":"https:\/\/sp1hrubieszow.pl\/index.php\/kronika-2020-2021\/wizyta-przygotowawcza-w-ramach-projektu-zagraniczna-mobilnosc-edukacyjna-uczniow-i-kadry-edukacji-szkolnej\/","title":{"rendered":"Wizyta przygotowawcza w ramach projektu \u201eZagraniczna mobilno\u015b\u0107 edukacyjna uczni\u00f3w i\u00a0kadry edukacji szkolnej\u201d"},"content":{"rendered":"\n<p><img loading=\"lazy\" decoding=\"async\" class=\" wp-image-24277 aligncenter\" src=\"http:\/\/sp1hrubieszow.pl\/wp-content\/uploads\/2024\/01\/mobilnosc30-300x40.jpg\" alt=\"\" width=\"540\" height=\"72\" srcset=\"https:\/\/sp1hrubieszow.pl\/wp-content\/uploads\/2024\/01\/mobilnosc30-300x40.jpg 300w, https:\/\/sp1hrubieszow.pl\/wp-content\/uploads\/2024\/01\/mobilnosc30-1024x135.jpg 1024w, https:\/\/sp1hrubieszow.pl\/wp-content\/uploads\/2024\/01\/mobilnosc30-768x102.jpg 768w, https:\/\/sp1hrubieszow.pl\/wp-content\/uploads\/2024\/01\/mobilnosc30-624x83.jpg 624w, https:\/\/sp1hrubieszow.pl\/wp-content\/uploads\/2024\/01\/mobilnosc30.jpg 1384w\" sizes=\"auto, (max-width: 540px) 100vw, 540px\" \/><\/p>\n<p>&nbsp;<span style=\"color: #000080;\">W trosce o zapewnienie najwy\u017cszego poziomu realizowanego przez uczni\u00f3w naszej szko\u0142y projektu \u201eZagraniczna mobilno\u015b\u0107 edukacyjna uczni\u00f3w i kadry edukacji szkolnej\u201d realizowanego ze \u015brodk\u00f3w programu FERS na zasadach Programu Erasmus+ sektor Edukacja szkolna, nr projektu: 2022-2-PL01-KA122-SCH-000096582, w dniach 24.01.- 26.01.2024 nauczyciele udali si\u0119 na wizyt\u0119 przygotowawcz\u0105 do Granady. W czasie wizyty odwiedzono Centro Ave Maria San Cristobal, szko\u0142\u0119 o d\u0142ugiej i bogatej tradycji. Poza d\u0142ug\u0105 histori\u0105, jest szko\u0142\u0105 z prawdopodobnie naj\u0142adniejszymi widokami w Granadzie, o czym b\u0119d\u0105 mogli si\u0119 przekona\u0107 ju\u017c nied\u0142ugo nasi uczniowie. Podczas spotkania z w\u0142adzami szko\u0142y hiszpa\u0144skiej zosta\u0142 ustalony harmonogram pobytu i dzia\u0142a\u0144 projektowych, jakie b\u0119d\u0105 realizowane w trakcie mobilno\u015bci zagranicznej uczestnik\u00f3w. Sprawdzono warunki zakwaterowania i wy\u017cywienia oraz uzgodniono zasady pobytu naszych uczni\u00f3w w Granadzie. <\/span><\/p>\n<p><span style=\"color: #000080;\">Projekt mo\u017cemy realizowa\u0107 dzi\u0119ki wsparciu pani Marty Majewskiej &#8211; Burmistrz Miasta Hrubieszowa oraz Hrubiesz\u00f3w Miasto z Klimatem, za co serdecznie dzi\u0119kujemy.<\/span><\/p>\nngg_shortcode_0_placeholder\n","protected":false},"excerpt":{"rendered":"<p>&nbsp;W trosce o zapewnienie najwy\u017cszego poziomu realizowanego przez uczni\u00f3w naszej szko\u0142y projektu \u201eZagraniczna mobilno\u015b\u0107 edukacyjna uczni\u00f3w i kadry edukacji szkolnej\u201d realizowanego ze \u015brodk\u00f3w programu FERS na zasadach Programu Erasmus+ sektor Edukacja szkolna, nr projektu: 2022-2-PL01-KA122-SCH-000096582, w dniach 24.01.- 26.01.2024 nauczyciele udali si\u0119 na wizyt\u0119 przygotowawcz\u0105 do Granady. W czasie wizyty odwiedzono Centro Ave Maria San [&hellip;]<\/p>\n","protected":false},"author":2,"featured_media":0,"parent":5983,"menu_order":0,"comment_status":"closed","ping_status":"closed","template":"","meta":{"ngg_post_thumbnail":0,"footnotes":""},"class_list":["post-24278","page","type-page","status-publish","hentry"],"_links":{"self":[{"href":"https:\/\/sp1hrubieszow.pl\/index.php\/wp-json\/wp\/v2\/pages\/24278","targetHints":{"allow":["GET"]}}],"collection":[{"href":"https:\/\/sp1hrubieszow.pl\/index.php\/wp-json\/wp\/v2\/pages"}],"about":[{"href":"https:\/\/sp1hrubieszow.pl\/index.php\/wp-json\/wp\/v2\/types\/page"}],"author":[{"embeddable":true,"href":"https:\/\/sp1hrubieszow.pl\/index.php\/wp-json\/wp\/v2\/users\/2"}],"replies":[{"embeddable":true,"href":"https:\/\/sp1hrubieszow.pl\/index.php\/wp-json\/wp\/v2\/comments?post=24278"}],"version-history":[{"count":1,"href":"https:\/\/sp1hrubieszow.pl\/index.php\/wp-json\/wp\/v2\/pages\/24278\/revisions"}],"predecessor-version":[{"id":24279,"href":"https:\/\/sp1hrubieszow.pl\/index.php\/wp-json\/wp\/v2\/pages\/24278\/revisions\/24279"}],"up":[{"embeddable":true,"href":"https:\/\/sp1hrubieszow.pl\/index.php\/wp-json\/wp\/v2\/pages\/5983"}],"wp:attachment":[{"href":"https:\/\/sp1hrubieszow.pl\/index.php\/wp-json\/wp\/v2\/media?parent=24278"}],"curies":[{"name":"wp","href":"https:\/\/api.w.org\/{rel}","templated":true}]}}