{"id":24238,"date":"2024-01-29T21:45:57","date_gmt":"2024-01-29T20:45:57","guid":{"rendered":"https:\/\/sp1hrubieszow.pl\/?page_id=24238"},"modified":"2024-01-29T21:46:28","modified_gmt":"2024-01-29T20:46:28","slug":"sposob-na-lekture","status":"publish","type":"page","link":"https:\/\/sp1hrubieszow.pl\/index.php\/kronika-2020-2021\/sposob-na-lekture\/","title":{"rendered":"Spos\u00f3b na lektur\u0119"},"content":{"rendered":"\n<p><span style=\"color: #000080;\">Lektury szkolne &#8211; jak je oswoi\u0107? Co zrobi\u0107, aby ich omawianie by\u0142o przyjemniejsze? My\u015bl\u0119, \u017ce sposobem na to mog\u0105 by\u0107 prace projektowe, kt\u00f3re s\u0105 wspania\u0142\u0105 zabaw\u0105, ale jednocze\u015bnie doskona\u0142ym sprawdzeniem znajomo\u015bci tre\u015bci lektury.&nbsp;Takie prace projektowe wykonywali ostatnio moi uczniowie.&nbsp; <\/span><\/p>\n<p><span style=\"color: #000080;\">W klasie 7 a i 7b uczniowie mieli za zdanie wykona\u0107 lapbook do lektury&nbsp; Ch. Dickensa &#8222;Opowie\u015b\u0107 wigilijna&#8221;. Lapbook mia\u0142 mie\u0107 stron\u0119 tytu\u0142ow\u0105 oraz zawiera\u0107 informacje o autorze lektury, plan wydarze\u0144, prezentacj\u0119 g\u0142\u00f3wnego bohatera i wiele innych zagadnie\u0144.&nbsp;<\/span><\/p>\n<p><span style=\"color: #000080;\">Uczniowie klasy 6b po om\u00f3wieniu lektury &#8222;Hobbit, czyli tam i z powrotem&#8221; J.R.R. Tolkiena mogli wybra\u0107 jedn\u0105 z trzech prac projektowych: makieta domu Bilbo Bagginsa, plakat przedstawiaj\u0105cy plan wyprawy albo projekt gry planszowej.&nbsp;<\/span><\/p>\n<p><span style=\"color: #000080;\">Klasa 5 a pracowa\u0142a za\u015b nad wykonaniem lekturowego pude\u0142ka. W pude\u0142ku mia\u0142o si\u0119 znajdowa\u0107 10 element\u00f3w zwi\u0105zanych z tre\u015bci\u0105 ksi\u0105\u017cki&nbsp; &#8222;Magiczne drzewo. Czerwone krzes\u0142o&#8221; . Poza tym na wieku pude\u0142ka znajdowa\u0107 si\u0119 musia\u0142o streszczenie ksi\u0105\u017cki,&nbsp; a w pude\u0142ku dodatkowo jeszcze list do wybranego bohatera lektury.&nbsp;<\/span><\/p>\n<p><span style=\"color: #000080;\">Dzie\u0142a uczni\u00f3w by\u0142y naprawd\u0119 ciekawe, wyj\u0105tkowe i pomys\u0142owe.&nbsp; Wielu osobom taka forma pracy przypad\u0142a do gustu i ju\u017c pojawiaj\u0105 si\u0119 pytania o to, jaki rodzaj zada\u0144 projektowych czeka ich przy kolejnej lekturze \ud83d\ude42<\/span><\/p>\n<p style=\"text-align: right;\"><span style=\"color: #000080;\">Marta Lackowska<\/span>&nbsp;<\/p>\nngg_shortcode_0_placeholder\n","protected":false},"excerpt":{"rendered":"<p>Lektury szkolne &#8211; jak je oswoi\u0107? Co zrobi\u0107, aby ich omawianie by\u0142o przyjemniejsze? My\u015bl\u0119, \u017ce sposobem na to mog\u0105 by\u0107 prace projektowe, kt\u00f3re s\u0105 wspania\u0142\u0105 zabaw\u0105, ale jednocze\u015bnie doskona\u0142ym sprawdzeniem znajomo\u015bci tre\u015bci lektury.&nbsp;Takie prace projektowe wykonywali ostatnio moi uczniowie.&nbsp; W klasie 7 a i 7b uczniowie mieli za zdanie wykona\u0107 lapbook do lektury&nbsp; Ch. Dickensa [&hellip;]<\/p>\n","protected":false},"author":2,"featured_media":0,"parent":5983,"menu_order":0,"comment_status":"closed","ping_status":"closed","template":"","meta":{"ngg_post_thumbnail":0,"footnotes":""},"class_list":["post-24238","page","type-page","status-publish","hentry"],"_links":{"self":[{"href":"https:\/\/sp1hrubieszow.pl\/index.php\/wp-json\/wp\/v2\/pages\/24238","targetHints":{"allow":["GET"]}}],"collection":[{"href":"https:\/\/sp1hrubieszow.pl\/index.php\/wp-json\/wp\/v2\/pages"}],"about":[{"href":"https:\/\/sp1hrubieszow.pl\/index.php\/wp-json\/wp\/v2\/types\/page"}],"author":[{"embeddable":true,"href":"https:\/\/sp1hrubieszow.pl\/index.php\/wp-json\/wp\/v2\/users\/2"}],"replies":[{"embeddable":true,"href":"https:\/\/sp1hrubieszow.pl\/index.php\/wp-json\/wp\/v2\/comments?post=24238"}],"version-history":[{"count":1,"href":"https:\/\/sp1hrubieszow.pl\/index.php\/wp-json\/wp\/v2\/pages\/24238\/revisions"}],"predecessor-version":[{"id":24239,"href":"https:\/\/sp1hrubieszow.pl\/index.php\/wp-json\/wp\/v2\/pages\/24238\/revisions\/24239"}],"up":[{"embeddable":true,"href":"https:\/\/sp1hrubieszow.pl\/index.php\/wp-json\/wp\/v2\/pages\/5983"}],"wp:attachment":[{"href":"https:\/\/sp1hrubieszow.pl\/index.php\/wp-json\/wp\/v2\/media?parent=24238"}],"curies":[{"name":"wp","href":"https:\/\/api.w.org\/{rel}","templated":true}]}}