{"id":24178,"date":"2024-01-26T18:02:03","date_gmt":"2024-01-26T17:02:03","guid":{"rendered":"https:\/\/sp1hrubieszow.pl\/?page_id=24178"},"modified":"2024-01-26T18:02:18","modified_gmt":"2024-01-26T17:02:18","slug":"bezpieczna-zabawa-to-jest-podstawa","status":"publish","type":"page","link":"https:\/\/sp1hrubieszow.pl\/index.php\/kronika-2020-2021\/bezpieczna-zabawa-to-jest-podstawa\/","title":{"rendered":"Bezpieczna zabawa to jest podstawa!!!"},"content":{"rendered":"\n\n\n<div dir=\"auto\"><span style=\"color: #000080;\">Zbli\u017caj\u0105ce si\u0119 ferie zimowe to czas wyjazd\u00f3w i aktywnego wypoczynku naszych uczni\u00f3w.<\/span><\/div>\n<div dir=\"auto\"><span style=\"color: #000080;\">Z tej okazji 25 stycznia na zaproszenie pani Agnieszki Wojtiuk i Joanny Grzeszczuk go\u015bcili\u015bmy w naszej \u015bwietlicy stra\u017cak\u00f3w z Ochotniczej Stra\u017cy Po\u017carnej w Hrubieszowie.<\/span><\/div>\n<div dir=\"auto\"><span style=\"color: #000080;\">Uczniowie pod czujnym okiem pan\u00f3w Grzegorza, Sebastiana i Huberta dowiedzieli si\u0119 o zasadach bezpiecznego sp\u0119dzania czasu wolnego podczas ferii. Ka\u017cdy z uczni\u00f3w mia\u0142 okazj\u0119 pozna\u0107 sposoby udzielania pierwszej pomocy oraz zachowania si\u0119 w sytuacji zagro\u017cenia \u017cycia i zdrowia. Bardzo wa\u017cnym elementem spotkania by\u0142a mo\u017cliwo\u015b\u0107 wzi\u0119cia czynnego udzia\u0142u w zaj\u0119ciach \u2013 \u0107wiczenia przeprowadzania sztucznego oddychania na fantomie, opatrywanie ran i uraz\u00f3w. Taka wiedza i umiej\u0119tno\u015bci ratuj\u0105 \u017cycie.<\/span><\/div>\n<div dir=\"auto\"><span style=\"color: #000080;\">Dzi\u0119kujemy bardzo serdecznie OSP Hrubiesz\u00f3w za przekazan\u0105 wiedz\u0119 ze szczypt\u0105 humoru.<\/span><\/div>\n<div dir=\"auto\"><span style=\"color: #000080;\">Wszystkim uczniom \u017cyczymy udanego i bezpiecznego wypoczynku.<\/span><\/div>\n<div dir=\"auto\">\nngg_shortcode_0_placeholder\n<\/div>\n","protected":false},"excerpt":{"rendered":"<p>Zbli\u017caj\u0105ce si\u0119 ferie zimowe to czas wyjazd\u00f3w i aktywnego wypoczynku naszych uczni\u00f3w. Z tej okazji 25 stycznia na zaproszenie pani Agnieszki Wojtiuk i Joanny Grzeszczuk go\u015bcili\u015bmy w naszej \u015bwietlicy stra\u017cak\u00f3w z Ochotniczej Stra\u017cy Po\u017carnej w Hrubieszowie. Uczniowie pod czujnym okiem pan\u00f3w Grzegorza, Sebastiana i Huberta dowiedzieli si\u0119 o zasadach bezpiecznego sp\u0119dzania czasu wolnego podczas ferii. [&hellip;]<\/p>\n","protected":false},"author":2,"featured_media":0,"parent":5983,"menu_order":0,"comment_status":"closed","ping_status":"closed","template":"","meta":{"ngg_post_thumbnail":0,"footnotes":""},"class_list":["post-24178","page","type-page","status-publish","hentry"],"_links":{"self":[{"href":"https:\/\/sp1hrubieszow.pl\/index.php\/wp-json\/wp\/v2\/pages\/24178","targetHints":{"allow":["GET"]}}],"collection":[{"href":"https:\/\/sp1hrubieszow.pl\/index.php\/wp-json\/wp\/v2\/pages"}],"about":[{"href":"https:\/\/sp1hrubieszow.pl\/index.php\/wp-json\/wp\/v2\/types\/page"}],"author":[{"embeddable":true,"href":"https:\/\/sp1hrubieszow.pl\/index.php\/wp-json\/wp\/v2\/users\/2"}],"replies":[{"embeddable":true,"href":"https:\/\/sp1hrubieszow.pl\/index.php\/wp-json\/wp\/v2\/comments?post=24178"}],"version-history":[{"count":1,"href":"https:\/\/sp1hrubieszow.pl\/index.php\/wp-json\/wp\/v2\/pages\/24178\/revisions"}],"predecessor-version":[{"id":24179,"href":"https:\/\/sp1hrubieszow.pl\/index.php\/wp-json\/wp\/v2\/pages\/24178\/revisions\/24179"}],"up":[{"embeddable":true,"href":"https:\/\/sp1hrubieszow.pl\/index.php\/wp-json\/wp\/v2\/pages\/5983"}],"wp:attachment":[{"href":"https:\/\/sp1hrubieszow.pl\/index.php\/wp-json\/wp\/v2\/media?parent=24178"}],"curies":[{"name":"wp","href":"https:\/\/api.w.org\/{rel}","templated":true}]}}