{"id":24138,"date":"2024-01-26T07:51:13","date_gmt":"2024-01-26T06:51:13","guid":{"rendered":"https:\/\/sp1hrubieszow.pl\/?page_id=24138"},"modified":"2024-01-26T07:51:50","modified_gmt":"2024-01-26T06:51:50","slug":"spotkanie-z-seniorami-w-hdk","status":"publish","type":"page","link":"https:\/\/sp1hrubieszow.pl\/index.php\/kronika-2020-2021\/spotkanie-z-seniorami-w-hdk\/","title":{"rendered":"Spotkanie z seniorami w HDK"},"content":{"rendered":"\n\n\n<p><span style=\"color: #000080;\">23 stycznia uczniowie klas 4a, 4b i 5c pod opiek\u0105 wychowawczy\u0144 pa\u0144: Moniki Anigacz, Ma\u0142gorzaty Szumiaty , Justyny Przybik oraz nauczycielek Anety Rycerz i Ilony Winogrodzkiej uczestniczyli w spotkaniu z seniorami w HDK w ramach realizacji innowacji pedagogicznej &#8222;Ja i senior &#8211; \u0142\u0105czymy pokolenia&#8221;. Spotkanie mia\u0142o na celu integracj\u0119 m\u0142odego pokolenia z lud\u017ami starszymi z naszego otoczenia oraz uczczenie Dnia Babci i Dziadka. Uczniowie jedynki wr\u0119czyli seniorom drobne podarunki wykonane w szkole pod kierunkiem pani Ewy Filipowicz-Sidorczuk. O dobr\u0105 atmosfer\u0119 zadba\u0142a pani Jola G\u0142owacz zach\u0119caj\u0105c do r\u00f3\u017cnych zabaw, wsp\u00f3lnego kol\u0119dowania i wykonania hitu senior\u00f3w na koncert fina\u0142owy WO\u015aP. Ju\u017c nie mo\u017cemy doczeka\u0107 si\u0119 kolejnych wsp\u00f3lnych zaj\u0119\u0107! Dzi\u0119kujemy za wspania\u0142e prze\u017cycia i \u015bwietn\u0105 zabaw\u0119! <\/span><\/p>\n<p style=\"text-align: right;\"><span style=\"color: #000080;\">Aneta Rycerz<\/span><\/p>\nngg_shortcode_0_placeholder\n","protected":false},"excerpt":{"rendered":"<p>23 stycznia uczniowie klas 4a, 4b i 5c pod opiek\u0105 wychowawczy\u0144 pa\u0144: Moniki Anigacz, Ma\u0142gorzaty Szumiaty , Justyny Przybik oraz nauczycielek Anety Rycerz i Ilony Winogrodzkiej uczestniczyli w spotkaniu z seniorami w HDK w ramach realizacji innowacji pedagogicznej &#8222;Ja i senior &#8211; \u0142\u0105czymy pokolenia&#8221;. Spotkanie mia\u0142o na celu integracj\u0119 m\u0142odego pokolenia z lud\u017ami starszymi z [&hellip;]<\/p>\n","protected":false},"author":2,"featured_media":0,"parent":5983,"menu_order":0,"comment_status":"closed","ping_status":"closed","template":"","meta":{"ngg_post_thumbnail":0,"footnotes":""},"class_list":["post-24138","page","type-page","status-publish","hentry"],"_links":{"self":[{"href":"https:\/\/sp1hrubieszow.pl\/index.php\/wp-json\/wp\/v2\/pages\/24138","targetHints":{"allow":["GET"]}}],"collection":[{"href":"https:\/\/sp1hrubieszow.pl\/index.php\/wp-json\/wp\/v2\/pages"}],"about":[{"href":"https:\/\/sp1hrubieszow.pl\/index.php\/wp-json\/wp\/v2\/types\/page"}],"author":[{"embeddable":true,"href":"https:\/\/sp1hrubieszow.pl\/index.php\/wp-json\/wp\/v2\/users\/2"}],"replies":[{"embeddable":true,"href":"https:\/\/sp1hrubieszow.pl\/index.php\/wp-json\/wp\/v2\/comments?post=24138"}],"version-history":[{"count":1,"href":"https:\/\/sp1hrubieszow.pl\/index.php\/wp-json\/wp\/v2\/pages\/24138\/revisions"}],"predecessor-version":[{"id":24139,"href":"https:\/\/sp1hrubieszow.pl\/index.php\/wp-json\/wp\/v2\/pages\/24138\/revisions\/24139"}],"up":[{"embeddable":true,"href":"https:\/\/sp1hrubieszow.pl\/index.php\/wp-json\/wp\/v2\/pages\/5983"}],"wp:attachment":[{"href":"https:\/\/sp1hrubieszow.pl\/index.php\/wp-json\/wp\/v2\/media?parent=24138"}],"curies":[{"name":"wp","href":"https:\/\/api.w.org\/{rel}","templated":true}]}}