{"id":24102,"date":"2024-01-19T19:55:32","date_gmt":"2024-01-19T18:55:32","guid":{"rendered":"https:\/\/sp1hrubieszow.pl\/?page_id=24102"},"modified":"2024-01-19T19:55:32","modified_gmt":"2024-01-19T18:55:32","slug":"swiatowy-dzien-braillea","status":"publish","type":"page","link":"https:\/\/sp1hrubieszow.pl\/index.php\/kronika-2019-2020\/swiatowy-dzien-braillea\/","title":{"rendered":"\u015aWIATOWY DZIE\u0143 BRAILLE\u2019A"},"content":{"rendered":"\n<p><span style=\"color: #000080;\">W styczniu 2024r. klasy 1a i 3b&nbsp; uczestniczy\u0142y w warsztatach z okazji \u015awiatowego Dnia Braille\u2019a, kt\u00f3re prowadzi\u0142y panie: Joanna Raczy\u0144ska i Ma\u0142gorzata Dabska z Biblioteki Pedagogicznej&nbsp; w Hrubieszowie. Podczas zaj\u0119\u0107 dzieci pozna\u0142y alfabet Braille\u2019a oraz \u201eCzarn\u0105 ksi\u0105\u017ck\u0119 kolor\u00f3w\u201d. Poprzez zabawy uczniowie mieli mo\u017cliwo\u015b\u0107 wczucia si\u0119 <br>w sytuacj\u0119 os\u00f3b niewidomych. Zaj\u0119cia by\u0142y tak\u017ce doskona\u0142\u0105 lekcj\u0105 empatii i tolerancji.<\/span><\/p>\nngg_shortcode_0_placeholder\n","protected":false},"excerpt":{"rendered":"<p>W styczniu 2024r. klasy 1a i 3b&nbsp; uczestniczy\u0142y w warsztatach z okazji \u015awiatowego Dnia Braille\u2019a, kt\u00f3re prowadzi\u0142y panie: Joanna Raczy\u0144ska i Ma\u0142gorzata Dabska z Biblioteki Pedagogicznej&nbsp; w Hrubieszowie. Podczas zaj\u0119\u0107 dzieci pozna\u0142y alfabet Braille\u2019a oraz \u201eCzarn\u0105 ksi\u0105\u017ck\u0119 kolor\u00f3w\u201d. Poprzez zabawy uczniowie mieli mo\u017cliwo\u015b\u0107 wczucia si\u0119 w sytuacj\u0119 os\u00f3b niewidomych. Zaj\u0119cia by\u0142y tak\u017ce doskona\u0142\u0105 lekcj\u0105 empatii [&hellip;]<\/p>\n","protected":false},"author":4,"featured_media":0,"parent":2167,"menu_order":0,"comment_status":"closed","ping_status":"closed","template":"","meta":{"ngg_post_thumbnail":0,"footnotes":""},"class_list":["post-24102","page","type-page","status-publish","hentry"],"_links":{"self":[{"href":"https:\/\/sp1hrubieszow.pl\/index.php\/wp-json\/wp\/v2\/pages\/24102","targetHints":{"allow":["GET"]}}],"collection":[{"href":"https:\/\/sp1hrubieszow.pl\/index.php\/wp-json\/wp\/v2\/pages"}],"about":[{"href":"https:\/\/sp1hrubieszow.pl\/index.php\/wp-json\/wp\/v2\/types\/page"}],"author":[{"embeddable":true,"href":"https:\/\/sp1hrubieszow.pl\/index.php\/wp-json\/wp\/v2\/users\/4"}],"replies":[{"embeddable":true,"href":"https:\/\/sp1hrubieszow.pl\/index.php\/wp-json\/wp\/v2\/comments?post=24102"}],"version-history":[{"count":1,"href":"https:\/\/sp1hrubieszow.pl\/index.php\/wp-json\/wp\/v2\/pages\/24102\/revisions"}],"predecessor-version":[{"id":24103,"href":"https:\/\/sp1hrubieszow.pl\/index.php\/wp-json\/wp\/v2\/pages\/24102\/revisions\/24103"}],"up":[{"embeddable":true,"href":"https:\/\/sp1hrubieszow.pl\/index.php\/wp-json\/wp\/v2\/pages\/2167"}],"wp:attachment":[{"href":"https:\/\/sp1hrubieszow.pl\/index.php\/wp-json\/wp\/v2\/media?parent=24102"}],"curies":[{"name":"wp","href":"https:\/\/api.w.org\/{rel}","templated":true}]}}