{"id":24037,"date":"2024-01-16T19:30:03","date_gmt":"2024-01-16T18:30:03","guid":{"rendered":"https:\/\/sp1hrubieszow.pl\/?page_id=24037"},"modified":"2024-01-16T19:30:30","modified_gmt":"2024-01-16T18:30:30","slug":"wspomnienie-szkolnych-jaselek","status":"publish","type":"page","link":"https:\/\/sp1hrubieszow.pl\/index.php\/kronika-2020-2021\/wspomnienie-szkolnych-jaselek\/","title":{"rendered":"Wspomnienie szkolnych jase\u0142ek"},"content":{"rendered":"\n<p><span style=\"color: #000080;\">W \u015bwi\u0105teczny nast\u00f3j w tym roku wprowadzi\u0142a nas klasa 5a, kt\u00f3ra przepi\u0119knie przygotowa\u0142a przedstawienie Jase\u0142kowe. Tematyka &nbsp;tegorocznych jase\u0142ek nawi\u0105zywa\u0142a do problem\u00f3w cywilizacyjnych takich jak samotno\u015b\u0107, przywi\u0105zanie do rzeczy materialnych i wygody oraz brak tolerancji. Doskona\u0142ym dope\u0142nieniem muzycznym by\u0142y kol\u0119dy za\u015bpiewane przez szkoln\u0105 schol\u0119 oraz gra na instrumentach muzycznych w wykonaniu naszych uzdolnionych muzycznie uczni\u00f3w. Na koniec \u015bwi\u0105teczne \u017cyczenia dla ca\u0142ej spo\u0142eczno\u015bci szkolnej oraz naszych rodzin z\u0142o\u017cyli: ksi\u0105dz proboszcz Marek Giergiel oraz pani dyrektor Edyta Kucharska.<\/span><\/p>\nngg_shortcode_0_placeholder\n","protected":false},"excerpt":{"rendered":"<p>W \u015bwi\u0105teczny nast\u00f3j w tym roku wprowadzi\u0142a nas klasa 5a, kt\u00f3ra przepi\u0119knie przygotowa\u0142a przedstawienie Jase\u0142kowe. Tematyka &nbsp;tegorocznych jase\u0142ek nawi\u0105zywa\u0142a do problem\u00f3w cywilizacyjnych takich jak samotno\u015b\u0107, przywi\u0105zanie do rzeczy materialnych i wygody oraz brak tolerancji. Doskona\u0142ym dope\u0142nieniem muzycznym by\u0142y kol\u0119dy za\u015bpiewane przez szkoln\u0105 schol\u0119 oraz gra na instrumentach muzycznych w wykonaniu naszych uzdolnionych muzycznie uczni\u00f3w. Na [&hellip;]<\/p>\n","protected":false},"author":2,"featured_media":0,"parent":5983,"menu_order":0,"comment_status":"closed","ping_status":"closed","template":"","meta":{"ngg_post_thumbnail":0,"footnotes":""},"class_list":["post-24037","page","type-page","status-publish","hentry"],"_links":{"self":[{"href":"https:\/\/sp1hrubieszow.pl\/index.php\/wp-json\/wp\/v2\/pages\/24037","targetHints":{"allow":["GET"]}}],"collection":[{"href":"https:\/\/sp1hrubieszow.pl\/index.php\/wp-json\/wp\/v2\/pages"}],"about":[{"href":"https:\/\/sp1hrubieszow.pl\/index.php\/wp-json\/wp\/v2\/types\/page"}],"author":[{"embeddable":true,"href":"https:\/\/sp1hrubieszow.pl\/index.php\/wp-json\/wp\/v2\/users\/2"}],"replies":[{"embeddable":true,"href":"https:\/\/sp1hrubieszow.pl\/index.php\/wp-json\/wp\/v2\/comments?post=24037"}],"version-history":[{"count":1,"href":"https:\/\/sp1hrubieszow.pl\/index.php\/wp-json\/wp\/v2\/pages\/24037\/revisions"}],"predecessor-version":[{"id":24038,"href":"https:\/\/sp1hrubieszow.pl\/index.php\/wp-json\/wp\/v2\/pages\/24037\/revisions\/24038"}],"up":[{"embeddable":true,"href":"https:\/\/sp1hrubieszow.pl\/index.php\/wp-json\/wp\/v2\/pages\/5983"}],"wp:attachment":[{"href":"https:\/\/sp1hrubieszow.pl\/index.php\/wp-json\/wp\/v2\/media?parent=24037"}],"curies":[{"name":"wp","href":"https:\/\/api.w.org\/{rel}","templated":true}]}}