{"id":24010,"date":"2024-01-12T18:10:08","date_gmt":"2024-01-12T17:10:08","guid":{"rendered":"https:\/\/sp1hrubieszow.pl\/?page_id=24010"},"modified":"2024-01-12T18:10:44","modified_gmt":"2024-01-12T17:10:44","slug":"olimpiada-zdrowia-pck-2024","status":"publish","type":"page","link":"https:\/\/sp1hrubieszow.pl\/index.php\/kronika-2020-2021\/olimpiada-zdrowia-pck-2024\/","title":{"rendered":"Olimpiada zdrowia PCK 2024"},"content":{"rendered":"\n<p><span style=\"color: #000080;\">12 stycznia odby\u0142 si\u0119 etap rejonowy Olimpiady Zdrowia PCK z Biedronk\u0105. Szko\u0142\u0119 nasz\u0105 reprezentowa\u0142a uczennica klasy 7b Wiktoria Dynkiewicz. Rywalizacj\u0119 na tym etapie zako\u0144czy\u0142a zajmuj\u0105c 4 miejsce. Gratulujemy i \u017cyczymy dalszych sukces\u00f3w.&nbsp;<\/span><\/p>\nngg_shortcode_0_placeholder\n","protected":false},"excerpt":{"rendered":"<p>12 stycznia odby\u0142 si\u0119 etap rejonowy Olimpiady Zdrowia PCK z Biedronk\u0105. Szko\u0142\u0119 nasz\u0105 reprezentowa\u0142a uczennica klasy 7b Wiktoria Dynkiewicz. Rywalizacj\u0119 na tym etapie zako\u0144czy\u0142a zajmuj\u0105c 4 miejsce. Gratulujemy i \u017cyczymy dalszych sukces\u00f3w.&nbsp;<\/p>\n","protected":false},"author":2,"featured_media":0,"parent":5983,"menu_order":0,"comment_status":"closed","ping_status":"closed","template":"","meta":{"ngg_post_thumbnail":0,"footnotes":""},"class_list":["post-24010","page","type-page","status-publish","hentry"],"_links":{"self":[{"href":"https:\/\/sp1hrubieszow.pl\/index.php\/wp-json\/wp\/v2\/pages\/24010","targetHints":{"allow":["GET"]}}],"collection":[{"href":"https:\/\/sp1hrubieszow.pl\/index.php\/wp-json\/wp\/v2\/pages"}],"about":[{"href":"https:\/\/sp1hrubieszow.pl\/index.php\/wp-json\/wp\/v2\/types\/page"}],"author":[{"embeddable":true,"href":"https:\/\/sp1hrubieszow.pl\/index.php\/wp-json\/wp\/v2\/users\/2"}],"replies":[{"embeddable":true,"href":"https:\/\/sp1hrubieszow.pl\/index.php\/wp-json\/wp\/v2\/comments?post=24010"}],"version-history":[{"count":2,"href":"https:\/\/sp1hrubieszow.pl\/index.php\/wp-json\/wp\/v2\/pages\/24010\/revisions"}],"predecessor-version":[{"id":24012,"href":"https:\/\/sp1hrubieszow.pl\/index.php\/wp-json\/wp\/v2\/pages\/24010\/revisions\/24012"}],"up":[{"embeddable":true,"href":"https:\/\/sp1hrubieszow.pl\/index.php\/wp-json\/wp\/v2\/pages\/5983"}],"wp:attachment":[{"href":"https:\/\/sp1hrubieszow.pl\/index.php\/wp-json\/wp\/v2\/media?parent=24010"}],"curies":[{"name":"wp","href":"https:\/\/api.w.org\/{rel}","templated":true}]}}