{"id":24000,"date":"2024-01-12T18:01:38","date_gmt":"2024-01-12T17:01:38","guid":{"rendered":"https:\/\/sp1hrubieszow.pl\/?page_id=24000"},"modified":"2024-01-12T18:02:07","modified_gmt":"2024-01-12T17:02:07","slug":"kregle-7b","status":"publish","type":"page","link":"https:\/\/sp1hrubieszow.pl\/index.php\/kronika-2020-2021\/kregle-7b\/","title":{"rendered":"Kr\u0119gle 7b"},"content":{"rendered":"\n<p><span style=\"color: #000080;\">Uczniowie mieli mo\u017cliwo\u015b\u0107 poznania r\u00f3\u017cnych sposob\u00f3w aktywnego sp\u0119dzania wolnego czasu, za\u015b wsp\u00f3\u0142zawodnictwo na torze wi\u0105za\u0142o si\u0119 ze \u015bwietn\u0105 zabaw\u0105. Gra okaza\u0142a si\u0119 niezwykle wci\u0105gaj\u0105ca. Uczniowie \u015bwietnie radzili sobie z t\u0105 dyscyplin\u0105 sportu. Nie by\u0142o niezdrowej rywalizacji, a jedynie du\u017co \u015bmiechu i prawdziwe, sportowe emocje.<\/span><\/p>\nngg_shortcode_0_placeholder\n","protected":false},"excerpt":{"rendered":"<p>Uczniowie mieli mo\u017cliwo\u015b\u0107 poznania r\u00f3\u017cnych sposob\u00f3w aktywnego sp\u0119dzania wolnego czasu, za\u015b wsp\u00f3\u0142zawodnictwo na torze wi\u0105za\u0142o si\u0119 ze \u015bwietn\u0105 zabaw\u0105. Gra okaza\u0142a si\u0119 niezwykle wci\u0105gaj\u0105ca. Uczniowie \u015bwietnie radzili sobie z t\u0105 dyscyplin\u0105 sportu. Nie by\u0142o niezdrowej rywalizacji, a jedynie du\u017co \u015bmiechu i prawdziwe, sportowe emocje.<\/p>\n","protected":false},"author":2,"featured_media":0,"parent":5983,"menu_order":0,"comment_status":"closed","ping_status":"closed","template":"","meta":{"ngg_post_thumbnail":0,"footnotes":""},"class_list":["post-24000","page","type-page","status-publish","hentry"],"_links":{"self":[{"href":"https:\/\/sp1hrubieszow.pl\/index.php\/wp-json\/wp\/v2\/pages\/24000","targetHints":{"allow":["GET"]}}],"collection":[{"href":"https:\/\/sp1hrubieszow.pl\/index.php\/wp-json\/wp\/v2\/pages"}],"about":[{"href":"https:\/\/sp1hrubieszow.pl\/index.php\/wp-json\/wp\/v2\/types\/page"}],"author":[{"embeddable":true,"href":"https:\/\/sp1hrubieszow.pl\/index.php\/wp-json\/wp\/v2\/users\/2"}],"replies":[{"embeddable":true,"href":"https:\/\/sp1hrubieszow.pl\/index.php\/wp-json\/wp\/v2\/comments?post=24000"}],"version-history":[{"count":1,"href":"https:\/\/sp1hrubieszow.pl\/index.php\/wp-json\/wp\/v2\/pages\/24000\/revisions"}],"predecessor-version":[{"id":24001,"href":"https:\/\/sp1hrubieszow.pl\/index.php\/wp-json\/wp\/v2\/pages\/24000\/revisions\/24001"}],"up":[{"embeddable":true,"href":"https:\/\/sp1hrubieszow.pl\/index.php\/wp-json\/wp\/v2\/pages\/5983"}],"wp:attachment":[{"href":"https:\/\/sp1hrubieszow.pl\/index.php\/wp-json\/wp\/v2\/media?parent=24000"}],"curies":[{"name":"wp","href":"https:\/\/api.w.org\/{rel}","templated":true}]}}