{"id":23986,"date":"2024-01-11T21:32:02","date_gmt":"2024-01-11T20:32:02","guid":{"rendered":"https:\/\/sp1hrubieszow.pl\/?page_id=23986"},"modified":"2024-01-11T21:32:02","modified_gmt":"2024-01-11T20:32:02","slug":"szkolny-konkurs-poetycki-zlota-polska-jesien","status":"publish","type":"page","link":"https:\/\/sp1hrubieszow.pl\/index.php\/kronika-2019-2020\/szkolny-konkurs-poetycki-zlota-polska-jesien\/","title":{"rendered":"Szkolny Konkurs Poetycki &#8222;Z\u0142ota polska jesie\u0144&#8221;."},"content":{"rendered":"\n<p><span style=\"color: #000080;\">8 stycznia zosta\u0142 rozstrzygni\u0119ty Szkolny Konkurs Poetycki &#8222;Z\u0142ota polska jesie\u0144&#8221;. Nagrody <\/span><br><span style=\"color: #000080;\">i dyplomy laureatom i wyr\u00f3\u017cnionym wr\u0119cza\u0142a Pani Dyrektor Edyta Kucharska. Dzi\u0119kujemy uczestnikom i gratulujemy zwyci\u0119zcom!!!&nbsp;<\/span><\/p>\n<p><span style=\"color: #000080;\">I miejsce Lena Ni\u017anikowska klasa 5c,&nbsp;<\/span><\/p>\n<p><span style=\"color: #000080;\">II miejsce Antoni Panasewicz klasa 6c,<\/span><\/p>\n<p><span style=\"color: #000080;\">III miejsce Zuzanna Trze\u015bniowska klasa 6a;<\/span><\/p>\n<p><span style=\"color: #000080;\">wyr\u00f3\u017cnienia:<\/span><\/p>\n<p><span style=\"color: #000080;\">Dawid Kornaszewski klasa 4b,<\/span><\/p>\n<p><span style=\"color: #000080;\">Kacper Pasieka klasa 4b.<\/span><\/p>\nngg_shortcode_0_placeholder\n","protected":false},"excerpt":{"rendered":"<p>8 stycznia zosta\u0142 rozstrzygni\u0119ty Szkolny Konkurs Poetycki &#8222;Z\u0142ota polska jesie\u0144&#8221;. Nagrody i dyplomy laureatom i wyr\u00f3\u017cnionym wr\u0119cza\u0142a Pani Dyrektor Edyta Kucharska. Dzi\u0119kujemy uczestnikom i gratulujemy zwyci\u0119zcom!!!&nbsp; I miejsce Lena Ni\u017anikowska klasa 5c,&nbsp; II miejsce Antoni Panasewicz klasa 6c, III miejsce Zuzanna Trze\u015bniowska klasa 6a; wyr\u00f3\u017cnienia: Dawid Kornaszewski klasa 4b, Kacper Pasieka klasa 4b.<\/p>\n","protected":false},"author":4,"featured_media":0,"parent":2167,"menu_order":0,"comment_status":"closed","ping_status":"closed","template":"","meta":{"ngg_post_thumbnail":0,"footnotes":""},"class_list":["post-23986","page","type-page","status-publish","hentry"],"_links":{"self":[{"href":"https:\/\/sp1hrubieszow.pl\/index.php\/wp-json\/wp\/v2\/pages\/23986","targetHints":{"allow":["GET"]}}],"collection":[{"href":"https:\/\/sp1hrubieszow.pl\/index.php\/wp-json\/wp\/v2\/pages"}],"about":[{"href":"https:\/\/sp1hrubieszow.pl\/index.php\/wp-json\/wp\/v2\/types\/page"}],"author":[{"embeddable":true,"href":"https:\/\/sp1hrubieszow.pl\/index.php\/wp-json\/wp\/v2\/users\/4"}],"replies":[{"embeddable":true,"href":"https:\/\/sp1hrubieszow.pl\/index.php\/wp-json\/wp\/v2\/comments?post=23986"}],"version-history":[{"count":1,"href":"https:\/\/sp1hrubieszow.pl\/index.php\/wp-json\/wp\/v2\/pages\/23986\/revisions"}],"predecessor-version":[{"id":23987,"href":"https:\/\/sp1hrubieszow.pl\/index.php\/wp-json\/wp\/v2\/pages\/23986\/revisions\/23987"}],"up":[{"embeddable":true,"href":"https:\/\/sp1hrubieszow.pl\/index.php\/wp-json\/wp\/v2\/pages\/2167"}],"wp:attachment":[{"href":"https:\/\/sp1hrubieszow.pl\/index.php\/wp-json\/wp\/v2\/media?parent=23986"}],"curies":[{"name":"wp","href":"https:\/\/api.w.org\/{rel}","templated":true}]}}