{"id":23971,"date":"2024-01-10T20:44:37","date_gmt":"2024-01-10T19:44:37","guid":{"rendered":"https:\/\/sp1hrubieszow.pl\/?page_id=23971"},"modified":"2024-01-10T20:48:35","modified_gmt":"2024-01-10T19:48:35","slug":"niezapomniana-lekcja-obywatelska","status":"publish","type":"page","link":"https:\/\/sp1hrubieszow.pl\/index.php\/kronika-2020-2021\/niezapomniana-lekcja-obywatelska\/","title":{"rendered":"Niezapomniana lekcja obywatelska"},"content":{"rendered":"\n<p><span style=\"color: #000080;\">Uczniowie klasy 6b wraz z wychowawczyni\u0105 pani\u0105 Mart\u0105 Lackowsk\u0105 uczestniczyli w spotkaniu z Pani\u0105 Burmistrz Mart\u0105 Majewsk\u0105. M\u0142odzie\u017c mia\u0142a okazj\u0119 lepiej pozna\u0107 zasady funkcjonowania miasta oraz specyfik\u0119 pracy Pani Burmistrz, kt\u00f3ra odpowiada\u0142a na wszystkie liczne pytania. Tak napisa\u0142a o tym pani Marta Majewska: &#8222;Pytania jakie otrzyma\u0142am by\u0142y nadzwyczaj dojrza\u0142e i pokaza\u0142y, \u017ce m\u0142odzie\u017c bardzo interesuje si\u0119 tym co w trawie piszczy tak w naszym Hrubku, ale tak\u017ce i szerzej! I bardzo dobrze! \u015awiadomi i otwarci na wiedz\u0119 wyfruwaj\u0105 potem bez kompleks\u00f3w w wielki \u015bwiat! Brawooo m\u0142odzie\u017c!&#8221;<\/span><\/p>\n<p><span style=\"color: #000080;\">To by\u0142a niezapomniana lekcja obywatelska. Serdecznie dzi\u0119kujemy za spotkanie i liczymy, \u017ce teraz Pani Burmistrz &#8211; zgodnie z obietnic\u0105 &#8211; odwiedzi nasza klas\u0119.&nbsp;&nbsp;<\/span><\/p>\n<p><span style=\"color: #000080;\">\u017ar\u00f3d\u0142o zdj\u0119\u0107 &#8211; Hrubiesz\u00f3w Miasto z Klimatem<\/span><\/p>\nngg_shortcode_0_placeholder\n","protected":false},"excerpt":{"rendered":"<p>Uczniowie klasy 6b wraz z wychowawczyni\u0105 pani\u0105 Mart\u0105 Lackowsk\u0105 uczestniczyli w spotkaniu z Pani\u0105 Burmistrz Mart\u0105 Majewsk\u0105. M\u0142odzie\u017c mia\u0142a okazj\u0119 lepiej pozna\u0107 zasady funkcjonowania miasta oraz specyfik\u0119 pracy Pani Burmistrz, kt\u00f3ra odpowiada\u0142a na wszystkie liczne pytania. Tak napisa\u0142a o tym pani Marta Majewska: &#8222;Pytania jakie otrzyma\u0142am by\u0142y nadzwyczaj dojrza\u0142e i pokaza\u0142y, \u017ce m\u0142odzie\u017c bardzo interesuje [&hellip;]<\/p>\n","protected":false},"author":2,"featured_media":0,"parent":5983,"menu_order":0,"comment_status":"closed","ping_status":"closed","template":"","meta":{"ngg_post_thumbnail":0,"footnotes":""},"class_list":["post-23971","page","type-page","status-publish","hentry"],"_links":{"self":[{"href":"https:\/\/sp1hrubieszow.pl\/index.php\/wp-json\/wp\/v2\/pages\/23971","targetHints":{"allow":["GET"]}}],"collection":[{"href":"https:\/\/sp1hrubieszow.pl\/index.php\/wp-json\/wp\/v2\/pages"}],"about":[{"href":"https:\/\/sp1hrubieszow.pl\/index.php\/wp-json\/wp\/v2\/types\/page"}],"author":[{"embeddable":true,"href":"https:\/\/sp1hrubieszow.pl\/index.php\/wp-json\/wp\/v2\/users\/2"}],"replies":[{"embeddable":true,"href":"https:\/\/sp1hrubieszow.pl\/index.php\/wp-json\/wp\/v2\/comments?post=23971"}],"version-history":[{"count":2,"href":"https:\/\/sp1hrubieszow.pl\/index.php\/wp-json\/wp\/v2\/pages\/23971\/revisions"}],"predecessor-version":[{"id":23976,"href":"https:\/\/sp1hrubieszow.pl\/index.php\/wp-json\/wp\/v2\/pages\/23971\/revisions\/23976"}],"up":[{"embeddable":true,"href":"https:\/\/sp1hrubieszow.pl\/index.php\/wp-json\/wp\/v2\/pages\/5983"}],"wp:attachment":[{"href":"https:\/\/sp1hrubieszow.pl\/index.php\/wp-json\/wp\/v2\/media?parent=23971"}],"curies":[{"name":"wp","href":"https:\/\/api.w.org\/{rel}","templated":true}]}}