{"id":23916,"date":"2024-01-08T16:55:44","date_gmt":"2024-01-08T15:55:44","guid":{"rendered":"https:\/\/sp1hrubieszow.pl\/?page_id=23916"},"modified":"2024-01-08T16:57:02","modified_gmt":"2024-01-08T15:57:02","slug":"hola-espana-spotkania-informacyje","status":"publish","type":"page","link":"https:\/\/sp1hrubieszow.pl\/index.php\/kronika-2020-2021\/hola-espana-spotkania-informacyje\/","title":{"rendered":"&#8222;Hola Espa\u00f1a!&#8221; &#8211; spotkania informacyje"},"content":{"rendered":"\n<p><span style=\"color: #000080;\">Nasz pierwszy wyjazd do Hiszpanii&nbsp; w ramach projektu &#8222;Hola Espa\u00f1a! Rozwijanie <\/span><br><span style=\"color: #000080;\">kompetencji uczni\u00f3w Szko\u0142y Podstawowej im. B. Prusa w Hrubieszowie&#8221; zbli\u017ca si\u0119 wielkimi krokami. Ju\u017c po feriach zimowych pierwsze grupy projektowe wyrusz\u0105 w niezapomnian\u0105 podr\u00f3\u017c. W zwi\u0105zku z tym w ubieg\u0142ym tygodniu odby\u0142y si\u0119 spotkania informacyjne dla&nbsp; uczestnik\u00f3w projektu oraz dla ich rodzic\u00f3w. Spotkania prowadzi\u0142a pani Agnieszka Zaj\u0105c z Fundacji inCREA.&nbsp;<\/span><\/p>\n<p><span style=\"color: #000080;\">Teraz przed nami zaj\u0119cia przygotowawcze z j\u0119zyka angielskiego, j\u0119zyka hiszpa\u0144skiego, zaj\u0119cia kulturowe oraz spotkania organizacyjne. Wszyscy jeste\u015bmy bardzo podekscytowani i z rado\u015bci\u0105 podejmujemy si\u0119 realizacji projektu.&nbsp;<\/span><\/p>\n<h1><span style=\"color: #000080;\"><strong><a style=\"color: #000080;\" href=\"http:\/\/sp1hrubieszow.pl\/wp-content\/uploads\/2024\/01\/Prezentacja-SP-w-Hrubieszow-1.pdf\">PREZENTACJA<\/a><\/strong><\/span><\/h1>\nngg_shortcode_0_placeholder\n","protected":false},"excerpt":{"rendered":"<p>Nasz pierwszy wyjazd do Hiszpanii&nbsp; w ramach projektu &#8222;Hola Espa\u00f1a! Rozwijanie kompetencji uczni\u00f3w Szko\u0142y Podstawowej im. B. Prusa w Hrubieszowie&#8221; zbli\u017ca si\u0119 wielkimi krokami. Ju\u017c po feriach zimowych pierwsze grupy projektowe wyrusz\u0105 w niezapomnian\u0105 podr\u00f3\u017c. W zwi\u0105zku z tym w ubieg\u0142ym tygodniu odby\u0142y si\u0119 spotkania informacyjne dla&nbsp; uczestnik\u00f3w projektu oraz dla ich rodzic\u00f3w. Spotkania prowadzi\u0142a [&hellip;]<\/p>\n","protected":false},"author":2,"featured_media":0,"parent":5983,"menu_order":0,"comment_status":"closed","ping_status":"closed","template":"","meta":{"ngg_post_thumbnail":0,"footnotes":""},"class_list":["post-23916","page","type-page","status-publish","hentry"],"_links":{"self":[{"href":"https:\/\/sp1hrubieszow.pl\/index.php\/wp-json\/wp\/v2\/pages\/23916","targetHints":{"allow":["GET"]}}],"collection":[{"href":"https:\/\/sp1hrubieszow.pl\/index.php\/wp-json\/wp\/v2\/pages"}],"about":[{"href":"https:\/\/sp1hrubieszow.pl\/index.php\/wp-json\/wp\/v2\/types\/page"}],"author":[{"embeddable":true,"href":"https:\/\/sp1hrubieszow.pl\/index.php\/wp-json\/wp\/v2\/users\/2"}],"replies":[{"embeddable":true,"href":"https:\/\/sp1hrubieszow.pl\/index.php\/wp-json\/wp\/v2\/comments?post=23916"}],"version-history":[{"count":2,"href":"https:\/\/sp1hrubieszow.pl\/index.php\/wp-json\/wp\/v2\/pages\/23916\/revisions"}],"predecessor-version":[{"id":23927,"href":"https:\/\/sp1hrubieszow.pl\/index.php\/wp-json\/wp\/v2\/pages\/23916\/revisions\/23927"}],"up":[{"embeddable":true,"href":"https:\/\/sp1hrubieszow.pl\/index.php\/wp-json\/wp\/v2\/pages\/5983"}],"wp:attachment":[{"href":"https:\/\/sp1hrubieszow.pl\/index.php\/wp-json\/wp\/v2\/media?parent=23916"}],"curies":[{"name":"wp","href":"https:\/\/api.w.org\/{rel}","templated":true}]}}