{"id":23907,"date":"2024-01-08T16:16:47","date_gmt":"2024-01-08T15:16:47","guid":{"rendered":"https:\/\/sp1hrubieszow.pl\/?page_id=23907"},"modified":"2024-01-08T16:20:08","modified_gmt":"2024-01-08T15:20:08","slug":"warsztaty-i-wsparcie-psychologiczno-pedagogiczne-dla-rodzicow-cztery-pory-roku-z-madrymi-rodzicami2024-zapisy-na-warsztaty","status":"publish","type":"page","link":"https:\/\/sp1hrubieszow.pl\/index.php\/kronika-2020-2021\/warsztaty-i-wsparcie-psychologiczno-pedagogiczne-dla-rodzicow-cztery-pory-roku-z-madrymi-rodzicami2024-zapisy-na-warsztaty\/","title":{"rendered":"Warsztaty i wsparcie psychologiczno-pedagogiczne dla rodzic\u00f3w \u201eCztery Pory Roku z M\u0105drymi Rodzicami\u20192024\u201d. Zapisy na warsztaty"},"content":{"rendered":"\n<p><span style=\"color: #000080;\">Ruszaj\u0105 zapisy na bezp\u0142atne warsztaty dla rodzic\u00f3w \u201eCztery Pory Roku z M\u0105drymi Rodzicami. Warsztaty i wsparcie psychologiczno-pedagogiczne dla rodzic\u00f3w\u201d. Program wspieraj\u0105cy rodzic\u00f3w, sfinansowany jest ze \u015brodk\u00f3w Gminy Miejskiej Hrubiesz\u00f3w i b\u0119dzie realizowany w miesi\u0105cach II-VI.2024r. oraz IX-XII.2024r. na terenie Szko\u0142y Podstawowej Nr 1 w Hrubieszowie. Zaj\u0119cia odbywaj\u0105 si\u0119 jeden raz w miesi\u0105cu, w pi\u0105tkowe popo\u0142udnie i sk\u0142adaj\u0105 si\u0119 na nie: warsztaty kompetencji wychowawczych, szkolenia, wyk\u0142ady, prezentacje, rodzicielska grupa wsparcia oraz konsultacje indywidualne z psychologiem i pedagogiem-terapeut\u0105, prowadz\u0105cymi zaj\u0119cia. Baz\u0119 merytoryczna warsztat\u00f3w oparto na programach takich jak: \u201eM\u0105drzy Rodzice\u201d oraz \u201eSzko\u0142a dla Rodzic\u00f3w i Wychowawc\u00f3w\u201d. Innowacyjn\u0105 formu\u0142\u0119 warsztat\u00f3w, wzbogacono o elementy zyskuj\u0105cego na popularno\u015bci programu \u201ePozytywna Dyscyplina\u201d, kt\u00f3ry uczy rodzic\u00f3w jak skutecznie i m\u0105drze egzekwowa\u0107 zasady, czyni\u0105c to w atmosferze szacunku oraz wyposa\u017ca rodzica w konkretne narz\u0119dzia, sprawdzaj\u0105ce si\u0119 w \u017cyciu codziennym, podczas rodzicielskich wyzwa\u0144.<\/span><\/p>\n<p><span style=\"color: #000080;\"><strong>Rodzicu! Je\u015bli chcesz zyska\u0107 nowe spojrzenie i pog\u0142\u0119bienie wiedzy, dotycz\u0105cej wychowania, szukasz pomys\u0142u na to, jak m\u00f3wi\u0107 do dziecka, \u017ceby z Tob\u0105 wsp\u00f3\u0142pracowa\u0142o, masz dobry kontakt z dzieckiem, ale chcesz czego\u015b wi\u0119cej\u2026 te warsztaty s\u0105 dla Ciebie<\/strong><\/span><\/p>\n<p><span style=\"color: #000080;\"><strong>Zapisy:<\/strong> e-mail: <a style=\"color: #000080;\" href=\"mailto:czteryporyroku.rodzice@gmail.com\">czteryporyroku.rodzice@gmail.com<\/a>&nbsp;&nbsp;&nbsp; numer tel. 846962074<\/span><\/p>\n<p><span style=\"color: #000080;\">Szko\u0142a Podstawowa nr 1 im. Boles\u0142awa Prusa w Hrubieszowie, ul. Listopadowa 12<\/span><\/p>\n<p><span style=\"color: #000080;\">Ilo\u015b\u0107 miejsc ograniczona, po wyczerpaniu limitu miejsc, prowadzone s\u0105 zapisy na list\u0119 rezerwow\u0105.<\/span><\/p>\n<p><span style=\"color: #000080;\">Rozpocz\u0119cie warsztat\u00f3w: druga po\u0142owa lutego 2024r.<\/span><\/p>\n<p><span style=\"color: #000080;\">Koordynator warsztat\u00f3w: Marta Kuczy\u0144ska<\/span><\/p>\n<p>&nbsp;<\/p>\nngg_shortcode_0_placeholder\n","protected":false},"excerpt":{"rendered":"<p>Ruszaj\u0105 zapisy na bezp\u0142atne warsztaty dla rodzic\u00f3w \u201eCztery Pory Roku z M\u0105drymi Rodzicami. Warsztaty i wsparcie psychologiczno-pedagogiczne dla rodzic\u00f3w\u201d. Program wspieraj\u0105cy rodzic\u00f3w, sfinansowany jest ze \u015brodk\u00f3w Gminy Miejskiej Hrubiesz\u00f3w i b\u0119dzie realizowany w miesi\u0105cach II-VI.2024r. oraz IX-XII.2024r. na terenie Szko\u0142y Podstawowej Nr 1 w Hrubieszowie. Zaj\u0119cia odbywaj\u0105 si\u0119 jeden raz w miesi\u0105cu, w pi\u0105tkowe popo\u0142udnie [&hellip;]<\/p>\n","protected":false},"author":2,"featured_media":0,"parent":5983,"menu_order":0,"comment_status":"closed","ping_status":"closed","template":"","meta":{"ngg_post_thumbnail":0,"footnotes":""},"class_list":["post-23907","page","type-page","status-publish","hentry"],"_links":{"self":[{"href":"https:\/\/sp1hrubieszow.pl\/index.php\/wp-json\/wp\/v2\/pages\/23907","targetHints":{"allow":["GET"]}}],"collection":[{"href":"https:\/\/sp1hrubieszow.pl\/index.php\/wp-json\/wp\/v2\/pages"}],"about":[{"href":"https:\/\/sp1hrubieszow.pl\/index.php\/wp-json\/wp\/v2\/types\/page"}],"author":[{"embeddable":true,"href":"https:\/\/sp1hrubieszow.pl\/index.php\/wp-json\/wp\/v2\/users\/2"}],"replies":[{"embeddable":true,"href":"https:\/\/sp1hrubieszow.pl\/index.php\/wp-json\/wp\/v2\/comments?post=23907"}],"version-history":[{"count":3,"href":"https:\/\/sp1hrubieszow.pl\/index.php\/wp-json\/wp\/v2\/pages\/23907\/revisions"}],"predecessor-version":[{"id":23914,"href":"https:\/\/sp1hrubieszow.pl\/index.php\/wp-json\/wp\/v2\/pages\/23907\/revisions\/23914"}],"up":[{"embeddable":true,"href":"https:\/\/sp1hrubieszow.pl\/index.php\/wp-json\/wp\/v2\/pages\/5983"}],"wp:attachment":[{"href":"https:\/\/sp1hrubieszow.pl\/index.php\/wp-json\/wp\/v2\/media?parent=23907"}],"curies":[{"name":"wp","href":"https:\/\/api.w.org\/{rel}","templated":true}]}}