{"id":23900,"date":"2024-01-07T16:33:41","date_gmt":"2024-01-07T15:33:41","guid":{"rendered":"https:\/\/sp1hrubieszow.pl\/?page_id=23900"},"modified":"2024-01-07T16:33:41","modified_gmt":"2024-01-07T15:33:41","slug":"quiz-wiedzy-o-swietach-bozego-narodzenia-w-wielkiej-brytanii","status":"publish","type":"page","link":"https:\/\/sp1hrubieszow.pl\/index.php\/kronika-2019-2020\/quiz-wiedzy-o-swietach-bozego-narodzenia-w-wielkiej-brytanii\/","title":{"rendered":"Quiz wiedzy o \u015awi\u0119tach Bo\u017cego Narodzenia w Wielkiej Brytanii"},"content":{"rendered":"\n<p><span style=\"color: #000080;\">Uczniowie Pani Ilony Winogrodzkiej na lekcjach j\u0119zyka angielskiego rozwi\u0105zywali quiz wiedzy na temat tradycji i zwyczaj\u00f3w bo\u017conarodzeniowych obchodzonych przez Brytyjczyk\u00f3w.<\/span><\/p>\n<p><span style=\"color: #000080;\">Najwy\u017cszy wynik uzyska\u0142y Wiktoria Dynkiewicz z klasy 7b oraz Izabela Jankowska z klasy 8a. Gratulujemy i \u017cyczymy dalszych sukces\u00f3w&nbsp;w nauce j\u0119zyka angielskiego:)<\/span><\/p>\nngg_shortcode_0_placeholder\n","protected":false},"excerpt":{"rendered":"<p>Uczniowie Pani Ilony Winogrodzkiej na lekcjach j\u0119zyka angielskiego rozwi\u0105zywali quiz wiedzy na temat tradycji i zwyczaj\u00f3w bo\u017conarodzeniowych obchodzonych przez Brytyjczyk\u00f3w. Najwy\u017cszy wynik uzyska\u0142y Wiktoria Dynkiewicz z klasy 7b oraz Izabela Jankowska z klasy 8a. Gratulujemy i \u017cyczymy dalszych sukces\u00f3w&nbsp;w nauce j\u0119zyka angielskiego:)<\/p>\n","protected":false},"author":4,"featured_media":0,"parent":2167,"menu_order":0,"comment_status":"closed","ping_status":"closed","template":"","meta":{"ngg_post_thumbnail":0,"footnotes":""},"class_list":["post-23900","page","type-page","status-publish","hentry"],"_links":{"self":[{"href":"https:\/\/sp1hrubieszow.pl\/index.php\/wp-json\/wp\/v2\/pages\/23900","targetHints":{"allow":["GET"]}}],"collection":[{"href":"https:\/\/sp1hrubieszow.pl\/index.php\/wp-json\/wp\/v2\/pages"}],"about":[{"href":"https:\/\/sp1hrubieszow.pl\/index.php\/wp-json\/wp\/v2\/types\/page"}],"author":[{"embeddable":true,"href":"https:\/\/sp1hrubieszow.pl\/index.php\/wp-json\/wp\/v2\/users\/4"}],"replies":[{"embeddable":true,"href":"https:\/\/sp1hrubieszow.pl\/index.php\/wp-json\/wp\/v2\/comments?post=23900"}],"version-history":[{"count":2,"href":"https:\/\/sp1hrubieszow.pl\/index.php\/wp-json\/wp\/v2\/pages\/23900\/revisions"}],"predecessor-version":[{"id":23902,"href":"https:\/\/sp1hrubieszow.pl\/index.php\/wp-json\/wp\/v2\/pages\/23900\/revisions\/23902"}],"up":[{"embeddable":true,"href":"https:\/\/sp1hrubieszow.pl\/index.php\/wp-json\/wp\/v2\/pages\/2167"}],"wp:attachment":[{"href":"https:\/\/sp1hrubieszow.pl\/index.php\/wp-json\/wp\/v2\/media?parent=23900"}],"curies":[{"name":"wp","href":"https:\/\/api.w.org\/{rel}","templated":true}]}}