{"id":2390,"date":"2019-10-20T13:51:44","date_gmt":"2019-10-20T11:51:44","guid":{"rendered":"http:\/\/sp1.hrubieszow.info\/?page_id=2390"},"modified":"2019-10-20T13:54:34","modified_gmt":"2019-10-20T11:54:34","slug":"wycieczka-sladami-jana-kochanowskiego","status":"publish","type":"page","link":"https:\/\/sp1hrubieszow.pl\/index.php\/kronika-2019-2020\/wycieczka-sladami-jana-kochanowskiego\/","title":{"rendered":"Wycieczka \u2013 \u015bladami Jana Kochanowskiego"},"content":{"rendered":"\n<p><span style=\"font-family: Arial, sans-serif; color: #000080;\"><span style=\"font-size: medium;\">Dnia 18.10.2019 r. uczniowie z klas 7a, 7b, 7c udali si\u0119 na wycieczk\u0119 do Czarnolasu i Zwolenia. Opiekunami podczas tego wyjazdu by\u0142y: p. J.Filipowicz, p. M. Lackowska oraz p. I. Winogrodzka.<\/span><\/span><\/p>\n<p><span style=\"font-family: Arial, sans-serif; color: #000080;\"><span style=\"font-size: medium;\"> Pierwszym punktem wycieczki by\u0142o Muzeum Jana Kochanowskiego w Czarnolesie, w kt\u00f3rym znajduj\u0105 si\u0119 pami\u0105tki po wielkim poecie oraz ekspozycja jego dzie\u0142. Nast\u0119pnie pojechali\u015bmy do Centrum Regionalnego przy nekropolii Jana Kochanowskiego w Zwoleniu. <\/span><\/span><\/p>\n<p><span style=\"font-family: Arial, sans-serif; color: #000080;\"><span style=\"font-size: medium;\"> Po zako\u0144czonym zwiedzaniu uczniowie udali si\u0119 na pocz\u0119stunek do restauracji McDonald\u2019s. Wszyscy pe\u0142ni wra\u017ce\u0144 wr\u00f3cili\u015bmy do dom\u00f3w.<\/span><\/span><\/p>\nngg_shortcode_0_placeholder\n","protected":false},"excerpt":{"rendered":"<p>Dnia 18.10.2019 r. uczniowie z klas 7a, 7b, 7c udali si\u0119 na wycieczk\u0119 do Czarnolasu i Zwolenia. Opiekunami podczas tego wyjazdu by\u0142y: p. J.Filipowicz, p. M. Lackowska oraz p. I. Winogrodzka. Pierwszym punktem wycieczki by\u0142o Muzeum Jana Kochanowskiego w Czarnolesie, w kt\u00f3rym znajduj\u0105 si\u0119 pami\u0105tki po wielkim poecie oraz ekspozycja jego dzie\u0142. Nast\u0119pnie pojechali\u015bmy do [&hellip;]<\/p>\n","protected":false},"author":2,"featured_media":0,"parent":2167,"menu_order":0,"comment_status":"closed","ping_status":"closed","template":"","meta":{"ngg_post_thumbnail":0,"footnotes":""},"class_list":["post-2390","page","type-page","status-publish","hentry"],"_links":{"self":[{"href":"https:\/\/sp1hrubieszow.pl\/index.php\/wp-json\/wp\/v2\/pages\/2390","targetHints":{"allow":["GET"]}}],"collection":[{"href":"https:\/\/sp1hrubieszow.pl\/index.php\/wp-json\/wp\/v2\/pages"}],"about":[{"href":"https:\/\/sp1hrubieszow.pl\/index.php\/wp-json\/wp\/v2\/types\/page"}],"author":[{"embeddable":true,"href":"https:\/\/sp1hrubieszow.pl\/index.php\/wp-json\/wp\/v2\/users\/2"}],"replies":[{"embeddable":true,"href":"https:\/\/sp1hrubieszow.pl\/index.php\/wp-json\/wp\/v2\/comments?post=2390"}],"version-history":[{"count":2,"href":"https:\/\/sp1hrubieszow.pl\/index.php\/wp-json\/wp\/v2\/pages\/2390\/revisions"}],"predecessor-version":[{"id":2394,"href":"https:\/\/sp1hrubieszow.pl\/index.php\/wp-json\/wp\/v2\/pages\/2390\/revisions\/2394"}],"up":[{"embeddable":true,"href":"https:\/\/sp1hrubieszow.pl\/index.php\/wp-json\/wp\/v2\/pages\/2167"}],"wp:attachment":[{"href":"https:\/\/sp1hrubieszow.pl\/index.php\/wp-json\/wp\/v2\/media?parent=2390"}],"curies":[{"name":"wp","href":"https:\/\/api.w.org\/{rel}","templated":true}]}}