{"id":23880,"date":"2024-01-04T20:07:55","date_gmt":"2024-01-04T19:07:55","guid":{"rendered":"https:\/\/sp1hrubieszow.pl\/?page_id=23880"},"modified":"2024-01-04T20:08:22","modified_gmt":"2024-01-04T19:08:22","slug":"wygrac-raz-ale-dwa","status":"publish","type":"page","link":"https:\/\/sp1hrubieszow.pl\/index.php\/kronika-2020-2021\/wygrac-raz-ale-dwa\/","title":{"rendered":"Wygra\u0107 raz\u2026 ale dwa!!!!"},"content":{"rendered":"\n<div dir=\"auto\"><span style=\"color: #000080;\">Wielkim sukcesem po raz drugi mog\u0105 pochwali\u0107 si\u0119 uczniowie SP1 w Hrubieszowie.<\/span><\/div>\n<div dir=\"auto\"><span style=\"color: #000080;\">Niespe\u0142na rok temu klasa 8a pod opiek\u0105 pani Ma\u0142gorzaty Greszety zosta\u0142a laureatem konkursu ZTU na najlepszy film pod has\u0142em NIE CZAS NA NUD\u0118!., a ju\u017c w roku 2023 powt\u00f3rzony zosta\u0142 ten sukces poniewa\u017c cz\u0142onkowie Szkolnego Ko\u0142a Wolontariatu pod opiek\u0105 pani Anny Karkuszewskiej i pani Ma\u0142gorzaty Greszety zostali laureatami konkursu na najciekawsze zdj\u0119cie pod has\u0142em W ZDROWYM CIELE, ZDROWY DUCH.<\/span><\/div>\n<div dir=\"auto\"><span style=\"color: #000080;\">Za\u0142o\u017cenia konkursu przewidywa\u0142y dowoln\u0105 interpretacj\u0119 has\u0142a w formie samodzielnie wykonanej fotografii, kt\u00f3ra dotychczas nigdzie nie by\u0142a prezentowana i stanowi autorski projekt.<\/span><\/div>\n<div dir=\"auto\"><span style=\"color: #000080;\">Przyzna\u0107 musimy, \u017ce w realizacji tego przedsi\u0119wzi\u0119cia pomagali nam:<\/span><\/div>\n<div dir=\"auto\"><span style=\"color: #000080;\">Pan konserwator &#8211; Marek Lackowski<\/span><\/div>\n<div dir=\"auto\"><span style=\"color: #000080;\">Pani intendentka \u2013 Zdzis\u0142awa Giergiel oraz wszystkie Panie Kucharki, kt\u00f3re przygotowa\u0142y nam potrzebne warzywa i owoce.<\/span><\/div>\n<div dir=\"auto\"><span style=\"color: #000080;\">Oto efekt naszej wsp\u00f3\u0142pracy. Bardzo jeste\u015bmy z siebie dumni. Dzi\u0119kujemy.<\/span><\/div>\n<div dir=\"auto\">\nngg_shortcode_0_placeholder\n<\/div>\n","protected":false},"excerpt":{"rendered":"<p>Wielkim sukcesem po raz drugi mog\u0105 pochwali\u0107 si\u0119 uczniowie SP1 w Hrubieszowie. Niespe\u0142na rok temu klasa 8a pod opiek\u0105 pani Ma\u0142gorzaty Greszety zosta\u0142a laureatem konkursu ZTU na najlepszy film pod has\u0142em NIE CZAS NA NUD\u0118!., a ju\u017c w roku 2023 powt\u00f3rzony zosta\u0142 ten sukces poniewa\u017c cz\u0142onkowie Szkolnego Ko\u0142a Wolontariatu pod opiek\u0105 pani Anny Karkuszewskiej i [&hellip;]<\/p>\n","protected":false},"author":2,"featured_media":0,"parent":5983,"menu_order":0,"comment_status":"closed","ping_status":"closed","template":"","meta":{"ngg_post_thumbnail":0,"footnotes":""},"class_list":["post-23880","page","type-page","status-publish","hentry"],"_links":{"self":[{"href":"https:\/\/sp1hrubieszow.pl\/index.php\/wp-json\/wp\/v2\/pages\/23880","targetHints":{"allow":["GET"]}}],"collection":[{"href":"https:\/\/sp1hrubieszow.pl\/index.php\/wp-json\/wp\/v2\/pages"}],"about":[{"href":"https:\/\/sp1hrubieszow.pl\/index.php\/wp-json\/wp\/v2\/types\/page"}],"author":[{"embeddable":true,"href":"https:\/\/sp1hrubieszow.pl\/index.php\/wp-json\/wp\/v2\/users\/2"}],"replies":[{"embeddable":true,"href":"https:\/\/sp1hrubieszow.pl\/index.php\/wp-json\/wp\/v2\/comments?post=23880"}],"version-history":[{"count":1,"href":"https:\/\/sp1hrubieszow.pl\/index.php\/wp-json\/wp\/v2\/pages\/23880\/revisions"}],"predecessor-version":[{"id":23881,"href":"https:\/\/sp1hrubieszow.pl\/index.php\/wp-json\/wp\/v2\/pages\/23880\/revisions\/23881"}],"up":[{"embeddable":true,"href":"https:\/\/sp1hrubieszow.pl\/index.php\/wp-json\/wp\/v2\/pages\/5983"}],"wp:attachment":[{"href":"https:\/\/sp1hrubieszow.pl\/index.php\/wp-json\/wp\/v2\/media?parent=23880"}],"curies":[{"name":"wp","href":"https:\/\/api.w.org\/{rel}","templated":true}]}}