{"id":23867,"date":"2024-01-03T20:07:35","date_gmt":"2024-01-03T19:07:35","guid":{"rendered":"https:\/\/sp1hrubieszow.pl\/?page_id=23867"},"modified":"2024-01-03T21:29:24","modified_gmt":"2024-01-03T20:29:24","slug":"konkurs-na-najpiekniejszy-stroik-bozonarodzeniowy","status":"publish","type":"page","link":"https:\/\/sp1hrubieszow.pl\/index.php\/kronika-2019-2020\/konkurs-na-najpiekniejszy-stroik-bozonarodzeniowy\/","title":{"rendered":"Konkurs na najpi\u0119kniejszy stroik bo\u017conarodzeniowy"},"content":{"rendered":"\n<p><span style=\"color: #000080;\">19 grudnia 2023 roku&nbsp; w naszej szkole zosta\u0142 rozstrzygni\u0119ty Konkurs na najpi\u0119kniejszy stroik bo\u017conarodzeniowy. Nagrody i dyplomy laureatom wr\u0119cza\u0142a Pani Dyrektor Ewa Szostak.<\/span><\/p>\n<p><span style=\"color: #000080;\">I miejsce Remigiusz Dziadosz kl.5a,<\/span><\/p>\n<p><span style=\"color: #000080;\">II miejsce Jowita Herda ml. 1c,<\/span><\/p>\n<p><span style=\"color: #000080;\">III miejsce Gabriela Wojtiuk kl.3a;<\/span><\/p>\n<p><span style=\"color: #000080;\">wyr\u00f3\u017cnienia:<\/span><\/p>\n<p><span style=\"color: #000080;\">Jakub W\u00f3jcik kl. 3b,<\/span><\/p>\n<p><span style=\"color: #000080;\">Helena Lachowicz kl.4b,<\/span><\/p>\n<p><span style=\"color: #000080;\">Hubert Prokop kl.2a,<\/span><\/p>\n<p><span style=\"color: #000080;\">&nbsp;Dawid Go\u0142\u0119biowski kl. 3b,<\/span><\/p>\n<p><span style=\"color: #000080;\">Franciszek Socha kl.3a,<\/span><\/p>\n<p><span style=\"color: #000080;\">Nikola G\u0142owacz 1b,<\/span><\/p>\n<p><span style=\"color: #000080;\">&nbsp;R\u00f3\u017ca R\u00f3\u017ca\u0144ska kl.1b.&nbsp;<\/span><\/p>\n<p><span style=\"color: #000080;\">Serdecznie dzi\u0119kujemy za udzia\u0142 w konkursie wszystkim uczniom. Przepi\u0119kne stroiki zosta\u0142y sprzedane na kiermaszu bo\u017conarodzeniowym. Uzyskanie fundusze zostan\u0105 przeznaczone <\/span><br><span style=\"color: #000080;\">na potrzeby szko\u0142y.<\/span><\/p>\n<p><span style=\"color: #000080;\">Aneta Rycerz<\/span><\/p>\nngg_shortcode_0_placeholder\n","protected":false},"excerpt":{"rendered":"<p>19 grudnia 2023 roku&nbsp; w naszej szkole zosta\u0142 rozstrzygni\u0119ty Konkurs na najpi\u0119kniejszy stroik bo\u017conarodzeniowy. Nagrody i dyplomy laureatom wr\u0119cza\u0142a Pani Dyrektor Ewa Szostak. I miejsce Remigiusz Dziadosz kl.5a, II miejsce Jowita Herda ml. 1c, III miejsce Gabriela Wojtiuk kl.3a; wyr\u00f3\u017cnienia: Jakub W\u00f3jcik kl. 3b, Helena Lachowicz kl.4b, Hubert Prokop kl.2a, &nbsp;Dawid Go\u0142\u0119biowski kl. 3b, Franciszek [&hellip;]<\/p>\n","protected":false},"author":4,"featured_media":0,"parent":2167,"menu_order":0,"comment_status":"closed","ping_status":"closed","template":"","meta":{"ngg_post_thumbnail":0,"footnotes":""},"class_list":["post-23867","page","type-page","status-publish","hentry"],"_links":{"self":[{"href":"https:\/\/sp1hrubieszow.pl\/index.php\/wp-json\/wp\/v2\/pages\/23867","targetHints":{"allow":["GET"]}}],"collection":[{"href":"https:\/\/sp1hrubieszow.pl\/index.php\/wp-json\/wp\/v2\/pages"}],"about":[{"href":"https:\/\/sp1hrubieszow.pl\/index.php\/wp-json\/wp\/v2\/types\/page"}],"author":[{"embeddable":true,"href":"https:\/\/sp1hrubieszow.pl\/index.php\/wp-json\/wp\/v2\/users\/4"}],"replies":[{"embeddable":true,"href":"https:\/\/sp1hrubieszow.pl\/index.php\/wp-json\/wp\/v2\/comments?post=23867"}],"version-history":[{"count":4,"href":"https:\/\/sp1hrubieszow.pl\/index.php\/wp-json\/wp\/v2\/pages\/23867\/revisions"}],"predecessor-version":[{"id":23876,"href":"https:\/\/sp1hrubieszow.pl\/index.php\/wp-json\/wp\/v2\/pages\/23867\/revisions\/23876"}],"up":[{"embeddable":true,"href":"https:\/\/sp1hrubieszow.pl\/index.php\/wp-json\/wp\/v2\/pages\/2167"}],"wp:attachment":[{"href":"https:\/\/sp1hrubieszow.pl\/index.php\/wp-json\/wp\/v2\/media?parent=23867"}],"curies":[{"name":"wp","href":"https:\/\/api.w.org\/{rel}","templated":true}]}}