{"id":23851,"date":"2024-01-03T18:02:00","date_gmt":"2024-01-03T17:02:00","guid":{"rendered":"https:\/\/sp1hrubieszow.pl\/?page_id=23851"},"modified":"2024-01-03T18:07:23","modified_gmt":"2024-01-03T17:07:23","slug":"bohateron-w-twojej-szkole-2023-2","status":"publish","type":"page","link":"https:\/\/sp1hrubieszow.pl\/index.php\/kronika-2020-2021\/bohateron-w-twojej-szkole-2023-2\/","title":{"rendered":"BohaterON w Twojej Szkole 2023"},"content":{"rendered":"\n\n\n<p><span style=\"color: #000080;\">Szko\u0142a Podstawowa Nr 1 im. Boles\u0142awa Prusa w Hrubieszowie otrzyma\u0142a dyplom za zaanga\u017cowanie w akcj\u0119 upami\u0119tniaj\u0105c\u0105 bohater\u00f3w Powstania Warszawskiego. Akcja pod nazw\u0105: BohaterON w Twojej Szkole 2023 by\u0142a dla nas okazj\u0105 do piel\u0119gnowania pami\u0119ci o Powsta\u0144cach walcz\u0105cych o wolno\u015b\u0107 naszej Ojczyzny Polski.<\/span><\/p>\n\n\n\nngg_shortcode_0_placeholder\n","protected":false},"excerpt":{"rendered":"<p>Szko\u0142a Podstawowa Nr 1 im. Boles\u0142awa Prusa w Hrubieszowie otrzyma\u0142a dyplom za zaanga\u017cowanie w akcj\u0119 upami\u0119tniaj\u0105c\u0105 bohater\u00f3w Powstania Warszawskiego. Akcja pod nazw\u0105: BohaterON w Twojej Szkole 2023 by\u0142a dla nas okazj\u0105 do piel\u0119gnowania pami\u0119ci o Powsta\u0144cach walcz\u0105cych o wolno\u015b\u0107 naszej Ojczyzny Polski.<\/p>\n","protected":false},"author":2,"featured_media":0,"parent":5983,"menu_order":0,"comment_status":"closed","ping_status":"closed","template":"","meta":{"ngg_post_thumbnail":0,"footnotes":""},"class_list":["post-23851","page","type-page","status-publish","hentry"],"_links":{"self":[{"href":"https:\/\/sp1hrubieszow.pl\/index.php\/wp-json\/wp\/v2\/pages\/23851","targetHints":{"allow":["GET"]}}],"collection":[{"href":"https:\/\/sp1hrubieszow.pl\/index.php\/wp-json\/wp\/v2\/pages"}],"about":[{"href":"https:\/\/sp1hrubieszow.pl\/index.php\/wp-json\/wp\/v2\/types\/page"}],"author":[{"embeddable":true,"href":"https:\/\/sp1hrubieszow.pl\/index.php\/wp-json\/wp\/v2\/users\/2"}],"replies":[{"embeddable":true,"href":"https:\/\/sp1hrubieszow.pl\/index.php\/wp-json\/wp\/v2\/comments?post=23851"}],"version-history":[{"count":2,"href":"https:\/\/sp1hrubieszow.pl\/index.php\/wp-json\/wp\/v2\/pages\/23851\/revisions"}],"predecessor-version":[{"id":23858,"href":"https:\/\/sp1hrubieszow.pl\/index.php\/wp-json\/wp\/v2\/pages\/23851\/revisions\/23858"}],"up":[{"embeddable":true,"href":"https:\/\/sp1hrubieszow.pl\/index.php\/wp-json\/wp\/v2\/pages\/5983"}],"wp:attachment":[{"href":"https:\/\/sp1hrubieszow.pl\/index.php\/wp-json\/wp\/v2\/media?parent=23851"}],"curies":[{"name":"wp","href":"https:\/\/api.w.org\/{rel}","templated":true}]}}