{"id":23846,"date":"2023-12-31T14:34:47","date_gmt":"2023-12-31T13:34:47","guid":{"rendered":"https:\/\/sp1hrubieszow.pl\/?page_id=23846"},"modified":"2023-12-31T14:35:16","modified_gmt":"2023-12-31T13:35:16","slug":"dzieci-ratuja-gwiazdke","status":"publish","type":"page","link":"https:\/\/sp1hrubieszow.pl\/index.php\/kronika-2020-2021\/dzieci-ratuja-gwiazdke\/","title":{"rendered":"Dzieci ratuj\u0105 Gwiazdk\u0119"},"content":{"rendered":"\n<div class=\"xdj266r x11i5rnm xat24cr x1mh8g0r x1vvkbs x126k92a\">\n<div dir=\"auto\"><span style=\"color: #000080;\">Zadanie certyfikacyjne na miesi\u0105c grudzie\u0144 2023-Szko\u0142a My\u015blenia Pozytywnego 2.0<\/span><\/div>\n<div dir=\"auto\">&nbsp;<\/div>\n<\/div>\n<div class=\"x11i5rnm xat24cr x1mh8g0r x1vvkbs xtlvy1s x126k92a\">\n<div dir=\"auto\"><span style=\"color: #000080;\">U schy\u0142ku roku podsumowujemy realizacj\u0119 zadania grudniowego, w jakie zaanga\u017cowa\u0142a si\u0119 spo\u0142eczno\u015b\u0107 Szko\u0142y Podstawowej Nr 1 w Hrubieszowie, we wsp\u00f3\u0142pracy z <a class=\"x1i10hfl xjbqb8w x6umtig x1b1mbwd xaqea5y xav7gou x9f619 x1ypdohk xt0psk2 xe8uvvx xdj266r x11i5rnm xat24cr x1mh8g0r xexx8yu x4uap5 x18d9i69 xkhd6sd x16tdsg8 x1hl2dhg xggy1nq x1a2a7pz xt0b8zv x1qq9wsj xo1l8bm\" style=\"color: #000080;\" tabindex=\"0\" role=\"link\" href=\"https:\/\/www.facebook.com\/instytutep?__cft__[0]=AZWV6rsP4-FtUBdNn8R1RFPhiFV3j3SpJr6261k1Etgf5zp1YsTeEBT_tcbyPyuEtgWIPHEEBDcSbnE0JTIrdd05ZTUwX6ab43kLwaLlAQg4Op-hySiDQ_98Ph_j3nhmTxsakm8Ji_EBjx72el1vxoIs4lmQ1P1x9_Bo5xqIMaPspEYKHpGtjTkcXfXMI3lItzI&amp;__tn__=-]K-R\"><span class=\"xt0psk2\">Instytut Edukacji Pozytywnej<\/span><\/a>. W tym miesi\u0105cu nasze my\u015bli i dzia\u0142ania kr\u0105\u017cy\u0142y wok\u00f3\u0142 pi\u0119knej, \u015bwi\u0105tecznej atmosfery, a ciep\u0142o naszych serc ogrza\u0142o tak\u017ce osoby potrzebuj\u0105ce dobrego s\u0142owa i gestu w tym w\u0142a\u015bnie \u015bwi\u0105tecznym okresie. Uczniowie wraz ze swoimi wychowawcami, opiekunami, rodzicami wsp\u00f3lnie \u015bwi\u0119towali klasowe Miko\u0142ajki i Wigilijne spotkania op\u0142atkowe. Poszczeg\u00f3lne klasy uczestniczy\u0142y w warsztatach bo\u017conarodzeniowych, warsztatach integracyjnych w PZPSW w Hrubieszowie, warsztatach zdobienia pierniczk\u00f3w i wykonywania ozd\u00f3b \u015bwi\u0105tecznych. Odby\u0142y si\u0119 wycieczki i wyj\u015bcia do kina oraz Miko\u0142ajkowy Turniej Tenisa Sto\u0142owego. <\/span><\/div>\n<div dir=\"auto\"><span style=\"color: #000080;\">Zorganizowano konkurs na naj\u0142adniejszy stroik \u015bwi\u0105teczny a klasopracownie i korytarze szkolne rozb\u0142ys\u0142y \u015bwiate\u0142kami i zachwyci\u0142y ozdobami. Pi\u0119knym prezentem klasy 7c by\u0142a akcja czytelnicza, jak\u0105 z serca przygotowali dla pierwszak\u00f3w z naszej szko\u0142y. Dzieci i m\u0142odzie\u017c wraz z wychowawcami wykorzystywali scenariusz pt. &#8222;Dzieci ratuj\u0105 Gwiazdk\u0119&#8221; jako inspiracj\u0119 do integracyjnych zabaw i zada\u0144 w klasach np. wykonywali \u015bwi\u0105teczny papier. Dziel\u0105c si\u0119 dobrem z innymi osobami, uczniowie zaanga\u017cowali si\u0119 w akcje charytatywne takie jak: zbi\u00f3rka zabawek na organizowan\u0105 przez MOPS w Hrubieszowie akcj\u0119 &#8222;Dzieciaki S\u0142odziaki kochaj\u0105 pluszaki&#8221; oraz w akcj\u0119 &#8222;Kartka \u015bwi\u0105teczna dla wi\u0119\u017ania&#8221;, organizowan\u0105 przez Caritas. <\/span><\/div>\n<div dir=\"auto\"><span style=\"color: #000080;\">Wszystkie te dzia\u0142ania sprawi\u0142y, \u017ce wzmocnili\u015bmy swoje szkolne relacje i otworzyli\u015bmy serca na potrzeby innych os\u00f3b, a wi\u0119c z ca\u0142\u0105 pewno\u015bci\u0105 nasze dzieciaki i m\u0142odzie\u017c &#8222;uratowa\u0142y Gwiazdk\u0119&#8221;<span class=\"x3nfvp2 x1j61x8r x1fcty0u xdj266r xhhsvwb xat24cr xgzva0m xxymvpz xlup9mm x1kky2od\"><img loading=\"lazy\" decoding=\"async\" class=\"xz74otr\" src=\"https:\/\/static.xx.fbcdn.net\/images\/emoji.php\/v9\/t3b\/1.5\/16\/2b50.png\" alt=\"\u2b50\ufe0f\" width=\"16\" height=\"16\"><\/span><span class=\"x3nfvp2 x1j61x8r x1fcty0u xdj266r xhhsvwb xat24cr xgzva0m xxymvpz xlup9mm x1kky2od\"><img loading=\"lazy\" decoding=\"async\" class=\"xz74otr\" src=\"https:\/\/static.xx.fbcdn.net\/images\/emoji.php\/v9\/t39\/1.5\/16\/1f31f.png\" alt=\"?\" width=\"16\" height=\"16\"><\/span><span class=\"x3nfvp2 x1j61x8r x1fcty0u xdj266r xhhsvwb xat24cr xgzva0m xxymvpz xlup9mm x1kky2od\"><img loading=\"lazy\" decoding=\"async\" class=\"xz74otr\" src=\"https:\/\/static.xx.fbcdn.net\/images\/emoji.php\/v9\/t46\/1.5\/16\/1f4ab.png\" alt=\"?\" width=\"16\" height=\"16\"><\/span><span class=\"x3nfvp2 x1j61x8r x1fcty0u xdj266r xhhsvwb xat24cr xgzva0m xxymvpz xlup9mm x1kky2od\"><img loading=\"lazy\" decoding=\"async\" class=\"xz74otr\" src=\"https:\/\/static.xx.fbcdn.net\/images\/emoji.php\/v9\/t7b\/1.5\/16\/2728.png\" alt=\"\u2728\" width=\"16\" height=\"16\"><\/span><\/span><\/div>\n<div dir=\"auto\"><span style=\"color: #000080;\"><span style=\"color: #000080;\">Wszystkim Uczniom, Rodzicom i Nauczycielom oraz Pracownikom szko\u0142y \u017cyczymy Pozytywnego Roku 2024r!<span class=\"x3nfvp2 x1j61x8r x1fcty0u xdj266r xhhsvwb xat24cr xgzva0m xxymvpz xlup9mm x1kky2od\"><img loading=\"lazy\" decoding=\"async\" class=\"xz74otr\" src=\"https:\/\/static.xx.fbcdn.net\/images\/emoji.php\/v9\/t39\/1.5\/16\/1f31f.png\" alt=\"?\" width=\"16\" height=\"16\"><\/span><\/span><\/span>\nngg_shortcode_0_placeholder\n<\/div>\n<\/div>\n","protected":false},"excerpt":{"rendered":"<p>Zadanie certyfikacyjne na miesi\u0105c grudzie\u0144 2023-Szko\u0142a My\u015blenia Pozytywnego 2.0 &nbsp; U schy\u0142ku roku podsumowujemy realizacj\u0119 zadania grudniowego, w jakie zaanga\u017cowa\u0142a si\u0119 spo\u0142eczno\u015b\u0107 Szko\u0142y Podstawowej Nr 1 w Hrubieszowie, we wsp\u00f3\u0142pracy z Instytut Edukacji Pozytywnej. W tym miesi\u0105cu nasze my\u015bli i dzia\u0142ania kr\u0105\u017cy\u0142y wok\u00f3\u0142 pi\u0119knej, \u015bwi\u0105tecznej atmosfery, a ciep\u0142o naszych serc ogrza\u0142o tak\u017ce osoby potrzebuj\u0105ce dobrego [&hellip;]<\/p>\n","protected":false},"author":2,"featured_media":0,"parent":5983,"menu_order":0,"comment_status":"closed","ping_status":"closed","template":"","meta":{"ngg_post_thumbnail":0,"footnotes":""},"class_list":["post-23846","page","type-page","status-publish","hentry"],"_links":{"self":[{"href":"https:\/\/sp1hrubieszow.pl\/index.php\/wp-json\/wp\/v2\/pages\/23846","targetHints":{"allow":["GET"]}}],"collection":[{"href":"https:\/\/sp1hrubieszow.pl\/index.php\/wp-json\/wp\/v2\/pages"}],"about":[{"href":"https:\/\/sp1hrubieszow.pl\/index.php\/wp-json\/wp\/v2\/types\/page"}],"author":[{"embeddable":true,"href":"https:\/\/sp1hrubieszow.pl\/index.php\/wp-json\/wp\/v2\/users\/2"}],"replies":[{"embeddable":true,"href":"https:\/\/sp1hrubieszow.pl\/index.php\/wp-json\/wp\/v2\/comments?post=23846"}],"version-history":[{"count":1,"href":"https:\/\/sp1hrubieszow.pl\/index.php\/wp-json\/wp\/v2\/pages\/23846\/revisions"}],"predecessor-version":[{"id":23847,"href":"https:\/\/sp1hrubieszow.pl\/index.php\/wp-json\/wp\/v2\/pages\/23846\/revisions\/23847"}],"up":[{"embeddable":true,"href":"https:\/\/sp1hrubieszow.pl\/index.php\/wp-json\/wp\/v2\/pages\/5983"}],"wp:attachment":[{"href":"https:\/\/sp1hrubieszow.pl\/index.php\/wp-json\/wp\/v2\/media?parent=23846"}],"curies":[{"name":"wp","href":"https:\/\/api.w.org\/{rel}","templated":true}]}}