{"id":23782,"date":"2023-12-22T13:09:09","date_gmt":"2023-12-22T12:09:09","guid":{"rendered":"https:\/\/sp1hrubieszow.pl\/?page_id=23782"},"modified":"2023-12-22T13:09:42","modified_gmt":"2023-12-22T12:09:42","slug":"nietypowa-lekcja-historii-sluchowisko-radiowe-bombka-z-memmingen","status":"publish","type":"page","link":"https:\/\/sp1hrubieszow.pl\/index.php\/kronika-2020-2021\/nietypowa-lekcja-historii-sluchowisko-radiowe-bombka-z-memmingen\/","title":{"rendered":"Nietypowa lekcja historii &#8211; s\u0142uchowisko radiowe \u201eBombka z Memmingen\u201d"},"content":{"rendered":"\n\n\n<p><span style=\"color: #000080;\">Uczniowie klas 6-8 pod okiem nauczycieli historii aktywnie pracowali, realizuj\u0105c scenariusz zaj\u0119\u0107 pt. \u201eBombka z Memmingen\u201d rekomendowany przez Instytutu Pami\u0119ci Narodowej oraz projekt BohaterON.<\/span><\/p>\n<p><span style=\"color: #000080;\">Najpierw uczniowie wys\u0142uchali s\u0142uchowiska pt. \u201eBombka z Memmingen\u201d, kt\u00f3re wprowadzi\u0142o m\u0142odzie\u017c w klimat \u015awi\u0105t Bo\u017cego Narodzenia. Jest to niezwyk\u0142a opowie\u015b\u0107 o Wigilii Bo\u017cego Narodzenia w obozie jenieckim Stalag VII B Memmingen, gdzie po upadku Powstania Warszawskiego trafi\u0142 16-letni Aureliusz Zenon Dembi\u0144ski ps. Zag\u0142oba. Tam wykona\u0142 on niezwyk\u0142\u0105 bombk\u0119, kt\u00f3ra do dzisiaj towarzyszy mu w ka\u017cde \u015bwi\u0119ta. Uczniowie podczas zaj\u0119\u0107 wykonali bombki na wz\u00f3r tej, kt\u00f3r\u0105 bohater s\u0142uchowiska zrobi\u0142 w 1944 r. w Stalagu VII B w Memmingen \u2013 bombk\u0119 z orze\u0142kiem. Ka\u017cdy zabra\u0142 swoj\u0105 bombk\u0119 do domu, aby umie\u015bci\u0107 j\u0105 na choince. Wszystko po to, aby pami\u0119\u0107 o panu Aureliuszu, a tak\u017ce o odwadze, po\u015bwi\u0119ceniu i drodze do wolno\u015bci \u017cy\u0142a w sercach m\u0142odych ludzi. Lekcja by\u0142a r\u00f3wnie\u017c okazj\u0105 do rozmowy na temat uczu\u0107 wi\u0119\u017ani\u00f3w obozu, staraj\u0105cych si\u0119 zachowa\u0107 tradycje i symbole Polski w niemieckiej niewoli.<\/span><\/p>\nngg_shortcode_0_placeholder\n","protected":false},"excerpt":{"rendered":"<p>Uczniowie klas 6-8 pod okiem nauczycieli historii aktywnie pracowali, realizuj\u0105c scenariusz zaj\u0119\u0107 pt. \u201eBombka z Memmingen\u201d rekomendowany przez Instytutu Pami\u0119ci Narodowej oraz projekt BohaterON. Najpierw uczniowie wys\u0142uchali s\u0142uchowiska pt. \u201eBombka z Memmingen\u201d, kt\u00f3re wprowadzi\u0142o m\u0142odzie\u017c w klimat \u015awi\u0105t Bo\u017cego Narodzenia. Jest to niezwyk\u0142a opowie\u015b\u0107 o Wigilii Bo\u017cego Narodzenia w obozie jenieckim Stalag VII B Memmingen, [&hellip;]<\/p>\n","protected":false},"author":2,"featured_media":0,"parent":5983,"menu_order":0,"comment_status":"closed","ping_status":"closed","template":"","meta":{"ngg_post_thumbnail":0,"footnotes":""},"class_list":["post-23782","page","type-page","status-publish","hentry"],"_links":{"self":[{"href":"https:\/\/sp1hrubieszow.pl\/index.php\/wp-json\/wp\/v2\/pages\/23782","targetHints":{"allow":["GET"]}}],"collection":[{"href":"https:\/\/sp1hrubieszow.pl\/index.php\/wp-json\/wp\/v2\/pages"}],"about":[{"href":"https:\/\/sp1hrubieszow.pl\/index.php\/wp-json\/wp\/v2\/types\/page"}],"author":[{"embeddable":true,"href":"https:\/\/sp1hrubieszow.pl\/index.php\/wp-json\/wp\/v2\/users\/2"}],"replies":[{"embeddable":true,"href":"https:\/\/sp1hrubieszow.pl\/index.php\/wp-json\/wp\/v2\/comments?post=23782"}],"version-history":[{"count":1,"href":"https:\/\/sp1hrubieszow.pl\/index.php\/wp-json\/wp\/v2\/pages\/23782\/revisions"}],"predecessor-version":[{"id":23783,"href":"https:\/\/sp1hrubieszow.pl\/index.php\/wp-json\/wp\/v2\/pages\/23782\/revisions\/23783"}],"up":[{"embeddable":true,"href":"https:\/\/sp1hrubieszow.pl\/index.php\/wp-json\/wp\/v2\/pages\/5983"}],"wp:attachment":[{"href":"https:\/\/sp1hrubieszow.pl\/index.php\/wp-json\/wp\/v2\/media?parent=23782"}],"curies":[{"name":"wp","href":"https:\/\/api.w.org\/{rel}","templated":true}]}}