{"id":23747,"date":"2023-12-21T21:07:52","date_gmt":"2023-12-21T20:07:52","guid":{"rendered":"https:\/\/sp1hrubieszow.pl\/?page_id=23747"},"modified":"2023-12-21T21:08:20","modified_gmt":"2023-12-21T20:08:20","slug":"wizyta-w-firmie-bmw","status":"publish","type":"page","link":"https:\/\/sp1hrubieszow.pl\/index.php\/kronika-2020-2021\/wizyta-w-firmie-bmw\/","title":{"rendered":"Wizyta w firmie BMW"},"content":{"rendered":"\n<div class=\"xdj266r x11i5rnm xat24cr x1mh8g0r x1vvkbs x126k92a\">\n<div dir=\"auto\"><span style=\"color: #000080;\">W zesz\u0142ym tygodniu, Maja i Krystian &#8211; dwoje niezwyk\u0142ych m\u0142odych ludzi ze naszej szko\u0142y prze\u017cyli co\u015b wi\u0119cej ni\u017c tylko wizyt\u0119 w firmie BMW. Dzi\u0119ki wygranej w konkursie 'Wizje przysz\u0142o\u015bci&#8217;, zorganizowanym wsp\u00f3lnie z <a class=\"x1i10hfl xjbqb8w x6umtig x1b1mbwd xaqea5y xav7gou x9f619 x1ypdohk xt0psk2 xe8uvvx xdj266r x11i5rnm xat24cr x1mh8g0r xexx8yu x4uap5 x18d9i69 xkhd6sd x16tdsg8 x1hl2dhg xggy1nq x1a2a7pz xt0b8zv x1qq9wsj xo1l8bm\" style=\"color: #000080;\" tabindex=\"0\" role=\"link\" href=\"https:\/\/www.facebook.com\/platinummotorlublin?__cft__[0]=AZUMjs9a0dMVq6245AYsO90swGl1jmEpMA9dKAsnKcA5ZmIYKiNni9-gQombcTU9jPeuXShOc4SsdzDDaUp0ByfS3D4j_hRLRWMv64yLFSpvn3gTtdsnJCm6bWGpRvZDSbuHeH3guT7RoT1dzQkCV4LtXkZwfWmS33D3QgOVdsKHrHROKg3AVd91kO2WEVtgkQqIl2sNt9p7EQD7UgHrxxQc&amp;__tn__=-]K-y-R\"><span class=\"xt0psk2\">@Platinum Motor Lubli<\/span><\/a>n mieli okazj\u0119 prze\u017cy\u0107 dzie\u0144 oczyma Prezesa BMW Best Auto.<\/span><\/div>\n<\/div>\n<div class=\"x11i5rnm xat24cr x1mh8g0r x1vvkbs xtlvy1s x126k92a\">\n<div dir=\"auto\"><span style=\"color: #000080;\">Spotkanie z zarz\u0105dem przy porannej kawie, rozmowy o przysz\u0142o\u015bci motoryzacji, warsztaty z mechanikami- to tylko niekt\u00f3re z do\u015bwiadcze\u0144 tego dnia. Ka\u017cdy moment by\u0142 okazj\u0105 do zadawania pyta\u0144 i rozbudzania ciekawo\u015bci.<\/span><\/div>\n<\/div>\n<div class=\"x11i5rnm xat24cr x1mh8g0r x1vvkbs xtlvy1s x126k92a\">\n<div dir=\"auto\"><span style=\"color: #000080;\">Gratulujemy Mai i Krystianowi wspania\u0142ej kreatywno\u015b\u0107 i odwagi w marzeniach!<\/span><\/div>\n<\/div>\n<div dir=\"auto\">\nngg_shortcode_0_placeholder\n<\/div>\n","protected":false},"excerpt":{"rendered":"<p>W zesz\u0142ym tygodniu, Maja i Krystian &#8211; dwoje niezwyk\u0142ych m\u0142odych ludzi ze naszej szko\u0142y prze\u017cyli co\u015b wi\u0119cej ni\u017c tylko wizyt\u0119 w firmie BMW. Dzi\u0119ki wygranej w konkursie 'Wizje przysz\u0142o\u015bci&#8217;, zorganizowanym wsp\u00f3lnie z @Platinum Motor Lublin mieli okazj\u0119 prze\u017cy\u0107 dzie\u0144 oczyma Prezesa BMW Best Auto. Spotkanie z zarz\u0105dem przy porannej kawie, rozmowy o przysz\u0142o\u015bci motoryzacji, warsztaty [&hellip;]<\/p>\n","protected":false},"author":2,"featured_media":0,"parent":5983,"menu_order":0,"comment_status":"closed","ping_status":"closed","template":"","meta":{"ngg_post_thumbnail":0,"footnotes":""},"class_list":["post-23747","page","type-page","status-publish","hentry"],"_links":{"self":[{"href":"https:\/\/sp1hrubieszow.pl\/index.php\/wp-json\/wp\/v2\/pages\/23747","targetHints":{"allow":["GET"]}}],"collection":[{"href":"https:\/\/sp1hrubieszow.pl\/index.php\/wp-json\/wp\/v2\/pages"}],"about":[{"href":"https:\/\/sp1hrubieszow.pl\/index.php\/wp-json\/wp\/v2\/types\/page"}],"author":[{"embeddable":true,"href":"https:\/\/sp1hrubieszow.pl\/index.php\/wp-json\/wp\/v2\/users\/2"}],"replies":[{"embeddable":true,"href":"https:\/\/sp1hrubieszow.pl\/index.php\/wp-json\/wp\/v2\/comments?post=23747"}],"version-history":[{"count":1,"href":"https:\/\/sp1hrubieszow.pl\/index.php\/wp-json\/wp\/v2\/pages\/23747\/revisions"}],"predecessor-version":[{"id":23748,"href":"https:\/\/sp1hrubieszow.pl\/index.php\/wp-json\/wp\/v2\/pages\/23747\/revisions\/23748"}],"up":[{"embeddable":true,"href":"https:\/\/sp1hrubieszow.pl\/index.php\/wp-json\/wp\/v2\/pages\/5983"}],"wp:attachment":[{"href":"https:\/\/sp1hrubieszow.pl\/index.php\/wp-json\/wp\/v2\/media?parent=23747"}],"curies":[{"name":"wp","href":"https:\/\/api.w.org\/{rel}","templated":true}]}}