{"id":23733,"date":"2023-12-21T21:01:25","date_gmt":"2023-12-21T20:01:25","guid":{"rendered":"https:\/\/sp1hrubieszow.pl\/?page_id=23733"},"modified":"2023-12-21T21:01:42","modified_gmt":"2023-12-21T20:01:42","slug":"klasa-3a-na-zajeciach-integracyjnych","status":"publish","type":"page","link":"https:\/\/sp1hrubieszow.pl\/index.php\/kronika-2020-2021\/klasa-3a-na-zajeciach-integracyjnych\/","title":{"rendered":"Klasa 3a na zaj\u0119ciach integracyjnych"},"content":{"rendered":"\n<p><span style=\"color: #000080;\">20.12.23r. uczniowie klasy 3 a brali udzia\u0142 w integracyjnych zaj\u0119ciach zwi\u0105zanych ze zbli\u017caj\u0105cymi si\u0119 \u015bwi\u0119tami Bo\u017cego Narodzenia w Powiatowym Zespole Plac\u00f3wek Szkolno &#8211; Wychowawczych w Hrubieszowie. Mieli mo\u017cliwo\u015b\u0107 wsp\u00f3\u0142pracy i wsp\u00f3lnej zabawy ze swoim r\u00f3wie\u015bnikami z tej plac\u00f3wki. By\u0142y bombki, gwiazdki, serduszka, anio\u0142ki, a przede wszystkim modele choinek 3D. Wszystkie elementy uczniowie ozdabiali wed\u0142ug w\u0142asnej inwencji tw\u00f3rczej. S\u0142uchali podczas pracy znanych i mniej znanych kol\u0119d. Czas up\u0142yn\u0105\u0142 uczestnikom niepostrze\u017cenie dzi\u0119ki atrakcyjnej formie zaj\u0119\u0107 przygotowanej przez pana Paw\u0142a Nowaka, za co Panu serdecznie dzi\u0119kuj\u0105. S\u0142owa wdzi\u0119czno\u015bci kieruj\u0105 r\u00f3wnie\u017c do pani Kingi Cierech oraz Ma\u0142gorzaty Waszy\u0144skiej, dzi\u0119ki kt\u00f3rym dosz\u0142o do tego spotkania. Szczeg\u00f3lne podzi\u0119kowania sk\u0142adaj\u0105 r\u00f3wnie\u017c paniom wychowawczyniom, ich wychowankom, kt\u00f3rzy zechcieli wzi\u0105\u0107 w nim udzia\u0142, a przede wszystkim paniom dyrektorkom plac\u00f3wki, pani Katarzynie Lachowskiej oraz pani Edycie Targo\u0144skiej, kt\u00f3re umo\u017cliwi\u0142y tak\u0105 niezapomnian\u0105 w niej wizyt\u0119.<\/span><\/p>\nngg_shortcode_0_placeholder\n","protected":false},"excerpt":{"rendered":"<p>20.12.23r. uczniowie klasy 3 a brali udzia\u0142 w integracyjnych zaj\u0119ciach zwi\u0105zanych ze zbli\u017caj\u0105cymi si\u0119 \u015bwi\u0119tami Bo\u017cego Narodzenia w Powiatowym Zespole Plac\u00f3wek Szkolno &#8211; Wychowawczych w Hrubieszowie. Mieli mo\u017cliwo\u015b\u0107 wsp\u00f3\u0142pracy i wsp\u00f3lnej zabawy ze swoim r\u00f3wie\u015bnikami z tej plac\u00f3wki. By\u0142y bombki, gwiazdki, serduszka, anio\u0142ki, a przede wszystkim modele choinek 3D. Wszystkie elementy uczniowie ozdabiali wed\u0142ug w\u0142asnej [&hellip;]<\/p>\n","protected":false},"author":2,"featured_media":0,"parent":5983,"menu_order":0,"comment_status":"closed","ping_status":"closed","template":"","meta":{"ngg_post_thumbnail":0,"footnotes":""},"class_list":["post-23733","page","type-page","status-publish","hentry"],"_links":{"self":[{"href":"https:\/\/sp1hrubieszow.pl\/index.php\/wp-json\/wp\/v2\/pages\/23733","targetHints":{"allow":["GET"]}}],"collection":[{"href":"https:\/\/sp1hrubieszow.pl\/index.php\/wp-json\/wp\/v2\/pages"}],"about":[{"href":"https:\/\/sp1hrubieszow.pl\/index.php\/wp-json\/wp\/v2\/types\/page"}],"author":[{"embeddable":true,"href":"https:\/\/sp1hrubieszow.pl\/index.php\/wp-json\/wp\/v2\/users\/2"}],"replies":[{"embeddable":true,"href":"https:\/\/sp1hrubieszow.pl\/index.php\/wp-json\/wp\/v2\/comments?post=23733"}],"version-history":[{"count":1,"href":"https:\/\/sp1hrubieszow.pl\/index.php\/wp-json\/wp\/v2\/pages\/23733\/revisions"}],"predecessor-version":[{"id":23734,"href":"https:\/\/sp1hrubieszow.pl\/index.php\/wp-json\/wp\/v2\/pages\/23733\/revisions\/23734"}],"up":[{"embeddable":true,"href":"https:\/\/sp1hrubieszow.pl\/index.php\/wp-json\/wp\/v2\/pages\/5983"}],"wp:attachment":[{"href":"https:\/\/sp1hrubieszow.pl\/index.php\/wp-json\/wp\/v2\/media?parent=23733"}],"curies":[{"name":"wp","href":"https:\/\/api.w.org\/{rel}","templated":true}]}}