{"id":23710,"date":"2023-12-20T19:00:35","date_gmt":"2023-12-20T18:00:35","guid":{"rendered":"https:\/\/sp1hrubieszow.pl\/?page_id=23710"},"modified":"2023-12-20T19:01:06","modified_gmt":"2023-12-20T18:01:06","slug":"warsztaty-dla-uczniow-i-rodzicow-bezpieczenstwo-cyfrowe","status":"publish","type":"page","link":"https:\/\/sp1hrubieszow.pl\/index.php\/kronika-2020-2021\/warsztaty-dla-uczniow-i-rodzicow-bezpieczenstwo-cyfrowe\/","title":{"rendered":"Warsztaty dla uczni\u00f3w i rodzic\u00f3w \u201eBezpiecze\u0144stwo cyfrowe\u201d."},"content":{"rendered":"\n<div class=\"xdj266r x11i5rnm xat24cr x1mh8g0r x1vvkbs x126k92a\">\n<div dir=\"auto\"><span style=\"color: #000080;\"><span style=\"font-size: 1rem;\">W dniu 18.12.2023r. uczniowie klas: 6a, 7b oraz 7c a tak\u017ce ch\u0119tni rodzice, wzi\u0119li udzia\u0142 w warsztatach, prowadzonych przez pana Roberta Turskiego. Zaj\u0119cia mia\u0142y na celu edukowanie <\/span>uczestnik\u00f3w<span style=\"font-size: 1rem;\"> w zakresie bezpiecze\u0144stwa cyfrowego, higieny cyfrowej, poszukiwania i selekcji informacji w sieci, rozwi\u0105zywania problem\u00f3w, podczas wykorzystywania Internetu, prawid\u0142owej komunikacji i wsp\u00f3\u0142pracy w sieci oraz kreatywnego tworzenie tre\u015bci cyfrowych. Pan Robert Turski to do\u015bwiadczony edukator, pracuj\u0105cy z dzie\u0107mi, m\u0142odzie\u017c\u0105 i doros\u0142ymi, wsp\u00f3\u0142za\u0142o\u017cyciel O\u015brodka Badawczo- Rozwojowego \u201e Edukacja 3.0\u201d, wsp\u00f3\u0142pracuj\u0105cy przy og\u00f3lnopolskim projekcie &#8222;Profilaktyka na miar\u0119&#8221;, wyk\u0142adowca Uniwersytetu Dzieci UMCS, w latach 2018 i 2022 wyr\u00f3\u017cniony zosta\u0142 poprzez umieszczenie na li\u015bcie 100 os\u00f3b, kt\u00f3re szczeg\u00f3lnie przyczyni\u0142y si\u0119 do wzmocnienia kompetencji cyfrowych Polek i Polak\u00f3w. Mamy nadziej\u0119, \u017ce uczestnicy zaj\u0119\u0107 skorzystali z bogatej wiedzy prowadz\u0105cego i b\u0119d\u0105 potrafili zastosowa\u0107 zasady bezpiecze\u0144stwa cyfrowego podczas u\u017cywania Internetu, ale tak\u017ce gier komputerowych. <\/span><\/span><\/div>\n<div dir=\"auto\"><span style=\"font-size: 1rem; color: #000080;\">Zaj\u0119cia zosta\u0142y zorganizowane w ramach Szkolnego Dnia Profilaktyki przez pedagog\u00f3w szkolnych we wsp\u00f3\u0142pracy z Gmin\u0105 Miejsk\u0105 Hrubiesz\u00f3w.<\/span><\/div>\n<div dir=\"auto\">\nngg_shortcode_0_placeholder\n<\/div>\n<\/div>\n","protected":false},"excerpt":{"rendered":"<p>W dniu 18.12.2023r. uczniowie klas: 6a, 7b oraz 7c a tak\u017ce ch\u0119tni rodzice, wzi\u0119li udzia\u0142 w warsztatach, prowadzonych przez pana Roberta Turskiego. Zaj\u0119cia mia\u0142y na celu edukowanie uczestnik\u00f3w w zakresie bezpiecze\u0144stwa cyfrowego, higieny cyfrowej, poszukiwania i selekcji informacji w sieci, rozwi\u0105zywania problem\u00f3w, podczas wykorzystywania Internetu, prawid\u0142owej komunikacji i wsp\u00f3\u0142pracy w sieci oraz kreatywnego tworzenie tre\u015bci [&hellip;]<\/p>\n","protected":false},"author":2,"featured_media":0,"parent":5983,"menu_order":0,"comment_status":"closed","ping_status":"closed","template":"","meta":{"ngg_post_thumbnail":0,"footnotes":""},"class_list":["post-23710","page","type-page","status-publish","hentry"],"_links":{"self":[{"href":"https:\/\/sp1hrubieszow.pl\/index.php\/wp-json\/wp\/v2\/pages\/23710","targetHints":{"allow":["GET"]}}],"collection":[{"href":"https:\/\/sp1hrubieszow.pl\/index.php\/wp-json\/wp\/v2\/pages"}],"about":[{"href":"https:\/\/sp1hrubieszow.pl\/index.php\/wp-json\/wp\/v2\/types\/page"}],"author":[{"embeddable":true,"href":"https:\/\/sp1hrubieszow.pl\/index.php\/wp-json\/wp\/v2\/users\/2"}],"replies":[{"embeddable":true,"href":"https:\/\/sp1hrubieszow.pl\/index.php\/wp-json\/wp\/v2\/comments?post=23710"}],"version-history":[{"count":1,"href":"https:\/\/sp1hrubieszow.pl\/index.php\/wp-json\/wp\/v2\/pages\/23710\/revisions"}],"predecessor-version":[{"id":23711,"href":"https:\/\/sp1hrubieszow.pl\/index.php\/wp-json\/wp\/v2\/pages\/23710\/revisions\/23711"}],"up":[{"embeddable":true,"href":"https:\/\/sp1hrubieszow.pl\/index.php\/wp-json\/wp\/v2\/pages\/5983"}],"wp:attachment":[{"href":"https:\/\/sp1hrubieszow.pl\/index.php\/wp-json\/wp\/v2\/media?parent=23710"}],"curies":[{"name":"wp","href":"https:\/\/api.w.org\/{rel}","templated":true}]}}