{"id":23645,"date":"2023-12-20T18:35:23","date_gmt":"2023-12-20T17:35:23","guid":{"rendered":"https:\/\/sp1hrubieszow.pl\/?page_id=23645"},"modified":"2023-12-20T18:35:52","modified_gmt":"2023-12-20T17:35:52","slug":"warsztaty-prawne-dla-uczniow","status":"publish","type":"page","link":"https:\/\/sp1hrubieszow.pl\/index.php\/kronika-2020-2021\/warsztaty-prawne-dla-uczniow\/","title":{"rendered":"Warsztaty prawne dla uczni\u00f3w"},"content":{"rendered":"\n<p><span style=\"color: #000080;\">W dniu 13.12.2023r. w naszej szkole odby\u0142y si\u0119 warsztaty prawne dla uczni\u00f3w, przygotowuj\u0105cych si\u0119 do pe\u0142nienia funkcji mediator\u00f3w r\u00f3wie\u015bniczych. Warsztaty zosta\u0142y przeprowadzone przez radczyni\u0119 prawn\u0105 Ma\u0142gorzat\u0119 D\u0105bek, w ramach projektu Akademia Obywatelska, realizowanego przez Stowarzyszenie Inicjatyw Wschodnich w Hrubieszowie.<\/span><\/p>\nngg_shortcode_0_placeholder\n","protected":false},"excerpt":{"rendered":"<p>W dniu 13.12.2023r. w naszej szkole odby\u0142y si\u0119 warsztaty prawne dla uczni\u00f3w, przygotowuj\u0105cych si\u0119 do pe\u0142nienia funkcji mediator\u00f3w r\u00f3wie\u015bniczych. Warsztaty zosta\u0142y przeprowadzone przez radczyni\u0119 prawn\u0105 Ma\u0142gorzat\u0119 D\u0105bek, w ramach projektu Akademia Obywatelska, realizowanego przez Stowarzyszenie Inicjatyw Wschodnich w Hrubieszowie.<\/p>\n","protected":false},"author":2,"featured_media":0,"parent":5983,"menu_order":0,"comment_status":"closed","ping_status":"closed","template":"","meta":{"ngg_post_thumbnail":0,"footnotes":""},"class_list":["post-23645","page","type-page","status-publish","hentry"],"_links":{"self":[{"href":"https:\/\/sp1hrubieszow.pl\/index.php\/wp-json\/wp\/v2\/pages\/23645","targetHints":{"allow":["GET"]}}],"collection":[{"href":"https:\/\/sp1hrubieszow.pl\/index.php\/wp-json\/wp\/v2\/pages"}],"about":[{"href":"https:\/\/sp1hrubieszow.pl\/index.php\/wp-json\/wp\/v2\/types\/page"}],"author":[{"embeddable":true,"href":"https:\/\/sp1hrubieszow.pl\/index.php\/wp-json\/wp\/v2\/users\/2"}],"replies":[{"embeddable":true,"href":"https:\/\/sp1hrubieszow.pl\/index.php\/wp-json\/wp\/v2\/comments?post=23645"}],"version-history":[{"count":1,"href":"https:\/\/sp1hrubieszow.pl\/index.php\/wp-json\/wp\/v2\/pages\/23645\/revisions"}],"predecessor-version":[{"id":23646,"href":"https:\/\/sp1hrubieszow.pl\/index.php\/wp-json\/wp\/v2\/pages\/23645\/revisions\/23646"}],"up":[{"embeddable":true,"href":"https:\/\/sp1hrubieszow.pl\/index.php\/wp-json\/wp\/v2\/pages\/5983"}],"wp:attachment":[{"href":"https:\/\/sp1hrubieszow.pl\/index.php\/wp-json\/wp\/v2\/media?parent=23645"}],"curies":[{"name":"wp","href":"https:\/\/api.w.org\/{rel}","templated":true}]}}