{"id":23618,"date":"2023-12-18T21:28:25","date_gmt":"2023-12-18T20:28:25","guid":{"rendered":"https:\/\/sp1hrubieszow.pl\/?page_id=23618"},"modified":"2023-12-18T21:28:37","modified_gmt":"2023-12-18T20:28:37","slug":"konkurs-najpiekniejsza-bombka-choinkowa","status":"publish","type":"page","link":"https:\/\/sp1hrubieszow.pl\/index.php\/kronika-2020-2021\/konkurs-najpiekniejsza-bombka-choinkowa\/","title":{"rendered":"Konkurs &#8222;Najpi\u0119kniejsza Bombka Choinkowa&#8221;"},"content":{"rendered":"\n<p><span style=\"color: #000080;\">11.12.23r. uczennica klasy 3 a naszej szko\u0142y wzi\u0119\u0142a udzia\u0142 w podsumowaniu Wojew\u00f3dzkiego Konkursu \u015awi\u0105tecznego &#8222;Najpi\u0119kniejsza Bombka Choinkowa&#8221; w Lublinie. Gratulujemy tytu\u0142u laureata, \u017cyczymy dalszych sukces\u00f3w oraz dzi\u0119kujemy za godne reprezentowanie Szko\u0142y Podstawowej nr 1.&nbsp;<\/span><\/p>\nngg_shortcode_0_placeholder\n","protected":false},"excerpt":{"rendered":"<p>11.12.23r. uczennica klasy 3 a naszej szko\u0142y wzi\u0119\u0142a udzia\u0142 w podsumowaniu Wojew\u00f3dzkiego Konkursu \u015awi\u0105tecznego &#8222;Najpi\u0119kniejsza Bombka Choinkowa&#8221; w Lublinie. Gratulujemy tytu\u0142u laureata, \u017cyczymy dalszych sukces\u00f3w oraz dzi\u0119kujemy za godne reprezentowanie Szko\u0142y Podstawowej nr 1.&nbsp;<\/p>\n","protected":false},"author":2,"featured_media":0,"parent":5983,"menu_order":0,"comment_status":"closed","ping_status":"closed","template":"","meta":{"ngg_post_thumbnail":0,"footnotes":""},"class_list":["post-23618","page","type-page","status-publish","hentry"],"_links":{"self":[{"href":"https:\/\/sp1hrubieszow.pl\/index.php\/wp-json\/wp\/v2\/pages\/23618","targetHints":{"allow":["GET"]}}],"collection":[{"href":"https:\/\/sp1hrubieszow.pl\/index.php\/wp-json\/wp\/v2\/pages"}],"about":[{"href":"https:\/\/sp1hrubieszow.pl\/index.php\/wp-json\/wp\/v2\/types\/page"}],"author":[{"embeddable":true,"href":"https:\/\/sp1hrubieszow.pl\/index.php\/wp-json\/wp\/v2\/users\/2"}],"replies":[{"embeddable":true,"href":"https:\/\/sp1hrubieszow.pl\/index.php\/wp-json\/wp\/v2\/comments?post=23618"}],"version-history":[{"count":1,"href":"https:\/\/sp1hrubieszow.pl\/index.php\/wp-json\/wp\/v2\/pages\/23618\/revisions"}],"predecessor-version":[{"id":23619,"href":"https:\/\/sp1hrubieszow.pl\/index.php\/wp-json\/wp\/v2\/pages\/23618\/revisions\/23619"}],"up":[{"embeddable":true,"href":"https:\/\/sp1hrubieszow.pl\/index.php\/wp-json\/wp\/v2\/pages\/5983"}],"wp:attachment":[{"href":"https:\/\/sp1hrubieszow.pl\/index.php\/wp-json\/wp\/v2\/media?parent=23618"}],"curies":[{"name":"wp","href":"https:\/\/api.w.org\/{rel}","templated":true}]}}