{"id":23610,"date":"2023-12-18T21:16:28","date_gmt":"2023-12-18T20:16:28","guid":{"rendered":"https:\/\/sp1hrubieszow.pl\/?page_id=23610"},"modified":"2023-12-18T21:16:43","modified_gmt":"2023-12-18T20:16:43","slug":"31-edycja-olimpiady-zdrowia-pck-z-biedronka","status":"publish","type":"page","link":"https:\/\/sp1hrubieszow.pl\/index.php\/kronika-2020-2021\/31-edycja-olimpiady-zdrowia-pck-z-biedronka\/","title":{"rendered":"31 edycja Olimpiady Zdrowia PCK z Biedronk\u0105"},"content":{"rendered":"\n\n\n<p><span style=\"color: #000080;\">Olimpiada Zdrowia PCK to konkurs przeznaczony dla uczni\u00f3w klas 6 \u2013 8 szk\u00f3\u0142 podstawowych. Konkurs sk\u0142ada si\u0119 z czterech etap\u00f3w \u2013 szkolnego, rejonowego (powiatowego), okr\u0119gowego (wojew\u00f3dzkiego) i fina\u0142u. Na ka\u017cdym etapie Olimpiady uczestnicy rozwi\u0105zuj\u0105 test wiedzy obejmuj\u0105cy zagadnienia zwi\u0105zane z promocj\u0105 zdrowia, zdrowym stylem \u017cycia, zdrowym \u017cywieniem, promowaniem aktywno\u015bci fizycznej, ekologii, a tak\u017ce przeciwdzia\u0142aniem marnowaniu \u017cywno\u015bci. Laureatem etapu szkolnego zosta\u0142a uczennica Dynkiewicz Wiktoria z klasy 7b. Wszystkim uczestnikom gratulujemy.<\/span><\/p>\nngg_shortcode_0_placeholder\n","protected":false},"excerpt":{"rendered":"<p>Olimpiada Zdrowia PCK to konkurs przeznaczony dla uczni\u00f3w klas 6 \u2013 8 szk\u00f3\u0142 podstawowych. Konkurs sk\u0142ada si\u0119 z czterech etap\u00f3w \u2013 szkolnego, rejonowego (powiatowego), okr\u0119gowego (wojew\u00f3dzkiego) i fina\u0142u. Na ka\u017cdym etapie Olimpiady uczestnicy rozwi\u0105zuj\u0105 test wiedzy obejmuj\u0105cy zagadnienia zwi\u0105zane z promocj\u0105 zdrowia, zdrowym stylem \u017cycia, zdrowym \u017cywieniem, promowaniem aktywno\u015bci fizycznej, ekologii, a tak\u017ce przeciwdzia\u0142aniem marnowaniu [&hellip;]<\/p>\n","protected":false},"author":2,"featured_media":0,"parent":5983,"menu_order":0,"comment_status":"closed","ping_status":"closed","template":"","meta":{"ngg_post_thumbnail":0,"footnotes":""},"class_list":["post-23610","page","type-page","status-publish","hentry"],"_links":{"self":[{"href":"https:\/\/sp1hrubieszow.pl\/index.php\/wp-json\/wp\/v2\/pages\/23610","targetHints":{"allow":["GET"]}}],"collection":[{"href":"https:\/\/sp1hrubieszow.pl\/index.php\/wp-json\/wp\/v2\/pages"}],"about":[{"href":"https:\/\/sp1hrubieszow.pl\/index.php\/wp-json\/wp\/v2\/types\/page"}],"author":[{"embeddable":true,"href":"https:\/\/sp1hrubieszow.pl\/index.php\/wp-json\/wp\/v2\/users\/2"}],"replies":[{"embeddable":true,"href":"https:\/\/sp1hrubieszow.pl\/index.php\/wp-json\/wp\/v2\/comments?post=23610"}],"version-history":[{"count":1,"href":"https:\/\/sp1hrubieszow.pl\/index.php\/wp-json\/wp\/v2\/pages\/23610\/revisions"}],"predecessor-version":[{"id":23611,"href":"https:\/\/sp1hrubieszow.pl\/index.php\/wp-json\/wp\/v2\/pages\/23610\/revisions\/23611"}],"up":[{"embeddable":true,"href":"https:\/\/sp1hrubieszow.pl\/index.php\/wp-json\/wp\/v2\/pages\/5983"}],"wp:attachment":[{"href":"https:\/\/sp1hrubieszow.pl\/index.php\/wp-json\/wp\/v2\/media?parent=23610"}],"curies":[{"name":"wp","href":"https:\/\/api.w.org\/{rel}","templated":true}]}}