{"id":23599,"date":"2023-12-15T07:10:10","date_gmt":"2023-12-15T06:10:10","guid":{"rendered":"https:\/\/sp1hrubieszow.pl\/?page_id=23599"},"modified":"2023-12-15T07:14:27","modified_gmt":"2023-12-15T06:14:27","slug":"lekcja-o-rozwijaniu-zainteresowan","status":"publish","type":"page","link":"https:\/\/sp1hrubieszow.pl\/index.php\/kronika-2019-2020\/lekcja-o-rozwijaniu-zainteresowan\/","title":{"rendered":"Lekcja o rozwijaniu zainteresowa\u0144"},"content":{"rendered":"\n<p><span style=\"color: #000080;\">14.12.2023r. lekcja j\u0119zyka polskiego w klasach czwartych odby\u0142a si\u0119 w nietypowy spos\u00f3b. Tego dnia na sali korekcyjnej odby\u0142o si\u0119 spotkanie z pani\u0105 Jolant\u0105 Jurczy\u0144sk\u0105 \u2013 emerytowan\u0105 nauczycielk\u0105, kt\u00f3ra w bardzo ciekawy spos\u00f3b opowiada\u0142a m\u0142odym s\u0142uchaczom o swoich pasjach i zainteresowaniach. Spotkanie to by\u0142o przedsmakiem innowacji pedagogicznej<\/span><span style=\"color: #000080;\">&nbsp;\u201eJa i senior \u2013 \u0142\u0105czymy pokolenia\u201d, kt\u00f3ra b\u0119dzie realizowana <br>w przysz\u0142ym semestrze.&nbsp; Uczniowie z podziwem i ciekawo\u015bci\u0105 ogl\u0105dali wytwory pracy pani Jolanty, a tak\u017ce filmiki <\/span><span style=\"color: #000080;\">z jej podr\u00f3\u017cy do najdalszych zak\u0105tk\u00f3w \u015bwiata. Celem tej lekcji by\u0142o u\u015bwiadomienie dzieciom, \u017ce w ka\u017cdym wieku mo\u017cna realizowa\u0107 si\u0119 na wielu polach i przyjemnie oraz po\u017cytecznie sp\u0119dza\u0107 czas.<\/span><\/p>\nngg_shortcode_0_placeholder\n","protected":false},"excerpt":{"rendered":"<p>14.12.2023r. lekcja j\u0119zyka polskiego w klasach czwartych odby\u0142a si\u0119 w nietypowy spos\u00f3b. Tego dnia na sali korekcyjnej odby\u0142o si\u0119 spotkanie z pani\u0105 Jolant\u0105 Jurczy\u0144sk\u0105 \u2013 emerytowan\u0105 nauczycielk\u0105, kt\u00f3ra w bardzo ciekawy spos\u00f3b opowiada\u0142a m\u0142odym s\u0142uchaczom o swoich pasjach i zainteresowaniach. Spotkanie to by\u0142o przedsmakiem innowacji pedagogicznej&nbsp;\u201eJa i senior \u2013 \u0142\u0105czymy pokolenia\u201d, kt\u00f3ra b\u0119dzie realizowana w [&hellip;]<\/p>\n","protected":false},"author":4,"featured_media":0,"parent":2167,"menu_order":0,"comment_status":"closed","ping_status":"closed","template":"","meta":{"ngg_post_thumbnail":0,"footnotes":""},"class_list":["post-23599","page","type-page","status-publish","hentry"],"_links":{"self":[{"href":"https:\/\/sp1hrubieszow.pl\/index.php\/wp-json\/wp\/v2\/pages\/23599","targetHints":{"allow":["GET"]}}],"collection":[{"href":"https:\/\/sp1hrubieszow.pl\/index.php\/wp-json\/wp\/v2\/pages"}],"about":[{"href":"https:\/\/sp1hrubieszow.pl\/index.php\/wp-json\/wp\/v2\/types\/page"}],"author":[{"embeddable":true,"href":"https:\/\/sp1hrubieszow.pl\/index.php\/wp-json\/wp\/v2\/users\/4"}],"replies":[{"embeddable":true,"href":"https:\/\/sp1hrubieszow.pl\/index.php\/wp-json\/wp\/v2\/comments?post=23599"}],"version-history":[{"count":3,"href":"https:\/\/sp1hrubieszow.pl\/index.php\/wp-json\/wp\/v2\/pages\/23599\/revisions"}],"predecessor-version":[{"id":23604,"href":"https:\/\/sp1hrubieszow.pl\/index.php\/wp-json\/wp\/v2\/pages\/23599\/revisions\/23604"}],"up":[{"embeddable":true,"href":"https:\/\/sp1hrubieszow.pl\/index.php\/wp-json\/wp\/v2\/pages\/2167"}],"wp:attachment":[{"href":"https:\/\/sp1hrubieszow.pl\/index.php\/wp-json\/wp\/v2\/media?parent=23599"}],"curies":[{"name":"wp","href":"https:\/\/api.w.org\/{rel}","templated":true}]}}