{"id":23567,"date":"2023-12-14T19:46:07","date_gmt":"2023-12-14T18:46:07","guid":{"rendered":"https:\/\/sp1hrubieszow.pl\/?page_id=23567"},"modified":"2023-12-18T21:50:52","modified_gmt":"2023-12-18T20:50:52","slug":"mikolajkowy-turniej-tenisa-stolowego-2","status":"publish","type":"page","link":"https:\/\/sp1hrubieszow.pl\/index.php\/kronika-2020-2021\/mikolajkowy-turniej-tenisa-stolowego-2\/","title":{"rendered":"Miko\u0142ajkowy Turniej Tenisa Sto\u0142owego"},"content":{"rendered":"\n<div class=\"xdj266r x11i5rnm xat24cr x1mh8g0r x1vvkbs x126k92a\">\n<div dir=\"auto\"><span style=\"color: #000080;\">Tradycj\u0105 od wielu lat w naszej szkole jest Miko\u0142ajkowy Turniej Tenisa Sto\u0142owego. Sportowych emocji nie brakowa\u0142o, najlepsi zostali nagrodzeni medalami oraz dyplomami.<\/span><\/div>\n<\/div>\n<div class=\"x11i5rnm xat24cr x1mh8g0r x1vvkbs xtlvy1s x126k92a\">\n<div dir=\"auto\"><span style=\"color: #000080;\">Wyniki:<\/span><\/div>\n<div dir=\"auto\"><span style=\"color: #000080;\">Dziewcz\u0119ta klasy 4 i m\u0142odsze:<\/span><\/div>\n<div dir=\"auto\"><span style=\"color: #000080;\">1. Nikola Nowak<\/span><\/div>\n<div dir=\"auto\"><span style=\"color: #000080;\">2. Alicja Rudek<\/span><\/div>\n<div dir=\"auto\"><span style=\"color: #000080;\">Ch\u0142opcy klasy 4 i m\u0142odsi:<\/span><\/div>\n<div dir=\"auto\"><span style=\"color: #000080;\">1. Bartosz D\u0105browski<\/span><\/div>\n<div dir=\"auto\"><span style=\"color: #000080;\">2. Micha\u0142 Nowacki<\/span><\/div>\n<div dir=\"auto\"><span style=\"color: #000080;\">3. Mi\u0142osz Ksi\u0119\u017cyk<\/span><\/div>\n<\/div>\n<div class=\"x11i5rnm xat24cr x1mh8g0r x1vvkbs xtlvy1s x126k92a\">\n<div dir=\"auto\"><span style=\"color: #000080;\">Dziewcz\u0119ta klasy 5-6:<\/span><\/div>\n<div dir=\"auto\"><span style=\"color: #000080;\">1. Anna Kie\u0142basa<\/span><\/div>\n<div dir=\"auto\"><span style=\"color: #000080;\">2. Iga Nowosad<\/span><\/div>\n<div dir=\"auto\"><span style=\"color: #000080;\">3. Maja Magdziak<\/span><\/div>\n<\/div>\n<div class=\"x11i5rnm xat24cr x1mh8g0r x1vvkbs xtlvy1s x126k92a\">\n<div dir=\"auto\"><span style=\"color: #000080;\">Ch\u0142opcy klasy 5-6:<\/span><\/div>\n<div dir=\"auto\"><span style=\"color: #000080;\">1. Maciej Borz\u0119cki<\/span><\/div>\n<div dir=\"auto\"><span style=\"color: #000080;\">2. Rafa\u0142 Jankowski<\/span><\/div>\n<div dir=\"auto\"><span style=\"color: #000080;\">3. Maciej Zaj\u0105c<\/span><\/div>\n<\/div>\n<div class=\"x11i5rnm xat24cr x1mh8g0r x1vvkbs xtlvy1s x126k92a\">\n<div dir=\"auto\"><span style=\"color: #000080;\">Dziewcz\u0119ta klasy 7-8:<\/span><\/div>\n<div dir=\"auto\"><span style=\"color: #000080;\">1. Nikola Pietryna<\/span><\/div>\n<div dir=\"auto\"><span style=\"color: #000080;\">2. Lena Ho\u0142\u00f3wek<\/span><\/div>\n<div dir=\"auto\"><span style=\"color: #000080;\">3. Zuzanna Nowakowska<\/span><\/div>\n<\/div>\n<div class=\"x11i5rnm xat24cr x1mh8g0r x1vvkbs xtlvy1s x126k92a\">\n<div dir=\"auto\"><span style=\"color: #000080;\">Ch\u0142opcy klasy 7-8:<\/span><\/div>\n<div dir=\"auto\"><span style=\"color: #000080;\">1. Jakub G\u0142uszak<\/span><\/div>\n<div dir=\"auto\"><span style=\"color: #000080;\">2. Dominik Dubienko<\/span><\/div>\n<div dir=\"auto\"><span style=\"color: #000080;\">3. Mateusz Bodnar<\/span><\/div>\n<div dir=\"auto\">\nngg_shortcode_0_placeholder\n<\/div>\n<\/div>\n","protected":false},"excerpt":{"rendered":"<p>Tradycj\u0105 od wielu lat w naszej szkole jest Miko\u0142ajkowy Turniej Tenisa Sto\u0142owego. Sportowych emocji nie brakowa\u0142o, najlepsi zostali nagrodzeni medalami oraz dyplomami. Wyniki: Dziewcz\u0119ta klasy 4 i m\u0142odsze: 1. Nikola Nowak 2. Alicja Rudek Ch\u0142opcy klasy 4 i m\u0142odsi: 1. Bartosz D\u0105browski 2. Micha\u0142 Nowacki 3. Mi\u0142osz Ksi\u0119\u017cyk Dziewcz\u0119ta klasy 5-6: 1. Anna Kie\u0142basa 2. [&hellip;]<\/p>\n","protected":false},"author":2,"featured_media":0,"parent":5983,"menu_order":0,"comment_status":"closed","ping_status":"closed","template":"","meta":{"ngg_post_thumbnail":0,"footnotes":""},"class_list":["post-23567","page","type-page","status-publish","hentry"],"_links":{"self":[{"href":"https:\/\/sp1hrubieszow.pl\/index.php\/wp-json\/wp\/v2\/pages\/23567","targetHints":{"allow":["GET"]}}],"collection":[{"href":"https:\/\/sp1hrubieszow.pl\/index.php\/wp-json\/wp\/v2\/pages"}],"about":[{"href":"https:\/\/sp1hrubieszow.pl\/index.php\/wp-json\/wp\/v2\/types\/page"}],"author":[{"embeddable":true,"href":"https:\/\/sp1hrubieszow.pl\/index.php\/wp-json\/wp\/v2\/users\/2"}],"replies":[{"embeddable":true,"href":"https:\/\/sp1hrubieszow.pl\/index.php\/wp-json\/wp\/v2\/comments?post=23567"}],"version-history":[{"count":1,"href":"https:\/\/sp1hrubieszow.pl\/index.php\/wp-json\/wp\/v2\/pages\/23567\/revisions"}],"predecessor-version":[{"id":23568,"href":"https:\/\/sp1hrubieszow.pl\/index.php\/wp-json\/wp\/v2\/pages\/23567\/revisions\/23568"}],"up":[{"embeddable":true,"href":"https:\/\/sp1hrubieszow.pl\/index.php\/wp-json\/wp\/v2\/pages\/5983"}],"wp:attachment":[{"href":"https:\/\/sp1hrubieszow.pl\/index.php\/wp-json\/wp\/v2\/media?parent=23567"}],"curies":[{"name":"wp","href":"https:\/\/api.w.org\/{rel}","templated":true}]}}