{"id":2356,"date":"2019-10-19T19:25:20","date_gmt":"2019-10-19T17:25:20","guid":{"rendered":"http:\/\/sp1.hrubieszow.info\/?page_id=2356"},"modified":"2019-10-21T21:07:27","modified_gmt":"2019-10-21T19:07:27","slug":"wycieczka-klas-6","status":"publish","type":"page","link":"https:\/\/sp1hrubieszow.pl\/index.php\/kronika-2019-2020\/wycieczka-klas-6\/","title":{"rendered":"WYCIECZKA KLAS 6"},"content":{"rendered":"\n<p align=\"JUSTIFY\"><span style=\"font-family: Times New Roman, serif;\"><span style=\"font-size: medium;\"> Pogoda jaka jest\u2026ka\u017cdy widzi \u2013 zach\u0119ca do w\u0119dr\u00f3wek po przepi\u0119knych (szczeg\u00f3lnie jesieni\u0105) zak\u0105tkach naszego kraju. I dlatego klasy 6b, 6c i 6d wraz z opiekunami p. Monik\u0105 Czulak,&nbsp; &nbsp; &nbsp; &nbsp;p. Ma\u0142gorzat\u0105 Szumiat\u0105 i p. Anet\u0105 Rycerz wybra\u0142y si\u0119 14 i 15 pa\u017adziernika na wycieczk\u0119 do Krosna i Soliny. Plan wyprawy by\u0142 bardzo ciekawy, obfitowa\u0142 w liczne atrakcje. Zacz\u0119li\u015bmy od spaceru po Ogrodzie Biblijnym w Myczkowcach, gdzie pani przewodnik barwnie opisa\u0142a nam \u017cycie codzienne ludzi z czas\u00f3w Chrystusa. Nast\u0119pnie udali\u015bmy si\u0119 do Soliny na koron\u0119 zapory, a p\u00f3\u017aniej p\u0142ywali\u015bmy statkiem po Zalewie Soli\u0144skim. Pierwszy dzie\u0144 wycieczki zako\u0144czy\u0142 si\u0119 ogl\u0105daniem zachodu s\u0142o\u0144ca w urokliwej miejscowo\u015bci Pola\u0144czyk. Kolejnym punktem programu by\u0142a wizyta w Centrum Dziedzictwa Szk\u0142a, gdzie poznali\u015bmy ciekaw\u0105 histori\u0119 huty szk\u0142a w Kro\u015bnie, prze\u015bledzili\u015bmy proces powstawania wyrob\u00f3w szklanych, a tak\u017ce mieli\u015bmy okazj\u0119 sami wykona\u0107 obrazki na szkle. Potem udali\u015bmy si\u0119 do Kamie\u0144ca \u2013 Odrzykonia, gdzie znajduj\u0105 si\u0119 ruiny zamku, w kt\u00f3rym w XVII wieku zamieszkiwa\u0142y dwa zwa\u015bnione rody Firlej\u00f3w i Skotnickich. Historia ich sporu zosta\u0142a uwieczniona przez Aleksandra Fredr\u0119 <\/span><\/span><span style=\"font-family: Times New Roman, serif;\"><span style=\"font-size: medium;\">w komedii pt. \u201eZemsta\u201d. Zwiedzili\u015bmy tak\u017ce \u201eSal\u0119 tortur\u201d i wys\u0142uchali\u015bmy mro\u017c\u0105c\u0105 krew w \u017cy\u0142ach opowie\u015b\u0107 o tym, jak w \u015bredniowieczu karano ludzi za przest\u0119pstwa.<\/span><\/span><\/p>\n<p align=\"JUSTIFY\"><span style=\"font-family: Times New Roman, serif;\"><span style=\"font-size: medium;\"> Najwi\u0119ksza atrakcj\u0105 okaza\u0142a si\u0119 jednak wizyta w Korczynie w Pijalni Czekolady. <br>To niesamowite miejsce do z\u0142udzenia przypomina fabryk\u0119 czekolady Willie\u2019ego Wonka \u2013 krain\u0119 dzieci\u0144stwa i s\u0142odko\u015bci. Uczestnicy mogli sami zrobi\u0107 pyszn\u0105 czekolad\u0119 i udekorowa\u0107 j\u0105 wed\u0142ug w\u0142asnego pomys\u0142u. Warsztaty bardzo podoba\u0142y si\u0119 wszystkim, z \u017calem opuszczali\u015bmy ten \u201es\u0142odki\u201d zak\u0105tek, ale trzeba by\u0142o uda\u0107 si\u0119 ju\u017c w drog\u0119 powrotn\u0105 do domu.<\/span><\/span><\/p>\nngg_shortcode_0_placeholder\n","protected":false},"excerpt":{"rendered":"<p>Pogoda jaka jest\u2026ka\u017cdy widzi \u2013 zach\u0119ca do w\u0119dr\u00f3wek po przepi\u0119knych (szczeg\u00f3lnie jesieni\u0105) zak\u0105tkach naszego kraju. I dlatego klasy 6b, 6c i 6d wraz z opiekunami p. Monik\u0105 Czulak,&nbsp; &nbsp; &nbsp; &nbsp;p. Ma\u0142gorzat\u0105 Szumiat\u0105 i p. Anet\u0105 Rycerz wybra\u0142y si\u0119 14 i 15 pa\u017adziernika na wycieczk\u0119 do Krosna i Soliny. Plan wyprawy by\u0142 bardzo ciekawy, obfitowa\u0142 [&hellip;]<\/p>\n","protected":false},"author":2,"featured_media":0,"parent":2167,"menu_order":0,"comment_status":"closed","ping_status":"closed","template":"","meta":{"ngg_post_thumbnail":0,"footnotes":""},"class_list":["post-2356","page","type-page","status-publish","hentry"],"_links":{"self":[{"href":"https:\/\/sp1hrubieszow.pl\/index.php\/wp-json\/wp\/v2\/pages\/2356","targetHints":{"allow":["GET"]}}],"collection":[{"href":"https:\/\/sp1hrubieszow.pl\/index.php\/wp-json\/wp\/v2\/pages"}],"about":[{"href":"https:\/\/sp1hrubieszow.pl\/index.php\/wp-json\/wp\/v2\/types\/page"}],"author":[{"embeddable":true,"href":"https:\/\/sp1hrubieszow.pl\/index.php\/wp-json\/wp\/v2\/users\/2"}],"replies":[{"embeddable":true,"href":"https:\/\/sp1hrubieszow.pl\/index.php\/wp-json\/wp\/v2\/comments?post=2356"}],"version-history":[{"count":5,"href":"https:\/\/sp1hrubieszow.pl\/index.php\/wp-json\/wp\/v2\/pages\/2356\/revisions"}],"predecessor-version":[{"id":2395,"href":"https:\/\/sp1hrubieszow.pl\/index.php\/wp-json\/wp\/v2\/pages\/2356\/revisions\/2395"}],"up":[{"embeddable":true,"href":"https:\/\/sp1hrubieszow.pl\/index.php\/wp-json\/wp\/v2\/pages\/2167"}],"wp:attachment":[{"href":"https:\/\/sp1hrubieszow.pl\/index.php\/wp-json\/wp\/v2\/media?parent=2356"}],"curies":[{"name":"wp","href":"https:\/\/api.w.org\/{rel}","templated":true}]}}