{"id":23533,"date":"2023-12-13T18:35:43","date_gmt":"2023-12-13T17:35:43","guid":{"rendered":"https:\/\/sp1hrubieszow.pl\/?page_id=23533"},"modified":"2023-12-13T18:35:43","modified_gmt":"2023-12-13T17:35:43","slug":"zimowa-akademia-sportu","status":"publish","type":"page","link":"https:\/\/sp1hrubieszow.pl\/index.php\/kronika-2019-2020\/zimowa-akademia-sportu\/","title":{"rendered":"ZIMOWA AKADEMIA SPORTU"},"content":{"rendered":"\n<p>12 grudnia 2023r. klasa 4a bra\u0142a udzia\u0142 w projekcie \u201eZimowa Akademia Sportu\u201d. Hrubieszowski O\u015brodek Sportu i Rekreacji zorganizowa\u0142 og\u00f3lnorozwojowe zaj\u0119cia &nbsp;<br>z elementami zimowych dyscyplin sportowych. Dzi\u0119ki temu multidyscyplinarnemu projektowi uczniowie, pod czujnym okiem polskich olimpijczyk\u00f3w, mogli wypr\u00f3bowa\u0107 swoje si\u0142y m.in. w takich dyscyplinach jak: biathlon, narciarstwo alpejskie, curling, saneczkarstwo. Uczniowie z wielk\u0105 pasj\u0105 i zaanga\u017cowaniem \u0107wiczyli swoje umiej\u0119tno\u015bci <br>w poszczeg\u00f3lnych dyscyplinach sportowych. Niekt\u00f3rzy stan\u0119li nawet na podium, wygrywaj\u0105c w r\u00f3\u017cnych konkurencjach. Zimowa Akademia Sportu okaza\u0142a si\u0119 ciekawym <br>i niezapomnianym prze\u017cyciem dla czwartoklasist\u00f3w.<\/p>\nngg_shortcode_0_placeholder\n","protected":false},"excerpt":{"rendered":"<p>12 grudnia 2023r. klasa 4a bra\u0142a udzia\u0142 w projekcie \u201eZimowa Akademia Sportu\u201d. Hrubieszowski O\u015brodek Sportu i Rekreacji zorganizowa\u0142 og\u00f3lnorozwojowe zaj\u0119cia &nbsp;z elementami zimowych dyscyplin sportowych. Dzi\u0119ki temu multidyscyplinarnemu projektowi uczniowie, pod czujnym okiem polskich olimpijczyk\u00f3w, mogli wypr\u00f3bowa\u0107 swoje si\u0142y m.in. w takich dyscyplinach jak: biathlon, narciarstwo alpejskie, curling, saneczkarstwo. Uczniowie z wielk\u0105 pasj\u0105 i zaanga\u017cowaniem [&hellip;]<\/p>\n","protected":false},"author":4,"featured_media":0,"parent":2167,"menu_order":0,"comment_status":"closed","ping_status":"closed","template":"","meta":{"ngg_post_thumbnail":0,"footnotes":""},"class_list":["post-23533","page","type-page","status-publish","hentry"],"_links":{"self":[{"href":"https:\/\/sp1hrubieszow.pl\/index.php\/wp-json\/wp\/v2\/pages\/23533","targetHints":{"allow":["GET"]}}],"collection":[{"href":"https:\/\/sp1hrubieszow.pl\/index.php\/wp-json\/wp\/v2\/pages"}],"about":[{"href":"https:\/\/sp1hrubieszow.pl\/index.php\/wp-json\/wp\/v2\/types\/page"}],"author":[{"embeddable":true,"href":"https:\/\/sp1hrubieszow.pl\/index.php\/wp-json\/wp\/v2\/users\/4"}],"replies":[{"embeddable":true,"href":"https:\/\/sp1hrubieszow.pl\/index.php\/wp-json\/wp\/v2\/comments?post=23533"}],"version-history":[{"count":1,"href":"https:\/\/sp1hrubieszow.pl\/index.php\/wp-json\/wp\/v2\/pages\/23533\/revisions"}],"predecessor-version":[{"id":23534,"href":"https:\/\/sp1hrubieszow.pl\/index.php\/wp-json\/wp\/v2\/pages\/23533\/revisions\/23534"}],"up":[{"embeddable":true,"href":"https:\/\/sp1hrubieszow.pl\/index.php\/wp-json\/wp\/v2\/pages\/2167"}],"wp:attachment":[{"href":"https:\/\/sp1hrubieszow.pl\/index.php\/wp-json\/wp\/v2\/media?parent=23533"}],"curies":[{"name":"wp","href":"https:\/\/api.w.org\/{rel}","templated":true}]}}