{"id":23505,"date":"2023-12-10T17:19:32","date_gmt":"2023-12-10T16:19:32","guid":{"rendered":"https:\/\/sp1hrubieszow.pl\/?page_id=23505"},"modified":"2023-12-10T17:20:00","modified_gmt":"2023-12-10T16:20:00","slug":"podsumowanie-warsztatow-hrubieszowskie-dzieciaki-z-klasa","status":"publish","type":"page","link":"https:\/\/sp1hrubieszow.pl\/index.php\/kronika-2020-2021\/podsumowanie-warsztatow-hrubieszowskie-dzieciaki-z-klasa\/","title":{"rendered":"Podsumowanie warsztat\u00f3w &#8222;Hrubieszowskie Dzieciaki z Klas\u0105&#8221;"},"content":{"rendered":"\n\n\n<p><span style=\"color: #000080;\">05 grudnia uczniowie klas 6 naszej szko\u0142y wraz z wychowawcami uczestniczyli w spotkaniu podsumowuj\u0105cym warsztaty realizowane w ramach programu \u201eHrubieszowskie Dzieciaki z Klas\u0105\u201d.<\/span><\/p>\n<p><span style=\"color: #000080;\">Uroczyste spotkanie odby\u0142o si\u0119 w restauracji \u201eGniecki\u201d. Dzieci, podczas obiadu, mia\u0142y okazj\u0119 w praktyce przetestowa\u0107 umiej\u0119tno\u015bci nabyte w czasie warsztat\u00f3w. Ka\u017cdy ucze\u0144 odebra\u0142 te\u017c pami\u0105tkowy dyplom \u201eMistrza Savoir-Vivre\u2019u\u201d. To by\u0142 niezapomniany czas i mamy nadziej\u0119, \u017ce nabyte umiej\u0119tno\u015bci oraz zdobyta wiedza b\u0119d\u0105 wykorzystywane ka\u017cdego dnia.<\/span><\/p>\n<p><span style=\"color: #000080;\">Serdecznie dzi\u0119kujemy prowadz\u0105cym warsztaty \u2013 Pani Ma\u0142gorzacie Dudek oraz Panu Micha\u0142owi Dudek z Fundacji \u201eRado\u015b\u0107 Uczenia Si\u0119\u201d z Lublina. Podzi\u0119kowania kierujemy te\u017c w stron\u0119 Pani Dyrektor Miejskiej Biblioteki Publicznej \u2013 Pani Jolancie Janiec oraz Pani Burmistrz Marcie Majewskiej, kt\u00f3ra obj\u0119\u0142a projekt swoim patronatem.<\/span><\/p>\nngg_shortcode_0_placeholder\n","protected":false},"excerpt":{"rendered":"<p>05 grudnia uczniowie klas 6 naszej szko\u0142y wraz z wychowawcami uczestniczyli w spotkaniu podsumowuj\u0105cym warsztaty realizowane w ramach programu \u201eHrubieszowskie Dzieciaki z Klas\u0105\u201d. Uroczyste spotkanie odby\u0142o si\u0119 w restauracji \u201eGniecki\u201d. Dzieci, podczas obiadu, mia\u0142y okazj\u0119 w praktyce przetestowa\u0107 umiej\u0119tno\u015bci nabyte w czasie warsztat\u00f3w. Ka\u017cdy ucze\u0144 odebra\u0142 te\u017c pami\u0105tkowy dyplom \u201eMistrza Savoir-Vivre\u2019u\u201d. To by\u0142 niezapomniany czas [&hellip;]<\/p>\n","protected":false},"author":2,"featured_media":0,"parent":5983,"menu_order":0,"comment_status":"closed","ping_status":"closed","template":"","meta":{"ngg_post_thumbnail":0,"footnotes":""},"class_list":["post-23505","page","type-page","status-publish","hentry"],"_links":{"self":[{"href":"https:\/\/sp1hrubieszow.pl\/index.php\/wp-json\/wp\/v2\/pages\/23505","targetHints":{"allow":["GET"]}}],"collection":[{"href":"https:\/\/sp1hrubieszow.pl\/index.php\/wp-json\/wp\/v2\/pages"}],"about":[{"href":"https:\/\/sp1hrubieszow.pl\/index.php\/wp-json\/wp\/v2\/types\/page"}],"author":[{"embeddable":true,"href":"https:\/\/sp1hrubieszow.pl\/index.php\/wp-json\/wp\/v2\/users\/2"}],"replies":[{"embeddable":true,"href":"https:\/\/sp1hrubieszow.pl\/index.php\/wp-json\/wp\/v2\/comments?post=23505"}],"version-history":[{"count":1,"href":"https:\/\/sp1hrubieszow.pl\/index.php\/wp-json\/wp\/v2\/pages\/23505\/revisions"}],"predecessor-version":[{"id":23506,"href":"https:\/\/sp1hrubieszow.pl\/index.php\/wp-json\/wp\/v2\/pages\/23505\/revisions\/23506"}],"up":[{"embeddable":true,"href":"https:\/\/sp1hrubieszow.pl\/index.php\/wp-json\/wp\/v2\/pages\/5983"}],"wp:attachment":[{"href":"https:\/\/sp1hrubieszow.pl\/index.php\/wp-json\/wp\/v2\/media?parent=23505"}],"curies":[{"name":"wp","href":"https:\/\/api.w.org\/{rel}","templated":true}]}}