{"id":23481,"date":"2023-12-10T16:27:05","date_gmt":"2023-12-10T15:27:05","guid":{"rendered":"https:\/\/sp1hrubieszow.pl\/?page_id=23481"},"modified":"2023-12-10T16:27:05","modified_gmt":"2023-12-10T15:27:05","slug":"jezyk-angielski-z-misiem-paddingtonem","status":"publish","type":"page","link":"https:\/\/sp1hrubieszow.pl\/index.php\/kronika-2019-2020\/jezyk-angielski-z-misiem-paddingtonem\/","title":{"rendered":"J\u0119zyk angielski z Misiem Paddingtonem"},"content":{"rendered":"\n\n\n<p><span style=\"color: #000080;\">Na lekcjach j\u0119zyka angielskiego uczniowie Pani Ilony Winogrodzkiej uczestniczyli <\/span><br><span style=\"color: #000080;\">w obchodach \u015awiatowego Dnia Pluszowego Misia oraz Miko\u0142ajek. W tych dniach uczniowie czytali ksi\u0105\u017cki w j\u0119zyku angielskim o przygodach Misia Paddingtona <br>autorstwa brytyjskiego pisarza Michaela Bonda oraz ogl\u0105dali filmik z wizyty <br>Paddingtona u Kr\u00f3lowej El\u017cbiety II <\/span><span style=\"color: #000080;\">w Pa\u0142acu Buckingham w Londynie.<\/span><\/p>\nngg_shortcode_0_placeholder\n<p>&nbsp;<\/p>\n","protected":false},"excerpt":{"rendered":"<p>Na lekcjach j\u0119zyka angielskiego uczniowie Pani Ilony Winogrodzkiej uczestniczyli w obchodach \u015awiatowego Dnia Pluszowego Misia oraz Miko\u0142ajek. W tych dniach uczniowie czytali ksi\u0105\u017cki w j\u0119zyku angielskim o przygodach Misia Paddingtona autorstwa brytyjskiego pisarza Michaela Bonda oraz ogl\u0105dali filmik z wizyty Paddingtona u Kr\u00f3lowej El\u017cbiety II w Pa\u0142acu Buckingham w Londynie. &nbsp;<\/p>\n","protected":false},"author":4,"featured_media":0,"parent":2167,"menu_order":0,"comment_status":"closed","ping_status":"closed","template":"","meta":{"ngg_post_thumbnail":0,"footnotes":""},"class_list":["post-23481","page","type-page","status-publish","hentry"],"_links":{"self":[{"href":"https:\/\/sp1hrubieszow.pl\/index.php\/wp-json\/wp\/v2\/pages\/23481","targetHints":{"allow":["GET"]}}],"collection":[{"href":"https:\/\/sp1hrubieszow.pl\/index.php\/wp-json\/wp\/v2\/pages"}],"about":[{"href":"https:\/\/sp1hrubieszow.pl\/index.php\/wp-json\/wp\/v2\/types\/page"}],"author":[{"embeddable":true,"href":"https:\/\/sp1hrubieszow.pl\/index.php\/wp-json\/wp\/v2\/users\/4"}],"replies":[{"embeddable":true,"href":"https:\/\/sp1hrubieszow.pl\/index.php\/wp-json\/wp\/v2\/comments?post=23481"}],"version-history":[{"count":1,"href":"https:\/\/sp1hrubieszow.pl\/index.php\/wp-json\/wp\/v2\/pages\/23481\/revisions"}],"predecessor-version":[{"id":23482,"href":"https:\/\/sp1hrubieszow.pl\/index.php\/wp-json\/wp\/v2\/pages\/23481\/revisions\/23482"}],"up":[{"embeddable":true,"href":"https:\/\/sp1hrubieszow.pl\/index.php\/wp-json\/wp\/v2\/pages\/2167"}],"wp:attachment":[{"href":"https:\/\/sp1hrubieszow.pl\/index.php\/wp-json\/wp\/v2\/media?parent=23481"}],"curies":[{"name":"wp","href":"https:\/\/api.w.org\/{rel}","templated":true}]}}