{"id":23454,"date":"2023-12-10T16:22:00","date_gmt":"2023-12-10T15:22:00","guid":{"rendered":"https:\/\/sp1hrubieszow.pl\/?page_id=23454"},"modified":"2023-12-10T16:22:40","modified_gmt":"2023-12-10T15:22:40","slug":"wycieczka-do-sandomierza-i-nowej-deby","status":"publish","type":"page","link":"https:\/\/sp1hrubieszow.pl\/index.php\/kronika-2020-2021\/wycieczka-do-sandomierza-i-nowej-deby\/","title":{"rendered":"Wycieczka do Sandomierza i Nowej D\u0119by"},"content":{"rendered":"\n<p><span style=\"color: #000080;\">W dniu 6 grudnia uczniowie klasy II b i III c wraz z opiekunami pani\u0105 Renat\u0105 Pacza\u0142\u0105 i pani\u0105 Joann\u0105 Sawick\u0105 uczestniczyli w wycieczce do Sandomierza i Nowej D\u0119by. W Sandomierzu, jednym z najstarszych miast Polski, dzieci zwiedza\u0142y m.in. Ko\u015bci\u00f3\u0142 \u015aw. Paw\u0142a, W\u0105w\u00f3z Kr\u00f3lowej Jadwigi, Ucho Igielne, Bram\u0119 Opatowsk\u0105 oraz Rynek z Ratuszem. Wiele rado\u015bci uczestnikom wycieczki dostarczy\u0142a wizyta w Zbrojowni Rycerskiej i spotkanie ze \u015bredniowiecznym rycerzem, kt\u00f3ry w humorystyczny spos\u00f3b przybli\u017cy\u0142 dzieciom wydarzenia zwi\u0105zane z histori\u0105 miasta. Dzieci mia\u0142y mo\u017cliwo\u015b\u0107 przymierzy\u0107 str\u00f3j szlachcianki, rycerza, w\u0142o\u017cy\u0107 zbroj\u0119 lub wzi\u0105\u0107 do r\u0119ki szabl\u0119 czy miecz i w ten spos\u00f3b odby\u0107 podr\u00f3\u017c w przesz\u0142o\u015b\u0107. Nast\u0119pnym punktem programu by\u0142o zwiedzanie Fabryki i Muzeum Bombek Choinkowych w Nowej D\u0119bie. Jest to niepowtarzalne miejsce na \u015bwiecie, gdzie mo\u017cna poczu\u0107 \u015bwi\u0105teczn\u0105 atmosfer\u0119. Podziwiali\u015bmy tysi\u0105ce wyj\u0105tkowych eksponat\u00f3w jakimi s\u0105 ozdoby choinkowe oraz poznawali\u015bmy od podstaw proces ich powstawania. W muzeum przywita\u0142 nas Miko\u0142aj, kt\u00f3ry cz\u0119stowa\u0142 s\u0142odyczami. Po obejrzeniu eksponat\u00f3w wzi\u0119li\u015bmy udzia\u0142 w warsztatach ozdabiania bombki. Na pami\u0105tk\u0119 wizyty w fabryce wszyscy uczestnicy otrzymali upominek w postaci bombki z w\u0142asnym imieniem i dokonali zakup\u00f3w ozd\u00f3b choinkowych dla najbli\u017cszych.<\/span><\/p>\nngg_shortcode_0_placeholder\n","protected":false},"excerpt":{"rendered":"<p>W dniu 6 grudnia uczniowie klasy II b i III c wraz z opiekunami pani\u0105 Renat\u0105 Pacza\u0142\u0105 i pani\u0105 Joann\u0105 Sawick\u0105 uczestniczyli w wycieczce do Sandomierza i Nowej D\u0119by. W Sandomierzu, jednym z najstarszych miast Polski, dzieci zwiedza\u0142y m.in. Ko\u015bci\u00f3\u0142 \u015aw. Paw\u0142a, W\u0105w\u00f3z Kr\u00f3lowej Jadwigi, Ucho Igielne, Bram\u0119 Opatowsk\u0105 oraz Rynek z Ratuszem. Wiele rado\u015bci [&hellip;]<\/p>\n","protected":false},"author":2,"featured_media":0,"parent":5983,"menu_order":0,"comment_status":"closed","ping_status":"closed","template":"","meta":{"ngg_post_thumbnail":0,"footnotes":""},"class_list":["post-23454","page","type-page","status-publish","hentry"],"_links":{"self":[{"href":"https:\/\/sp1hrubieszow.pl\/index.php\/wp-json\/wp\/v2\/pages\/23454","targetHints":{"allow":["GET"]}}],"collection":[{"href":"https:\/\/sp1hrubieszow.pl\/index.php\/wp-json\/wp\/v2\/pages"}],"about":[{"href":"https:\/\/sp1hrubieszow.pl\/index.php\/wp-json\/wp\/v2\/types\/page"}],"author":[{"embeddable":true,"href":"https:\/\/sp1hrubieszow.pl\/index.php\/wp-json\/wp\/v2\/users\/2"}],"replies":[{"embeddable":true,"href":"https:\/\/sp1hrubieszow.pl\/index.php\/wp-json\/wp\/v2\/comments?post=23454"}],"version-history":[{"count":1,"href":"https:\/\/sp1hrubieszow.pl\/index.php\/wp-json\/wp\/v2\/pages\/23454\/revisions"}],"predecessor-version":[{"id":23456,"href":"https:\/\/sp1hrubieszow.pl\/index.php\/wp-json\/wp\/v2\/pages\/23454\/revisions\/23456"}],"up":[{"embeddable":true,"href":"https:\/\/sp1hrubieszow.pl\/index.php\/wp-json\/wp\/v2\/pages\/5983"}],"wp:attachment":[{"href":"https:\/\/sp1hrubieszow.pl\/index.php\/wp-json\/wp\/v2\/media?parent=23454"}],"curies":[{"name":"wp","href":"https:\/\/api.w.org\/{rel}","templated":true}]}}