{"id":23361,"date":"2023-12-07T21:01:54","date_gmt":"2023-12-07T20:01:54","guid":{"rendered":"https:\/\/sp1hrubieszow.pl\/?page_id=23361"},"modified":"2023-12-07T21:01:54","modified_gmt":"2023-12-07T20:01:54","slug":"mikolajki-w-naszej-szkole-2","status":"publish","type":"page","link":"https:\/\/sp1hrubieszow.pl\/index.php\/kronika-2019-2020\/mikolajki-w-naszej-szkole-2\/","title":{"rendered":"Miko\u0142ajki w naszej szkole"},"content":{"rendered":"\n<p>&nbsp;6 grudnia 2023r. od samego rana Miko\u0142aj w towarzystwie \u015anie\u017cynek chodzi\u0142 po szkole, cz\u0119stowa\u0142 wszystkich cukierkami i wr\u0119cza\u0142 prezenty. Uczniowie klas 1-3 obejrzeli przedstawienie miko\u0142ajkowe pt. &#8222;Zawsze miej dobre serce&#8221;, kt\u00f3re przygotowa\u0142 Ma\u0142y Samorz\u0105d Uczniowski, a pani dyrektor Ewa Szostak na r\u0119ce wychowawc\u00f3w rozda\u0142a <br>dla dzieci s\u0142odycze. Pi\u0119kn\u0105, nastrojow\u0105 dekoracj\u0119 wykona\u0142y panie: Arleta Kowalska <br>i Ewa Filipowicz-Sidorczuk.<\/p>\nngg_shortcode_0_placeholder\n","protected":false},"excerpt":{"rendered":"<p>&nbsp;6 grudnia 2023r. od samego rana Miko\u0142aj w towarzystwie \u015anie\u017cynek chodzi\u0142 po szkole, cz\u0119stowa\u0142 wszystkich cukierkami i wr\u0119cza\u0142 prezenty. Uczniowie klas 1-3 obejrzeli przedstawienie miko\u0142ajkowe pt. &#8222;Zawsze miej dobre serce&#8221;, kt\u00f3re przygotowa\u0142 Ma\u0142y Samorz\u0105d Uczniowski, a pani dyrektor Ewa Szostak na r\u0119ce wychowawc\u00f3w rozda\u0142a dla dzieci s\u0142odycze. Pi\u0119kn\u0105, nastrojow\u0105 dekoracj\u0119 wykona\u0142y panie: Arleta Kowalska i [&hellip;]<\/p>\n","protected":false},"author":4,"featured_media":0,"parent":2167,"menu_order":0,"comment_status":"closed","ping_status":"closed","template":"","meta":{"ngg_post_thumbnail":0,"footnotes":""},"class_list":["post-23361","page","type-page","status-publish","hentry"],"_links":{"self":[{"href":"https:\/\/sp1hrubieszow.pl\/index.php\/wp-json\/wp\/v2\/pages\/23361","targetHints":{"allow":["GET"]}}],"collection":[{"href":"https:\/\/sp1hrubieszow.pl\/index.php\/wp-json\/wp\/v2\/pages"}],"about":[{"href":"https:\/\/sp1hrubieszow.pl\/index.php\/wp-json\/wp\/v2\/types\/page"}],"author":[{"embeddable":true,"href":"https:\/\/sp1hrubieszow.pl\/index.php\/wp-json\/wp\/v2\/users\/4"}],"replies":[{"embeddable":true,"href":"https:\/\/sp1hrubieszow.pl\/index.php\/wp-json\/wp\/v2\/comments?post=23361"}],"version-history":[{"count":2,"href":"https:\/\/sp1hrubieszow.pl\/index.php\/wp-json\/wp\/v2\/pages\/23361\/revisions"}],"predecessor-version":[{"id":23363,"href":"https:\/\/sp1hrubieszow.pl\/index.php\/wp-json\/wp\/v2\/pages\/23361\/revisions\/23363"}],"up":[{"embeddable":true,"href":"https:\/\/sp1hrubieszow.pl\/index.php\/wp-json\/wp\/v2\/pages\/2167"}],"wp:attachment":[{"href":"https:\/\/sp1hrubieszow.pl\/index.php\/wp-json\/wp\/v2\/media?parent=23361"}],"curies":[{"name":"wp","href":"https:\/\/api.w.org\/{rel}","templated":true}]}}