{"id":23266,"date":"2023-12-05T20:53:38","date_gmt":"2023-12-05T19:53:38","guid":{"rendered":"https:\/\/sp1hrubieszow.pl\/?page_id=23266"},"modified":"2023-12-05T20:53:56","modified_gmt":"2023-12-05T19:53:56","slug":"klasa-2b-na-warsztatach-andrzejkowych","status":"publish","type":"page","link":"https:\/\/sp1hrubieszow.pl\/index.php\/kronika-2020-2021\/klasa-2b-na-warsztatach-andrzejkowych\/","title":{"rendered":"Klasa 2b na warsztatach andrzejkowych"},"content":{"rendered":"\n<p><span style=\"color: #000080;\">29.11.23r. uczniowie klasy 2b uczestniczyli w warsztatach na temat Tradycje, wr\u00f3\u017cby i zabawy Andrzejkowa w hrubieszowskim muzeum im. St. Staszica. Pani Beatka przygotowa\u0142a bardzo wiele ciekawych wr\u00f3\u017cb, kt\u00f3re dostarczy\u0142y niezapomnianych wra\u017ce\u0144. Za co bardzo dzi\u0119kujemy.&nbsp;<\/span><\/p>\nngg_shortcode_0_placeholder\n","protected":false},"excerpt":{"rendered":"<p>29.11.23r. uczniowie klasy 2b uczestniczyli w warsztatach na temat Tradycje, wr\u00f3\u017cby i zabawy Andrzejkowa w hrubieszowskim muzeum im. St. Staszica. Pani Beatka przygotowa\u0142a bardzo wiele ciekawych wr\u00f3\u017cb, kt\u00f3re dostarczy\u0142y niezapomnianych wra\u017ce\u0144. Za co bardzo dzi\u0119kujemy.&nbsp;<\/p>\n","protected":false},"author":2,"featured_media":0,"parent":5983,"menu_order":0,"comment_status":"closed","ping_status":"closed","template":"","meta":{"ngg_post_thumbnail":0,"footnotes":""},"class_list":["post-23266","page","type-page","status-publish","hentry"],"_links":{"self":[{"href":"https:\/\/sp1hrubieszow.pl\/index.php\/wp-json\/wp\/v2\/pages\/23266","targetHints":{"allow":["GET"]}}],"collection":[{"href":"https:\/\/sp1hrubieszow.pl\/index.php\/wp-json\/wp\/v2\/pages"}],"about":[{"href":"https:\/\/sp1hrubieszow.pl\/index.php\/wp-json\/wp\/v2\/types\/page"}],"author":[{"embeddable":true,"href":"https:\/\/sp1hrubieszow.pl\/index.php\/wp-json\/wp\/v2\/users\/2"}],"replies":[{"embeddable":true,"href":"https:\/\/sp1hrubieszow.pl\/index.php\/wp-json\/wp\/v2\/comments?post=23266"}],"version-history":[{"count":1,"href":"https:\/\/sp1hrubieszow.pl\/index.php\/wp-json\/wp\/v2\/pages\/23266\/revisions"}],"predecessor-version":[{"id":23267,"href":"https:\/\/sp1hrubieszow.pl\/index.php\/wp-json\/wp\/v2\/pages\/23266\/revisions\/23267"}],"up":[{"embeddable":true,"href":"https:\/\/sp1hrubieszow.pl\/index.php\/wp-json\/wp\/v2\/pages\/5983"}],"wp:attachment":[{"href":"https:\/\/sp1hrubieszow.pl\/index.php\/wp-json\/wp\/v2\/media?parent=23266"}],"curies":[{"name":"wp","href":"https:\/\/api.w.org\/{rel}","templated":true}]}}