{"id":23255,"date":"2023-12-05T20:37:36","date_gmt":"2023-12-05T19:37:36","guid":{"rendered":"https:\/\/sp1hrubieszow.pl\/?page_id=23255"},"modified":"2023-12-05T20:38:57","modified_gmt":"2023-12-05T19:38:57","slug":"podsumowaniu-programu-hrubieszowskie-dzieciaki-z-klasa-uczniowie-klas-pierwszych","status":"publish","type":"page","link":"https:\/\/sp1hrubieszow.pl\/index.php\/kronika-2020-2021\/podsumowaniu-programu-hrubieszowskie-dzieciaki-z-klasa-uczniowie-klas-pierwszych\/","title":{"rendered":"Podsumowaniu programu ,,Hrubieszowskie dzieciaki z klas\u0105&#8221; &#8211; uczniowie klas pierwszych"},"content":{"rendered":"\n<p><span style=\"color: #000080;\">Dnia 30 listopada 2023r. klasy 1a,1b,1c wzi\u0119\u0142y udzia\u0142 w podsumowaniu programu ,,Hrubieszowskie dzieciaki z klas\u0105&#8221;. Uczniowie, zostali zaproszeni na uroczyste zako\u0144czenie projektu do Hotelu &amp; Restauracji Gniecki. W mi\u0142ej atmosferze wsp\u00f3lnie spo\u017cyli przygotowane posi\u0142ki, stosuj\u0105c przy tym wcze\u015bniej zdobyt\u0105 wiedz\u0119 na temat savoir vivre przy stole. Pod koniec spotkania, dzieciom zosta\u0142y wr\u0119czone dyplomy.<\/span><\/p>\nngg_shortcode_0_placeholder\n","protected":false},"excerpt":{"rendered":"<p>Dnia 30 listopada 2023r. klasy 1a,1b,1c wzi\u0119\u0142y udzia\u0142 w podsumowaniu programu ,,Hrubieszowskie dzieciaki z klas\u0105&#8221;. Uczniowie, zostali zaproszeni na uroczyste zako\u0144czenie projektu do Hotelu &amp; Restauracji Gniecki. W mi\u0142ej atmosferze wsp\u00f3lnie spo\u017cyli przygotowane posi\u0142ki, stosuj\u0105c przy tym wcze\u015bniej zdobyt\u0105 wiedz\u0119 na temat savoir vivre przy stole. Pod koniec spotkania, dzieciom zosta\u0142y wr\u0119czone dyplomy.<\/p>\n","protected":false},"author":2,"featured_media":0,"parent":5983,"menu_order":0,"comment_status":"closed","ping_status":"closed","template":"","meta":{"ngg_post_thumbnail":0,"footnotes":""},"class_list":["post-23255","page","type-page","status-publish","hentry"],"_links":{"self":[{"href":"https:\/\/sp1hrubieszow.pl\/index.php\/wp-json\/wp\/v2\/pages\/23255","targetHints":{"allow":["GET"]}}],"collection":[{"href":"https:\/\/sp1hrubieszow.pl\/index.php\/wp-json\/wp\/v2\/pages"}],"about":[{"href":"https:\/\/sp1hrubieszow.pl\/index.php\/wp-json\/wp\/v2\/types\/page"}],"author":[{"embeddable":true,"href":"https:\/\/sp1hrubieszow.pl\/index.php\/wp-json\/wp\/v2\/users\/2"}],"replies":[{"embeddable":true,"href":"https:\/\/sp1hrubieszow.pl\/index.php\/wp-json\/wp\/v2\/comments?post=23255"}],"version-history":[{"count":1,"href":"https:\/\/sp1hrubieszow.pl\/index.php\/wp-json\/wp\/v2\/pages\/23255\/revisions"}],"predecessor-version":[{"id":23256,"href":"https:\/\/sp1hrubieszow.pl\/index.php\/wp-json\/wp\/v2\/pages\/23255\/revisions\/23256"}],"up":[{"embeddable":true,"href":"https:\/\/sp1hrubieszow.pl\/index.php\/wp-json\/wp\/v2\/pages\/5983"}],"wp:attachment":[{"href":"https:\/\/sp1hrubieszow.pl\/index.php\/wp-json\/wp\/v2\/media?parent=23255"}],"curies":[{"name":"wp","href":"https:\/\/api.w.org\/{rel}","templated":true}]}}