{"id":23193,"date":"2023-12-05T12:56:01","date_gmt":"2023-12-05T11:56:01","guid":{"rendered":"https:\/\/sp1hrubieszow.pl\/?page_id=23193"},"modified":"2023-12-05T12:56:54","modified_gmt":"2023-12-05T11:56:54","slug":"liga-robotow-2023","status":"publish","type":"page","link":"https:\/\/sp1hrubieszow.pl\/index.php\/kronika-2020-2021\/liga-robotow-2023\/","title":{"rendered":"Liga Robot\u00f3w 2023\u00a0"},"content":{"rendered":"\n\n\n\n\n<p>Liga Robot\u00f3w 2023&nbsp;<br aria-hidden=\"true\"><br aria-hidden=\"true\">W dniu 28 listopada odby\u0142 si\u0119 regionalny turniej ministerialnego projektu LIGA ROBOT\u00d3W. Pierwsze zawody dla dru\u017cyn z wojew\u00f3dztwa lubelskiego i podkarpackiego mia\u0142y miejsce w Lublinie, a wzi\u0119\u0142o w nich udzia\u0142 a\u017c 28 dru\u017cyn.<br aria-hidden=\"true\"><br aria-hidden=\"true\">Tego dnia byli\u015bmy po raz pierwszy \u015bwiadkami niezwyk\u0142ych zmaga\u0144 zespo\u0142\u00f3w, kt\u00f3re pokaza\u0142y ducha walki!&nbsp;<br aria-hidden=\"true\"><br aria-hidden=\"true\">Nasza reprezentacja w sk\u0142adzie:<br aria-hidden=\"true\">Dawid Ka\u0144ski, Szymon Paw\u0142owski, Mateusz Ka\u0144ski, Eryk Urba\u0144ski, Eryk Bobak, Jakub Brz\u00f3zka<br aria-hidden=\"true\">pod opiek\u0105 pani Anny Suwa\u0142y, Edyty Miller-Wiatrowskiej, Moniki Jako\u015b-W\u00f3r, zaj\u0119li I miejsce w kategorii WY\u015aCIG.<br aria-hidden=\"true\"><br aria-hidden=\"true\">Chocia\u017c mieli\u015bmy apetyt na wi\u0119cej, to by\u0142a to dla nas wielka przygoda i nowe do\u015bwiadczenie.<br aria-hidden=\"true\"><br aria-hidden=\"true\">Brawo dla naszych konstruktor\u00f3w i programist\u00f3w, kt\u00f3rzy w tak kr\u00f3tkim czasie&nbsp;dali rad\u0119 stawi\u0107 czo\u0142a nie lada wyzwaniom.&nbsp;<\/p>\nngg_shortcode_0_placeholder\n","protected":false},"excerpt":{"rendered":"<p>Liga Robot\u00f3w 2023&nbsp;W dniu 28 listopada odby\u0142 si\u0119 regionalny turniej ministerialnego projektu LIGA ROBOT\u00d3W. Pierwsze zawody dla dru\u017cyn z wojew\u00f3dztwa lubelskiego i podkarpackiego mia\u0142y miejsce w Lublinie, a wzi\u0119\u0142o w nich udzia\u0142 a\u017c 28 dru\u017cyn.Tego dnia byli\u015bmy po raz pierwszy \u015bwiadkami niezwyk\u0142ych zmaga\u0144 zespo\u0142\u00f3w, kt\u00f3re pokaza\u0142y ducha walki!&nbsp;Nasza reprezentacja w sk\u0142adzie:Dawid Ka\u0144ski, Szymon Paw\u0142owski, Mateusz [&hellip;]<\/p>\n","protected":false},"author":1,"featured_media":0,"parent":5983,"menu_order":100,"comment_status":"closed","ping_status":"closed","template":"","meta":{"ngg_post_thumbnail":0,"footnotes":""},"class_list":["post-23193","page","type-page","status-publish","hentry"],"_links":{"self":[{"href":"https:\/\/sp1hrubieszow.pl\/index.php\/wp-json\/wp\/v2\/pages\/23193","targetHints":{"allow":["GET"]}}],"collection":[{"href":"https:\/\/sp1hrubieszow.pl\/index.php\/wp-json\/wp\/v2\/pages"}],"about":[{"href":"https:\/\/sp1hrubieszow.pl\/index.php\/wp-json\/wp\/v2\/types\/page"}],"author":[{"embeddable":true,"href":"https:\/\/sp1hrubieszow.pl\/index.php\/wp-json\/wp\/v2\/users\/1"}],"replies":[{"embeddable":true,"href":"https:\/\/sp1hrubieszow.pl\/index.php\/wp-json\/wp\/v2\/comments?post=23193"}],"version-history":[{"count":3,"href":"https:\/\/sp1hrubieszow.pl\/index.php\/wp-json\/wp\/v2\/pages\/23193\/revisions"}],"predecessor-version":[{"id":23198,"href":"https:\/\/sp1hrubieszow.pl\/index.php\/wp-json\/wp\/v2\/pages\/23193\/revisions\/23198"}],"up":[{"embeddable":true,"href":"https:\/\/sp1hrubieszow.pl\/index.php\/wp-json\/wp\/v2\/pages\/5983"}],"wp:attachment":[{"href":"https:\/\/sp1hrubieszow.pl\/index.php\/wp-json\/wp\/v2\/media?parent=23193"}],"curies":[{"name":"wp","href":"https:\/\/api.w.org\/{rel}","templated":true}]}}