{"id":23187,"date":"2023-12-04T20:25:54","date_gmt":"2023-12-04T19:25:54","guid":{"rendered":"https:\/\/sp1hrubieszow.pl\/?page_id=23187"},"modified":"2023-12-04T20:25:54","modified_gmt":"2023-12-04T19:25:54","slug":"klasy-4-w-szkolnej-bibliotece","status":"publish","type":"page","link":"https:\/\/sp1hrubieszow.pl\/index.php\/kronika-2019-2020\/klasy-4-w-szkolnej-bibliotece\/","title":{"rendered":"Klasy 4 w szkolnej bibliotece"},"content":{"rendered":"\n\n\n<p><span style=\"color: #000080;\">W dniach 28 \u2013 29.11.2023r. klasy 4 uczestniczy\u0142y w nietypowych zaj\u0119ciach bibliotecznych. Uczniowie zostali podzieleni na grupy, ka\u017cda z nich mia\u0142a za zadanie odpowiedzie\u0107 na pytania dotycz\u0105ce m.in. budowy ksi\u0105\u017cki, rodzaj\u00f3w ksi\u0119gozbioru, zawod\u00f3w zwi\u0105zanych z procesem powstawania ksi\u0105\u017cki i zasad obowi\u0105zuj\u0105cych w naszej szkolnej bibliotece. Zaj\u0119cia mia\u0142y form\u0119 teleturnieju, gdzie ka\u017cda z dru\u017cyn mia\u0142a mo\u017cliwo\u015b\u0107 zaprezentowania swojej wiedzy. Niekt\u00f3re z zagadnie\u0144 wymaga\u0142y zweryfikowania wiadomo\u015bci w oparciu o dost\u0119pny ksi\u0119gozbi\u00f3r podr\u0119czny.<br>Uczniowie wykazywali si\u0119 du\u017cym zaanga\u017cowaniem, utrwalili i poszerzyli swoj\u0105 wiedz\u0119 <br>z danej dziedziny.<\/span><\/p>\n<p><span style=\"color: #000080;\">Klasy 4 dzi\u0119kuj\u0105 pani Sylwii Wojak za ciekawe zaj\u0119cia!<\/span><\/p>\nngg_shortcode_0_placeholder\n","protected":false},"excerpt":{"rendered":"<p>W dniach 28 \u2013 29.11.2023r. klasy 4 uczestniczy\u0142y w nietypowych zaj\u0119ciach bibliotecznych. Uczniowie zostali podzieleni na grupy, ka\u017cda z nich mia\u0142a za zadanie odpowiedzie\u0107 na pytania dotycz\u0105ce m.in. budowy ksi\u0105\u017cki, rodzaj\u00f3w ksi\u0119gozbioru, zawod\u00f3w zwi\u0105zanych z procesem powstawania ksi\u0105\u017cki i zasad obowi\u0105zuj\u0105cych w naszej szkolnej bibliotece. Zaj\u0119cia mia\u0142y form\u0119 teleturnieju, gdzie ka\u017cda z dru\u017cyn mia\u0142a mo\u017cliwo\u015b\u0107 [&hellip;]<\/p>\n","protected":false},"author":4,"featured_media":0,"parent":2167,"menu_order":0,"comment_status":"closed","ping_status":"closed","template":"","meta":{"ngg_post_thumbnail":0,"footnotes":""},"class_list":["post-23187","page","type-page","status-publish","hentry"],"_links":{"self":[{"href":"https:\/\/sp1hrubieszow.pl\/index.php\/wp-json\/wp\/v2\/pages\/23187","targetHints":{"allow":["GET"]}}],"collection":[{"href":"https:\/\/sp1hrubieszow.pl\/index.php\/wp-json\/wp\/v2\/pages"}],"about":[{"href":"https:\/\/sp1hrubieszow.pl\/index.php\/wp-json\/wp\/v2\/types\/page"}],"author":[{"embeddable":true,"href":"https:\/\/sp1hrubieszow.pl\/index.php\/wp-json\/wp\/v2\/users\/4"}],"replies":[{"embeddable":true,"href":"https:\/\/sp1hrubieszow.pl\/index.php\/wp-json\/wp\/v2\/comments?post=23187"}],"version-history":[{"count":2,"href":"https:\/\/sp1hrubieszow.pl\/index.php\/wp-json\/wp\/v2\/pages\/23187\/revisions"}],"predecessor-version":[{"id":23189,"href":"https:\/\/sp1hrubieszow.pl\/index.php\/wp-json\/wp\/v2\/pages\/23187\/revisions\/23189"}],"up":[{"embeddable":true,"href":"https:\/\/sp1hrubieszow.pl\/index.php\/wp-json\/wp\/v2\/pages\/2167"}],"wp:attachment":[{"href":"https:\/\/sp1hrubieszow.pl\/index.php\/wp-json\/wp\/v2\/media?parent=23187"}],"curies":[{"name":"wp","href":"https:\/\/api.w.org\/{rel}","templated":true}]}}