{"id":23085,"date":"2023-11-29T22:32:53","date_gmt":"2023-11-29T21:32:53","guid":{"rendered":"https:\/\/sp1hrubieszow.pl\/?page_id=23085"},"modified":"2023-11-30T09:36:45","modified_gmt":"2023-11-30T08:36:45","slug":"wrozby-andrzejkowe-klasy-4b","status":"publish","type":"page","link":"https:\/\/sp1hrubieszow.pl\/index.php\/kronika-2019-2020\/wrozby-andrzejkowe-klasy-4b\/","title":{"rendered":"WR\u00d3\u017bBY ANDRZEJKOWE KLASY 4B"},"content":{"rendered":"\n\n\n<p><span style=\"color: #000080;\">Kiedy ko\u0144czy si\u0119 listopad, przychodzi czas na Andrzejki. To \u015bwi\u0119to dla&nbsp;niekt\u00f3rych jest okazj\u0105 do ostatnich hucznych tanecznych zabaw przed adwentem, a dla innych szans\u0105, by pozna\u0107 swoj\u0105 przysz\u0142o\u015b\u0107!<\/span><\/p>\n<p><span style=\"color: #000080;\">Uczniowie klasy 4b postanowili sprawdzi\u0107, jaki los przyniesie im w darze \u015bw.&nbsp;Andrzej. Wybrali si\u0119 wi\u0119c 28 listopada do Muzeum im. Stanis\u0142awa Staszica w&nbsp;Hrubieszowie na warsztaty andrzejkowe. Tam poznali histori\u0119 i tradycje tego \u015bwi\u0119ta. \u015awietnie si\u0119 bawili. Dowiedzieli si\u0119 wiele ciekawych rzeczy o sobie a wr\u00f3\u017cby, kt\u00f3re &nbsp;dotyczy\u0142y \u2013 bogactwa, kariery, przysz\u0142ego zawodu, przyja\u017ani i marze\u0144 pozwoli\u0142y im pozna\u0107 przysz\u0142o\u015b\u0107.<\/span><\/p>\nngg_shortcode_0_placeholder\n","protected":false},"excerpt":{"rendered":"<p>Kiedy ko\u0144czy si\u0119 listopad, przychodzi czas na Andrzejki. To \u015bwi\u0119to dla&nbsp;niekt\u00f3rych jest okazj\u0105 do ostatnich hucznych tanecznych zabaw przed adwentem, a dla innych szans\u0105, by pozna\u0107 swoj\u0105 przysz\u0142o\u015b\u0107! Uczniowie klasy 4b postanowili sprawdzi\u0107, jaki los przyniesie im w darze \u015bw.&nbsp;Andrzej. Wybrali si\u0119 wi\u0119c 28 listopada do Muzeum im. Stanis\u0142awa Staszica w&nbsp;Hrubieszowie na warsztaty andrzejkowe. Tam [&hellip;]<\/p>\n","protected":false},"author":4,"featured_media":0,"parent":2167,"menu_order":0,"comment_status":"closed","ping_status":"closed","template":"","meta":{"ngg_post_thumbnail":0,"footnotes":""},"class_list":["post-23085","page","type-page","status-publish","hentry"],"_links":{"self":[{"href":"https:\/\/sp1hrubieszow.pl\/index.php\/wp-json\/wp\/v2\/pages\/23085","targetHints":{"allow":["GET"]}}],"collection":[{"href":"https:\/\/sp1hrubieszow.pl\/index.php\/wp-json\/wp\/v2\/pages"}],"about":[{"href":"https:\/\/sp1hrubieszow.pl\/index.php\/wp-json\/wp\/v2\/types\/page"}],"author":[{"embeddable":true,"href":"https:\/\/sp1hrubieszow.pl\/index.php\/wp-json\/wp\/v2\/users\/4"}],"replies":[{"embeddable":true,"href":"https:\/\/sp1hrubieszow.pl\/index.php\/wp-json\/wp\/v2\/comments?post=23085"}],"version-history":[{"count":1,"href":"https:\/\/sp1hrubieszow.pl\/index.php\/wp-json\/wp\/v2\/pages\/23085\/revisions"}],"predecessor-version":[{"id":23086,"href":"https:\/\/sp1hrubieszow.pl\/index.php\/wp-json\/wp\/v2\/pages\/23085\/revisions\/23086"}],"up":[{"embeddable":true,"href":"https:\/\/sp1hrubieszow.pl\/index.php\/wp-json\/wp\/v2\/pages\/2167"}],"wp:attachment":[{"href":"https:\/\/sp1hrubieszow.pl\/index.php\/wp-json\/wp\/v2\/media?parent=23085"}],"curies":[{"name":"wp","href":"https:\/\/api.w.org\/{rel}","templated":true}]}}