{"id":2308,"date":"2019-10-19T19:02:15","date_gmt":"2019-10-19T17:02:15","guid":{"rendered":"http:\/\/sp1.hrubieszow.info\/?page_id=2308"},"modified":"2019-10-19T19:07:23","modified_gmt":"2019-10-19T17:07:23","slug":"ix-swiatowy-dzien-tabliczki-mnozenia","status":"publish","type":"page","link":"https:\/\/sp1hrubieszow.pl\/index.php\/kronika-2019-2020\/ix-swiatowy-dzien-tabliczki-mnozenia\/","title":{"rendered":"IX \u015aWIATOWY DZIE\u0143 TABLICZKI MNO\u017bENIA"},"content":{"rendered":"\n<p><span style=\"font-family: Arial, sans-serif;\"><span style=\"font-size: medium;\"><b><img loading=\"lazy\" decoding=\"async\" class=\"alignnone  wp-image-2307\" src=\"http:\/\/sp1.hrubieszow.info\/wp-content\/uploads\/2019\/10\/sowa-300x300.jpg\" alt=\"\" width=\"220\" height=\"220\" srcset=\"https:\/\/sp1hrubieszow.pl\/wp-content\/uploads\/2019\/10\/sowa-300x300.jpg 300w, https:\/\/sp1hrubieszow.pl\/wp-content\/uploads\/2019\/10\/sowa-150x150.jpg 150w, https:\/\/sp1hrubieszow.pl\/wp-content\/uploads\/2019\/10\/sowa.jpg 596w\" sizes=\"auto, (max-width: 220px) 100vw, 220px\" \/> <\/b><\/span><\/span><\/p>\n<p align=\"JUSTIFY\"><span style=\"font-family: Arial, sans-serif;\"><span style=\"font-size: medium;\"> Po raz kolejny obchodzili\u015bmy w naszej szkole IX<b>&nbsp;<\/b>\u015awiatowy Dzie\u0144 Tabliczki Mno\u017cenia. Uczniowie klas 3-8 szko\u0142y podstawowej mieli okazj\u0119 wykaza\u0107 si\u0119 znajomo\u015bci\u0105 tabliczki mno\u017cenia. Nad przebiegiem konkursu czuwa\u0142y panie: Ma\u0142gorzata Szumiata,&nbsp;Edyta Miller \u2013 Wiatrowska, Anna Suwa\u0142a i Monika Jako\u015b W\u00f3r. <\/span><\/span><\/p>\n<p align=\"JUSTIFY\"><span style=\"font-family: Arial, sans-serif;\"><span style=\"font-size: medium;\">W czasie lekcji uczniowie uzupe\u0142niali karteczki z przyk\u0142adami tabliczki mno\u017cenia. Ci, kt\u00f3rzy jako pierwsi oddali poprawnie wpisane wyniki dostali pami\u0105tkowe dyplomy z tytu\u0142em \u201eKlasowego Mistrza Tabliczki Mno\u017cenia\u201d. Gratulujemy!<\/span><\/span><\/p>\n<p align=\"JUSTIFY\"><span style=\"font-family: Arial, sans-serif;\"><span style=\"font-size: medium;\"> <b>Tytu\u0142y Klasowych Mistrz\u00f3w Tabliczki Mno\u017cenia otrzymali nast\u0119puj\u0105cy uczniowie:<\/b><\/span><\/span><\/p>\n<p align=\"JUSTIFY\"><span style=\"font-family: Arial, sans-serif;\"><span style=\"font-size: medium;\"><b>klasa 3a \u2013 MA\u0141GORZATA KORNELUK<\/b><\/span><\/span><\/p>\n<p align=\"JUSTIFY\"><span style=\"font-family: Arial, sans-serif;\"><span style=\"font-size: medium;\"><b>klasa 3b \u2013 WIKTORIA DYNKIEWICZ<\/b><\/span><\/span><\/p>\n<p align=\"JUSTIFY\"><span style=\"font-family: Arial, sans-serif;\"><span style=\"font-size: medium;\"><b>klasa 3c \u2013 LIDIA GRAB<\/b><\/span><\/span><\/p>\n<p align=\"JUSTIFY\"><span style=\"font-family: Arial, sans-serif;\"><span style=\"font-size: medium;\"><b>klasa 4a \u2013 KAROL STADNICKI<\/b><\/span><\/span><\/p>\n<p align=\"JUSTIFY\"><span style=\"font-family: Arial, sans-serif;\"><span style=\"font-size: medium;\"><b>klasa 5a \u2013 PAWE\u0141 STANKIEWICZ<\/b><\/span><\/span><\/p>\n<p align=\"JUSTIFY\"><span style=\"font-family: Arial, sans-serif;\"><span style=\"font-size: medium;\"><b>klasa 5b \u2013 OLIWIA KISIELEWICZ<\/b><\/span><\/span><\/p>\n<p align=\"JUSTIFY\"><span style=\"font-family: Arial, sans-serif;\"><span style=\"font-size: medium;\"><b>klasa 5c \u2013 DAWID PEMPKO<\/b><\/span><\/span><\/p>\n<p align=\"JUSTIFY\"><span style=\"font-family: Arial, sans-serif;\"><span style=\"font-size: medium;\"><b>klasa 5d \u2013 BART\u0141OMIEJ WA\u017bNY<\/b><\/span><\/span><\/p>\n<p align=\"JUSTIFY\"><span style=\"font-family: Arial, sans-serif;\"><span style=\"font-size: medium;\"><b>klasa 6a \u2013 WOJCIECH BELINA<\/b><\/span><\/span><\/p>\n<p align=\"JUSTIFY\"><span style=\"font-family: Arial, sans-serif;\"><span style=\"font-size: medium;\"><b>klasa 6b \u2013 EMILIA MALINOWSKA<\/b><\/span><\/span><\/p>\n<p align=\"JUSTIFY\"><span style=\"font-family: Arial, sans-serif;\"><span style=\"font-size: medium;\"><b>klasa 6c \u2013 PAWE\u0141 KARKUSZEWSKI<\/b><\/span><\/span><\/p>\n<p align=\"JUSTIFY\"><span style=\"font-family: Arial, sans-serif;\"><span style=\"font-size: medium;\"><b>klasa 6d \u2013 SZYMON SIWAK<\/b><\/span><\/span><\/p>\n<p align=\"JUSTIFY\"><span style=\"font-family: Arial, sans-serif;\"><span style=\"font-size: medium;\"><b>klasa 7a \u2013 RAFA\u0141 SOKO\u0141OWSKI<\/b><\/span><\/span><\/p>\n<p align=\"JUSTIFY\"><span style=\"font-family: Arial, sans-serif;\"><span style=\"font-size: medium;\"><b>klasa 7b \u2013 \u0141UKASZ W\u00d3JCIK<\/b><\/span><\/span><\/p>\n<p align=\"JUSTIFY\"><span style=\"font-family: Arial, sans-serif;\"><span style=\"font-size: medium;\"><b>klasa 7c \u2013 KORNELIA KRUK<\/b><\/span><\/span><\/p>\n<p align=\"JUSTIFY\"><span style=\"font-family: Arial, sans-serif;\"><span style=\"font-size: medium;\"><b>klasa 8a \u2013 TOMASZ ZAJ\u0104C<\/b><\/span><\/span><\/p>\n<p align=\"JUSTIFY\"><span style=\"font-family: Arial, sans-serif;\"><span style=\"font-size: medium;\"><b>klasa 8b \u2013 OLIWIA SZYKU\u0141A<\/b><\/span><\/span><\/p>\n<p align=\"JUSTIFY\"><span style=\"font-family: Arial, sans-serif;\"><span style=\"font-size: medium;\"><b>klasa 8c \u2013 MACIEJ RZ\u0104D<\/b><\/span><\/span><\/p>\n<p align=\"JUSTIFY\"><span style=\"font-family: Arial, sans-serif;\"><span style=\"font-size: medium;\">Dzi\u0119kujemy wszystkim nauczycielom za pomoc w przeprowadzeniu konkursu a mistrzom tabliczki mno\u017cenia \u017cyczymy licznych sukces\u00f3w matematycznych.<\/span><\/span><\/p>\nngg_shortcode_0_placeholder\n","protected":false},"excerpt":{"rendered":"<p>Po raz kolejny obchodzili\u015bmy w naszej szkole IX&nbsp;\u015awiatowy Dzie\u0144 Tabliczki Mno\u017cenia. Uczniowie klas 3-8 szko\u0142y podstawowej mieli okazj\u0119 wykaza\u0107 si\u0119 znajomo\u015bci\u0105 tabliczki mno\u017cenia. Nad przebiegiem konkursu czuwa\u0142y panie: Ma\u0142gorzata Szumiata,&nbsp;Edyta Miller \u2013 Wiatrowska, Anna Suwa\u0142a i Monika Jako\u015b W\u00f3r. W czasie lekcji uczniowie uzupe\u0142niali karteczki z przyk\u0142adami tabliczki mno\u017cenia. Ci, kt\u00f3rzy jako pierwsi oddali poprawnie [&hellip;]<\/p>\n","protected":false},"author":2,"featured_media":0,"parent":2167,"menu_order":0,"comment_status":"closed","ping_status":"closed","template":"","meta":{"ngg_post_thumbnail":0,"footnotes":""},"class_list":["post-2308","page","type-page","status-publish","hentry"],"_links":{"self":[{"href":"https:\/\/sp1hrubieszow.pl\/index.php\/wp-json\/wp\/v2\/pages\/2308","targetHints":{"allow":["GET"]}}],"collection":[{"href":"https:\/\/sp1hrubieszow.pl\/index.php\/wp-json\/wp\/v2\/pages"}],"about":[{"href":"https:\/\/sp1hrubieszow.pl\/index.php\/wp-json\/wp\/v2\/types\/page"}],"author":[{"embeddable":true,"href":"https:\/\/sp1hrubieszow.pl\/index.php\/wp-json\/wp\/v2\/users\/2"}],"replies":[{"embeddable":true,"href":"https:\/\/sp1hrubieszow.pl\/index.php\/wp-json\/wp\/v2\/comments?post=2308"}],"version-history":[{"count":2,"href":"https:\/\/sp1hrubieszow.pl\/index.php\/wp-json\/wp\/v2\/pages\/2308\/revisions"}],"predecessor-version":[{"id":2312,"href":"https:\/\/sp1hrubieszow.pl\/index.php\/wp-json\/wp\/v2\/pages\/2308\/revisions\/2312"}],"up":[{"embeddable":true,"href":"https:\/\/sp1hrubieszow.pl\/index.php\/wp-json\/wp\/v2\/pages\/2167"}],"wp:attachment":[{"href":"https:\/\/sp1hrubieszow.pl\/index.php\/wp-json\/wp\/v2\/media?parent=2308"}],"curies":[{"name":"wp","href":"https:\/\/api.w.org\/{rel}","templated":true}]}}