{"id":23003,"date":"2023-11-27T22:14:12","date_gmt":"2023-11-27T21:14:12","guid":{"rendered":"https:\/\/sp1hrubieszow.pl\/?page_id=23003"},"modified":"2023-11-27T22:14:41","modified_gmt":"2023-11-27T21:14:41","slug":"telefon-zaufania-wsparcia","status":"publish","type":"page","link":"https:\/\/sp1hrubieszow.pl\/index.php\/kronika-2020-2021\/telefon-zaufania-wsparcia\/","title":{"rendered":"Telefon zaufania- wsparcia"},"content":{"rendered":"\n<p><span style=\"color: #000080;\">Dzieci i m\u0142odzie\u017c w kryzysie psychicznym, kt\u00f3re maj\u0105 problemy w domu, w szkole, w tym w relacjach r\u00f3wie\u015bniczych,&nbsp;<strong>przy zapewnieniu anonimowo\u015bci i pe\u0142nej dyskrecji<\/strong>, mog\u0105 skontaktowa\u0107 si\u0119 ze specjalistami i otrzyma\u0107 fachowe wsparcie w najtrudniejszych sytuacjach.<\/span><\/p>\n<p><span style=\"color: #000080;\">W ramach dzia\u0142a\u0144 telefon\u00f3w\/infolinii specjali\u015bci \u015bwiadcz\u0105 r\u00f3wnie\u017c wsparcie osobom doros\u0142ym, opiekunom i nauczycielom, kt\u00f3rzy maj\u0105 problemy z dorastaj\u0105cymi dzie\u0107mi.<\/span><\/p>\n<p><span style=\"color: #000080;\">Za\u0142\u0105czone telefony gwarantuj\u0105 szybki dost\u0119p do informacji i wsparcia, jak r\u00f3wnie\u017c podejmowanie interwencji w sprawach wa\u017cnych z punktu widzenia zdrowia psychicznego i bezpiecze\u0144stwa dzieci oraz m\u0142odzie\u017cy.<\/span><\/p>\nngg_shortcode_0_placeholder\n","protected":false},"excerpt":{"rendered":"<p>Dzieci i m\u0142odzie\u017c w kryzysie psychicznym, kt\u00f3re maj\u0105 problemy w domu, w szkole, w tym w relacjach r\u00f3wie\u015bniczych,&nbsp;przy zapewnieniu anonimowo\u015bci i pe\u0142nej dyskrecji, mog\u0105 skontaktowa\u0107 si\u0119 ze specjalistami i otrzyma\u0107 fachowe wsparcie w najtrudniejszych sytuacjach. W ramach dzia\u0142a\u0144 telefon\u00f3w\/infolinii specjali\u015bci \u015bwiadcz\u0105 r\u00f3wnie\u017c wsparcie osobom doros\u0142ym, opiekunom i nauczycielom, kt\u00f3rzy maj\u0105 problemy z dorastaj\u0105cymi dzie\u0107mi. Za\u0142\u0105czone [&hellip;]<\/p>\n","protected":false},"author":2,"featured_media":0,"parent":5983,"menu_order":0,"comment_status":"closed","ping_status":"closed","template":"","meta":{"ngg_post_thumbnail":0,"footnotes":""},"class_list":["post-23003","page","type-page","status-publish","hentry"],"_links":{"self":[{"href":"https:\/\/sp1hrubieszow.pl\/index.php\/wp-json\/wp\/v2\/pages\/23003","targetHints":{"allow":["GET"]}}],"collection":[{"href":"https:\/\/sp1hrubieszow.pl\/index.php\/wp-json\/wp\/v2\/pages"}],"about":[{"href":"https:\/\/sp1hrubieszow.pl\/index.php\/wp-json\/wp\/v2\/types\/page"}],"author":[{"embeddable":true,"href":"https:\/\/sp1hrubieszow.pl\/index.php\/wp-json\/wp\/v2\/users\/2"}],"replies":[{"embeddable":true,"href":"https:\/\/sp1hrubieszow.pl\/index.php\/wp-json\/wp\/v2\/comments?post=23003"}],"version-history":[{"count":1,"href":"https:\/\/sp1hrubieszow.pl\/index.php\/wp-json\/wp\/v2\/pages\/23003\/revisions"}],"predecessor-version":[{"id":23004,"href":"https:\/\/sp1hrubieszow.pl\/index.php\/wp-json\/wp\/v2\/pages\/23003\/revisions\/23004"}],"up":[{"embeddable":true,"href":"https:\/\/sp1hrubieszow.pl\/index.php\/wp-json\/wp\/v2\/pages\/5983"}],"wp:attachment":[{"href":"https:\/\/sp1hrubieszow.pl\/index.php\/wp-json\/wp\/v2\/media?parent=23003"}],"curies":[{"name":"wp","href":"https:\/\/api.w.org\/{rel}","templated":true}]}}