{"id":22996,"date":"2023-11-26T22:24:03","date_gmt":"2023-11-26T21:24:03","guid":{"rendered":"https:\/\/sp1hrubieszow.pl\/?page_id=22996"},"modified":"2023-11-26T22:24:18","modified_gmt":"2023-11-26T21:24:18","slug":"dzien-pluszowego-misia-w-klasach-1-3","status":"publish","type":"page","link":"https:\/\/sp1hrubieszow.pl\/index.php\/kronika-2020-2021\/dzien-pluszowego-misia-w-klasach-1-3\/","title":{"rendered":"Dzie\u0144 Pluszowego Misia w klasach 1-3"},"content":{"rendered":"\n<p><span style=\"color: #000080;\">24 listopada 2023r. w naszej szkole \u015bwi\u0119towali\u015bmy \u015awiatowy Dzie\u0144 Pluszowego Misia. W tym dniu Ma\u0142y Samorz\u0105d Uczniowski pod kierunkiem opiekun\u00f3w przygotowa\u0142 prezentacj\u0119 multimedialn\u0105 na temat historii \u015aDPM, ciekawostki o r\u00f3\u017cnych nied\u017awiedziach \u017cyj\u0105cych na ca\u0142ym \u015bwiecie oraz o ukochanych misiach \u2013 bohaterach ksi\u0105\u017cek dla dzieci. Przedstawiciele MSU zaprezentowali te\u017c fragment ksi\u0105\u017cki A. A. Milne &#8222;Kubu\u015b Puchatek&#8221;. Wszyscy uczniowie \u015bwietnie bawili si\u0119 ze swoimi pluszakami przy weso\u0142ej piosence &#8222;Marzenia Misia Puchatka&#8221;.<\/span><\/p>\nngg_shortcode_0_placeholder\n","protected":false},"excerpt":{"rendered":"<p>24 listopada 2023r. w naszej szkole \u015bwi\u0119towali\u015bmy \u015awiatowy Dzie\u0144 Pluszowego Misia. W tym dniu Ma\u0142y Samorz\u0105d Uczniowski pod kierunkiem opiekun\u00f3w przygotowa\u0142 prezentacj\u0119 multimedialn\u0105 na temat historii \u015aDPM, ciekawostki o r\u00f3\u017cnych nied\u017awiedziach \u017cyj\u0105cych na ca\u0142ym \u015bwiecie oraz o ukochanych misiach \u2013 bohaterach ksi\u0105\u017cek dla dzieci. Przedstawiciele MSU zaprezentowali te\u017c fragment ksi\u0105\u017cki A. A. Milne &#8222;Kubu\u015b Puchatek&#8221;. [&hellip;]<\/p>\n","protected":false},"author":2,"featured_media":0,"parent":5983,"menu_order":0,"comment_status":"closed","ping_status":"closed","template":"","meta":{"ngg_post_thumbnail":0,"footnotes":""},"class_list":["post-22996","page","type-page","status-publish","hentry"],"_links":{"self":[{"href":"https:\/\/sp1hrubieszow.pl\/index.php\/wp-json\/wp\/v2\/pages\/22996","targetHints":{"allow":["GET"]}}],"collection":[{"href":"https:\/\/sp1hrubieszow.pl\/index.php\/wp-json\/wp\/v2\/pages"}],"about":[{"href":"https:\/\/sp1hrubieszow.pl\/index.php\/wp-json\/wp\/v2\/types\/page"}],"author":[{"embeddable":true,"href":"https:\/\/sp1hrubieszow.pl\/index.php\/wp-json\/wp\/v2\/users\/2"}],"replies":[{"embeddable":true,"href":"https:\/\/sp1hrubieszow.pl\/index.php\/wp-json\/wp\/v2\/comments?post=22996"}],"version-history":[{"count":1,"href":"https:\/\/sp1hrubieszow.pl\/index.php\/wp-json\/wp\/v2\/pages\/22996\/revisions"}],"predecessor-version":[{"id":22997,"href":"https:\/\/sp1hrubieszow.pl\/index.php\/wp-json\/wp\/v2\/pages\/22996\/revisions\/22997"}],"up":[{"embeddable":true,"href":"https:\/\/sp1hrubieszow.pl\/index.php\/wp-json\/wp\/v2\/pages\/5983"}],"wp:attachment":[{"href":"https:\/\/sp1hrubieszow.pl\/index.php\/wp-json\/wp\/v2\/media?parent=22996"}],"curies":[{"name":"wp","href":"https:\/\/api.w.org\/{rel}","templated":true}]}}