{"id":22973,"date":"2023-11-23T21:37:16","date_gmt":"2023-11-23T20:37:16","guid":{"rendered":"https:\/\/sp1hrubieszow.pl\/?page_id=22973"},"modified":"2023-11-23T21:37:37","modified_gmt":"2023-11-23T20:37:37","slug":"polska-moja-ojczyzna","status":"publish","type":"page","link":"https:\/\/sp1hrubieszow.pl\/index.php\/kronika-2020-2021\/polska-moja-ojczyzna\/","title":{"rendered":"&#8222;Polska Moja Ojczyzna&#8221;"},"content":{"rendered":"\n<p><span style=\"color: #000080;\">22.11.23 r. uczennice naszej szko\u0142y wzi\u0119\u0142y udzia\u0142 w uroczystej gali podsumowuj\u0105cej VI Wojew\u00f3dzki Konkurs Plastyczny &#8221; Polska Moja Ojczyzna&#8221; w Lublinie. Adrianna Mazurek z klasy 3a zaj\u0119\u0142a 1 miejsce, Zuzanna Przybylak z klasy 3a zaj\u0119\u0142a 3 miejsce. <\/span><\/p>\n<p><span style=\"color: #000080;\">Wyr\u00f3\u017cnienia otrzymali: Milena Tor, Gabriela Wojtiuk r\u00f3wnie\u017c z klasy 3 oraz Szymon Krawiec z klasy 2 a. Gratulujemy nagrodzonym i wyr\u00f3\u017cnionym sukcesu.<\/span><\/p>\nngg_shortcode_0_placeholder\n<p>&nbsp;<\/p>\n\n\n","protected":false},"excerpt":{"rendered":"<p>22.11.23 r. uczennice naszej szko\u0142y wzi\u0119\u0142y udzia\u0142 w uroczystej gali podsumowuj\u0105cej VI Wojew\u00f3dzki Konkurs Plastyczny &#8221; Polska Moja Ojczyzna&#8221; w Lublinie. Adrianna Mazurek z klasy 3a zaj\u0119\u0142a 1 miejsce, Zuzanna Przybylak z klasy 3a zaj\u0119\u0142a 3 miejsce. Wyr\u00f3\u017cnienia otrzymali: Milena Tor, Gabriela Wojtiuk r\u00f3wnie\u017c z klasy 3 oraz Szymon Krawiec z klasy 2 a. Gratulujemy [&hellip;]<\/p>\n","protected":false},"author":2,"featured_media":0,"parent":5983,"menu_order":0,"comment_status":"closed","ping_status":"closed","template":"","meta":{"ngg_post_thumbnail":0,"footnotes":""},"class_list":["post-22973","page","type-page","status-publish","hentry"],"_links":{"self":[{"href":"https:\/\/sp1hrubieszow.pl\/index.php\/wp-json\/wp\/v2\/pages\/22973","targetHints":{"allow":["GET"]}}],"collection":[{"href":"https:\/\/sp1hrubieszow.pl\/index.php\/wp-json\/wp\/v2\/pages"}],"about":[{"href":"https:\/\/sp1hrubieszow.pl\/index.php\/wp-json\/wp\/v2\/types\/page"}],"author":[{"embeddable":true,"href":"https:\/\/sp1hrubieszow.pl\/index.php\/wp-json\/wp\/v2\/users\/2"}],"replies":[{"embeddable":true,"href":"https:\/\/sp1hrubieszow.pl\/index.php\/wp-json\/wp\/v2\/comments?post=22973"}],"version-history":[{"count":1,"href":"https:\/\/sp1hrubieszow.pl\/index.php\/wp-json\/wp\/v2\/pages\/22973\/revisions"}],"predecessor-version":[{"id":22974,"href":"https:\/\/sp1hrubieszow.pl\/index.php\/wp-json\/wp\/v2\/pages\/22973\/revisions\/22974"}],"up":[{"embeddable":true,"href":"https:\/\/sp1hrubieszow.pl\/index.php\/wp-json\/wp\/v2\/pages\/5983"}],"wp:attachment":[{"href":"https:\/\/sp1hrubieszow.pl\/index.php\/wp-json\/wp\/v2\/media?parent=22973"}],"curies":[{"name":"wp","href":"https:\/\/api.w.org\/{rel}","templated":true}]}}