{"id":22959,"date":"2023-11-23T21:26:01","date_gmt":"2023-11-23T20:26:01","guid":{"rendered":"https:\/\/sp1hrubieszow.pl\/?page_id=22959"},"modified":"2023-11-23T21:26:27","modified_gmt":"2023-11-23T20:26:27","slug":"nie-taki-diabel-straszny","status":"publish","type":"page","link":"https:\/\/sp1hrubieszow.pl\/index.php\/kronika-2020-2021\/nie-taki-diabel-straszny\/","title":{"rendered":"Nie taki diabe\u0142 straszny&#8230;"},"content":{"rendered":"\n<p><span style=\"color: #000080;\">Ka\u017cdy polonista przyzna, \u017ce omawianie wierszy w niekt\u00f3rych klasach to prawie 12 prac Herkulesa. Jednak zaj\u0119cia w pi\u0119knym budynku HCD z ciekaw\u0105 Pani\u0105 prowadz\u0105c\u0105 Aleksandr\u0105 Kopczy\u0144sk\u0105 spowodowa\u0142y, \u017ce klasa 5c troszk\u0119 polubi\u0142a poezj\u0119. Uczniowie mieli okazj\u0119 bawi\u0107 si\u0119 s\u0142owem, czyta\u0107 \u0142ama\u0144ce j\u0119zykowe , a tak\u017ce poczu\u0107 si\u0119 jak poeta i uk\u0142ada\u0107 w\u0142asne wiersze. Wprawdzie z gotowych wers\u00f3w innych utwor\u00f3w, ale zawsze to co\u015b&#8230;Zabawa bardzo si\u0119 podoba\u0142a, mamy nadziej\u0119 na wi\u0119cej podobnych zaj\u0119\u0107 . Bardzo dzi\u0119kujemy Pani Oli.<\/span><\/p>\n<p><span style=\"color: #000080;\"> Aneta Rycerz<\/span><\/p>\nngg_shortcode_0_placeholder\n","protected":false},"excerpt":{"rendered":"<p>Ka\u017cdy polonista przyzna, \u017ce omawianie wierszy w niekt\u00f3rych klasach to prawie 12 prac Herkulesa. Jednak zaj\u0119cia w pi\u0119knym budynku HCD z ciekaw\u0105 Pani\u0105 prowadz\u0105c\u0105 Aleksandr\u0105 Kopczy\u0144sk\u0105 spowodowa\u0142y, \u017ce klasa 5c troszk\u0119 polubi\u0142a poezj\u0119. Uczniowie mieli okazj\u0119 bawi\u0107 si\u0119 s\u0142owem, czyta\u0107 \u0142ama\u0144ce j\u0119zykowe , a tak\u017ce poczu\u0107 si\u0119 jak poeta i uk\u0142ada\u0107 w\u0142asne wiersze. Wprawdzie z [&hellip;]<\/p>\n","protected":false},"author":2,"featured_media":0,"parent":5983,"menu_order":0,"comment_status":"closed","ping_status":"closed","template":"","meta":{"ngg_post_thumbnail":0,"footnotes":""},"class_list":["post-22959","page","type-page","status-publish","hentry"],"_links":{"self":[{"href":"https:\/\/sp1hrubieszow.pl\/index.php\/wp-json\/wp\/v2\/pages\/22959","targetHints":{"allow":["GET"]}}],"collection":[{"href":"https:\/\/sp1hrubieszow.pl\/index.php\/wp-json\/wp\/v2\/pages"}],"about":[{"href":"https:\/\/sp1hrubieszow.pl\/index.php\/wp-json\/wp\/v2\/types\/page"}],"author":[{"embeddable":true,"href":"https:\/\/sp1hrubieszow.pl\/index.php\/wp-json\/wp\/v2\/users\/2"}],"replies":[{"embeddable":true,"href":"https:\/\/sp1hrubieszow.pl\/index.php\/wp-json\/wp\/v2\/comments?post=22959"}],"version-history":[{"count":1,"href":"https:\/\/sp1hrubieszow.pl\/index.php\/wp-json\/wp\/v2\/pages\/22959\/revisions"}],"predecessor-version":[{"id":22960,"href":"https:\/\/sp1hrubieszow.pl\/index.php\/wp-json\/wp\/v2\/pages\/22959\/revisions\/22960"}],"up":[{"embeddable":true,"href":"https:\/\/sp1hrubieszow.pl\/index.php\/wp-json\/wp\/v2\/pages\/5983"}],"wp:attachment":[{"href":"https:\/\/sp1hrubieszow.pl\/index.php\/wp-json\/wp\/v2\/media?parent=22959"}],"curies":[{"name":"wp","href":"https:\/\/api.w.org\/{rel}","templated":true}]}}