{"id":22936,"date":"2023-11-23T18:24:58","date_gmt":"2023-11-23T17:24:58","guid":{"rendered":"https:\/\/sp1hrubieszow.pl\/?page_id=22936"},"modified":"2023-11-23T18:30:06","modified_gmt":"2023-11-23T17:30:06","slug":"wycieczka-klas-czwartych","status":"publish","type":"page","link":"https:\/\/sp1hrubieszow.pl\/index.php\/kronika-2019-2020\/wycieczka-klas-czwartych\/","title":{"rendered":"Wycieczka klas czwartych"},"content":{"rendered":"\n<p><span style=\"color: #000080;\">W \u015brod\u0119 22.11.2023r. uczniowie klas 4 pod opiek\u0105 pa\u0144: Ma\u0142gorzaty Szumiaty, Moniki Bednary i Moniki Anigacz, wybrali si\u0119 na wycieczk\u0119 \u201e\u015aladami Ojca Mateusza\u201d <br>do Sandomierza, gdzie mieli okazj\u0119 przebywa\u0107 w Muzeum Sali Gabinecie Figur Woskowych Ojca Mateusza. W Sali mo\u017cna by\u0142o zrobi\u0107 sobie zdj\u0119cie z ulubionymi bohaterami serialu \u201eOjciec Mateusz\u201d, a tak\u017ce sp\u0119dzi\u0107 kilka minut \u201eza kratkami\u201d <br>z tajemniczym wi\u0119\u017aniem. Kolejnym punktem wycieczki by\u0142a wizyta w Zbrojowni Rycerskiej. Tam mogli\u015bmy wys\u0142ucha\u0107, przedstawionej w przezabawny spos\u00f3b, historii dawnego Sandomierza. Rycerz \u0141ukasz swoj\u0105 osobowo\u015bci\u0105 i \u0142atwo\u015bci\u0105 nawi\u0105zywania kontaktu <\/span><span style=\"color: #000080;\">z uczniami, zdoby\u0142 ich serca. \u015amiechom i rado\u015bci nie by\u0142o ko\u0144ca. W Zbrojowni by\u0142a r\u00f3wnie\u017c mo\u017cliwo\u015b\u0107 przymierzy\u0107 zbroje rycerskie, potrzyma\u0107 miecz, kusz\u0119, halabard\u0119, poczu\u0107 si\u0119 jak dawni skazani lub jak renesansowe czy barokowe ksi\u0119\u017cniczki. Wizyt\u0119 w Sandomierzu zako\u0144czyli\u015bmy kr\u00f3tkim spacerem po W\u0105wozie Kr\u00f3lowej Jadwigi. Po tre\u015bciwym obiedzie udali\u015bmy si\u0119 do Fabryki Bombek \u201eBili\u0144ski\u201d w Nowej D\u0119bie. Opr\u00f3cz zwiedzania linii produkcyjnej i podziwiania bogatego asortymentu Fabryki, mogli\u015bmy samodzielnie ozdobi\u0107 bombki, co sprawi\u0142o nam wiele przyjemno\u015bci. <br>Na zako\u0144czenie wyjazdu poddali\u015bmy si\u0119 zakupowemu szale\u0144stwu \u2013 a by\u0142o w czym wybiera\u0107. Droga powrotna do Hrubieszowa up\u0142yn\u0119\u0142a na \u015bmiechach, \u015bpiewach i \u017cartach.<\/span><\/p>\nngg_shortcode_0_placeholder\n\n\n","protected":false},"excerpt":{"rendered":"<p>W \u015brod\u0119 22.11.2023r. uczniowie klas 4 pod opiek\u0105 pa\u0144: Ma\u0142gorzaty Szumiaty, Moniki Bednary i Moniki Anigacz, wybrali si\u0119 na wycieczk\u0119 \u201e\u015aladami Ojca Mateusza\u201d do Sandomierza, gdzie mieli okazj\u0119 przebywa\u0107 w Muzeum Sali Gabinecie Figur Woskowych Ojca Mateusza. W Sali mo\u017cna by\u0142o zrobi\u0107 sobie zdj\u0119cie z ulubionymi bohaterami serialu \u201eOjciec Mateusz\u201d, a tak\u017ce sp\u0119dzi\u0107 kilka minut [&hellip;]<\/p>\n","protected":false},"author":4,"featured_media":0,"parent":2167,"menu_order":0,"comment_status":"closed","ping_status":"closed","template":"","meta":{"ngg_post_thumbnail":0,"footnotes":""},"class_list":["post-22936","page","type-page","status-publish","hentry"],"_links":{"self":[{"href":"https:\/\/sp1hrubieszow.pl\/index.php\/wp-json\/wp\/v2\/pages\/22936","targetHints":{"allow":["GET"]}}],"collection":[{"href":"https:\/\/sp1hrubieszow.pl\/index.php\/wp-json\/wp\/v2\/pages"}],"about":[{"href":"https:\/\/sp1hrubieszow.pl\/index.php\/wp-json\/wp\/v2\/types\/page"}],"author":[{"embeddable":true,"href":"https:\/\/sp1hrubieszow.pl\/index.php\/wp-json\/wp\/v2\/users\/4"}],"replies":[{"embeddable":true,"href":"https:\/\/sp1hrubieszow.pl\/index.php\/wp-json\/wp\/v2\/comments?post=22936"}],"version-history":[{"count":3,"href":"https:\/\/sp1hrubieszow.pl\/index.php\/wp-json\/wp\/v2\/pages\/22936\/revisions"}],"predecessor-version":[{"id":22941,"href":"https:\/\/sp1hrubieszow.pl\/index.php\/wp-json\/wp\/v2\/pages\/22936\/revisions\/22941"}],"up":[{"embeddable":true,"href":"https:\/\/sp1hrubieszow.pl\/index.php\/wp-json\/wp\/v2\/pages\/2167"}],"wp:attachment":[{"href":"https:\/\/sp1hrubieszow.pl\/index.php\/wp-json\/wp\/v2\/media?parent=22936"}],"curies":[{"name":"wp","href":"https:\/\/api.w.org\/{rel}","templated":true}]}}