{"id":22866,"date":"2023-11-22T21:41:30","date_gmt":"2023-11-22T20:41:30","guid":{"rendered":"https:\/\/sp1hrubieszow.pl\/?page_id=22866"},"modified":"2023-11-22T21:41:47","modified_gmt":"2023-11-22T20:41:47","slug":"7b-na-basenie-fala","status":"publish","type":"page","link":"https:\/\/sp1hrubieszow.pl\/index.php\/kronika-2020-2021\/7b-na-basenie-fala\/","title":{"rendered":"7b na basenie ,,Fala&#8221;"},"content":{"rendered":"\n<p><span style=\"color: #000080;\">22 listopada uczniowie klasy 7b uczestniczyli w wyj\u015bciu na basen. Najwi\u0119ksz\u0105 atrakcj\u0119 sprawi\u0142a im zje\u017cd\u017calnia, jacuzzi i nauka p\u0142ywania. Aktywnie wypoczywaj\u0105c dzieci sp\u0119dzi\u0142y mi\u0142o i weso\u0142o czas ze swoimi r\u00f3wie\u015bnikami. Wszyscy \u015bwietnie si\u0119 bawili. Z pewno\u015bci\u0105 nie raz powt\u00f3rzymy takie wyj\u015bcie.<\/span><\/p>\nngg_shortcode_0_placeholder\n","protected":false},"excerpt":{"rendered":"<p>22 listopada uczniowie klasy 7b uczestniczyli w wyj\u015bciu na basen. Najwi\u0119ksz\u0105 atrakcj\u0119 sprawi\u0142a im zje\u017cd\u017calnia, jacuzzi i nauka p\u0142ywania. Aktywnie wypoczywaj\u0105c dzieci sp\u0119dzi\u0142y mi\u0142o i weso\u0142o czas ze swoimi r\u00f3wie\u015bnikami. Wszyscy \u015bwietnie si\u0119 bawili. Z pewno\u015bci\u0105 nie raz powt\u00f3rzymy takie wyj\u015bcie.<\/p>\n","protected":false},"author":2,"featured_media":0,"parent":5983,"menu_order":0,"comment_status":"closed","ping_status":"closed","template":"","meta":{"ngg_post_thumbnail":0,"footnotes":""},"class_list":["post-22866","page","type-page","status-publish","hentry"],"_links":{"self":[{"href":"https:\/\/sp1hrubieszow.pl\/index.php\/wp-json\/wp\/v2\/pages\/22866","targetHints":{"allow":["GET"]}}],"collection":[{"href":"https:\/\/sp1hrubieszow.pl\/index.php\/wp-json\/wp\/v2\/pages"}],"about":[{"href":"https:\/\/sp1hrubieszow.pl\/index.php\/wp-json\/wp\/v2\/types\/page"}],"author":[{"embeddable":true,"href":"https:\/\/sp1hrubieszow.pl\/index.php\/wp-json\/wp\/v2\/users\/2"}],"replies":[{"embeddable":true,"href":"https:\/\/sp1hrubieszow.pl\/index.php\/wp-json\/wp\/v2\/comments?post=22866"}],"version-history":[{"count":1,"href":"https:\/\/sp1hrubieszow.pl\/index.php\/wp-json\/wp\/v2\/pages\/22866\/revisions"}],"predecessor-version":[{"id":22867,"href":"https:\/\/sp1hrubieszow.pl\/index.php\/wp-json\/wp\/v2\/pages\/22866\/revisions\/22867"}],"up":[{"embeddable":true,"href":"https:\/\/sp1hrubieszow.pl\/index.php\/wp-json\/wp\/v2\/pages\/5983"}],"wp:attachment":[{"href":"https:\/\/sp1hrubieszow.pl\/index.php\/wp-json\/wp\/v2\/media?parent=22866"}],"curies":[{"name":"wp","href":"https:\/\/api.w.org\/{rel}","templated":true}]}}