{"id":22855,"date":"2023-11-20T21:39:14","date_gmt":"2023-11-20T20:39:14","guid":{"rendered":"https:\/\/sp1hrubieszow.pl\/?page_id=22855"},"modified":"2023-11-20T21:39:49","modified_gmt":"2023-11-20T20:39:49","slug":"omawianie-lektury-wcale-nie-musi-byc-nudne","status":"publish","type":"page","link":"https:\/\/sp1hrubieszow.pl\/index.php\/kronika-2020-2021\/omawianie-lektury-wcale-nie-musi-byc-nudne\/","title":{"rendered":"Omawianie lektury wcale nie musi by\u0107 nudne\u2026"},"content":{"rendered":"\n\n\n<div class=\"__fb-light-mode x1n2onr6\" role=\"row\">\n<div class=\"\">\n<div class=\"x78zum5 xdt5ytf x1n2onr6\" tabindex=\"0\" role=\"gridcell\" data-release-focus-from=\"CLICK\" data-scope=\"messages_table\">\n<div class=\"x78zum5\" role=\"none\">\n<div class=\"x78zum5 x1iyjqo2 xs83m0k xeuugli\" role=\"none\">\n<div class=\"x1h91t0o xkh2ocl x78zum5 xdt5ytf x13a6bvl xcrg951 x1r145dm\" role=\"none\">\n<div class=\"x78zum5 xh8yej3\" role=\"none\">\n<div class=\"x1cy8zhl x78zum5 xdt5ytf x193iq5w x1n2onr6\">\n<div class=\"x78zum5 xh8yej3\" role=\"none\">\n<div class=\"x1g8br2z x1gn5b1j x230xth x14ctfv x1okitfd x6ikm8r x10wlt62 x1mzt3pk x1y1aw1k xn6708d xwib8y2 x1ye3gou x1n2onr6 x13faqbe x1vjfegm x1lcm9me\" role=\"none\">\n<div class=\"x9f619 x1n2onr6 x1ja2u2z __fb-light-mode\" role=\"none\">\n<div class=\"x1gslohp x11i5rnm x12nagc x1mh8g0r x1yc453h x126k92a\" dir=\"auto\"><span style=\"color: #000080; font-size: 1rem; font-weight: revert;\">Klasa 5c podczas omawiania lektury pt. &#8222;Katarynka&#8221; mia\u0142a okazj\u0119 wczu\u0107 si\u0119 w sytuacj\u0119 osoby niewidomej. Nauczycielka j\u0119zyka polskiego Aneta Rycerz przygotowa\u0142a dla uczni\u00f3w niespodziank\u0119. Najpierw obejrzeli film pt. &#8222;N jak niewidomy&#8221;, traktuj\u0105cy o tym jak w spos\u00f3b kulturalny pomaga\u0107 osobom ociemnia\u0142ym. Nast\u0119pnie zadaniem uczni\u00f3w by\u0142o rozpoznanie r\u00f3\u017cnych przedmiot\u00f3w codziennego u\u017cytku z zawi\u0105zanymi oczami. Niecodzienna lekcja bardzo przypad\u0142a uczniom do gustu.<\/span><\/div>\n<div dir=\"auto\">\nngg_shortcode_0_placeholder\n<\/div>\n<\/div>\n<\/div>\n<\/div>\n<\/div>\n<\/div>\n<\/div>\n<\/div>\n<\/div>\n<\/div>\n<\/div>\n<\/div>\n","protected":false},"excerpt":{"rendered":"<p>Klasa 5c podczas omawiania lektury pt. &#8222;Katarynka&#8221; mia\u0142a okazj\u0119 wczu\u0107 si\u0119 w sytuacj\u0119 osoby niewidomej. Nauczycielka j\u0119zyka polskiego Aneta Rycerz przygotowa\u0142a dla uczni\u00f3w niespodziank\u0119. Najpierw obejrzeli film pt. &#8222;N jak niewidomy&#8221;, traktuj\u0105cy o tym jak w spos\u00f3b kulturalny pomaga\u0107 osobom ociemnia\u0142ym. Nast\u0119pnie zadaniem uczni\u00f3w by\u0142o rozpoznanie r\u00f3\u017cnych przedmiot\u00f3w codziennego u\u017cytku z zawi\u0105zanymi oczami. Niecodzienna lekcja [&hellip;]<\/p>\n","protected":false},"author":2,"featured_media":0,"parent":5983,"menu_order":0,"comment_status":"closed","ping_status":"closed","template":"","meta":{"ngg_post_thumbnail":0,"footnotes":""},"class_list":["post-22855","page","type-page","status-publish","hentry"],"_links":{"self":[{"href":"https:\/\/sp1hrubieszow.pl\/index.php\/wp-json\/wp\/v2\/pages\/22855","targetHints":{"allow":["GET"]}}],"collection":[{"href":"https:\/\/sp1hrubieszow.pl\/index.php\/wp-json\/wp\/v2\/pages"}],"about":[{"href":"https:\/\/sp1hrubieszow.pl\/index.php\/wp-json\/wp\/v2\/types\/page"}],"author":[{"embeddable":true,"href":"https:\/\/sp1hrubieszow.pl\/index.php\/wp-json\/wp\/v2\/users\/2"}],"replies":[{"embeddable":true,"href":"https:\/\/sp1hrubieszow.pl\/index.php\/wp-json\/wp\/v2\/comments?post=22855"}],"version-history":[{"count":1,"href":"https:\/\/sp1hrubieszow.pl\/index.php\/wp-json\/wp\/v2\/pages\/22855\/revisions"}],"predecessor-version":[{"id":22856,"href":"https:\/\/sp1hrubieszow.pl\/index.php\/wp-json\/wp\/v2\/pages\/22855\/revisions\/22856"}],"up":[{"embeddable":true,"href":"https:\/\/sp1hrubieszow.pl\/index.php\/wp-json\/wp\/v2\/pages\/5983"}],"wp:attachment":[{"href":"https:\/\/sp1hrubieszow.pl\/index.php\/wp-json\/wp\/v2\/media?parent=22855"}],"curies":[{"name":"wp","href":"https:\/\/api.w.org\/{rel}","templated":true}]}}