{"id":22840,"date":"2023-11-18T18:20:28","date_gmt":"2023-11-18T17:20:28","guid":{"rendered":"https:\/\/sp1hrubieszow.pl\/?page_id=22840"},"modified":"2023-11-18T18:20:39","modified_gmt":"2023-11-18T17:20:39","slug":"badania-ankietowe-w-ramach-ogolnopolskiego-projektu-profilaktyka-na-miare","status":"publish","type":"page","link":"https:\/\/sp1hrubieszow.pl\/index.php\/kronika-2020-2021\/badania-ankietowe-w-ramach-ogolnopolskiego-projektu-profilaktyka-na-miare\/","title":{"rendered":"Badania ankietowe w ramach og\u00f3lnopolskiego projektu &#8222;Profilaktyka na miar\u0119&#8221;"},"content":{"rendered":"\n\n\n<p><img loading=\"lazy\" decoding=\"async\" class=\"alignnone size-medium wp-image-22839 aligncenter\" src=\"http:\/\/sp1hrubieszow.pl\/wp-content\/uploads\/2023\/11\/403709314_1030042891732836_5069179198307065038_n-212x300.jpg\" alt=\"\" width=\"212\" height=\"300\" srcset=\"https:\/\/sp1hrubieszow.pl\/wp-content\/uploads\/2023\/11\/403709314_1030042891732836_5069179198307065038_n-212x300.jpg 212w, https:\/\/sp1hrubieszow.pl\/wp-content\/uploads\/2023\/11\/403709314_1030042891732836_5069179198307065038_n.jpg 509w\" sizes=\"auto, (max-width: 212px) 100vw, 212px\" \/><\/p>\n<div class=\"xdj266r x11i5rnm xat24cr x1mh8g0r x1vvkbs x126k92a\">\n<div dir=\"auto\">&nbsp;<\/div>\n<\/div>\n<div class=\"x11i5rnm xat24cr x1mh8g0r x1vvkbs xtlvy1s x126k92a\">\n<div dir=\"auto\"><span style=\"color: #000080;\">Informujemy, ze od dnia 20.11.2023r. (poniedzia\u0142ek) rozpoczynamy badania ankietowe, skierowane do uczni\u00f3w, rodzic\u00f3w i nauczycieli. Rodzice otrzymaj\u0105 w wiadomo\u015bci przes\u0142anej za po\u015brednictwem dziennika Librus indywidualny token do anonimowych bada\u0144. Zach\u0119camy do wzi\u0119cia dzia\u0142u w badaniach ankietowych.<\/span><\/div>\n<div dir=\"auto\"><span style=\"color: #000080;\">Projekt \u201eProfilaktyka na miar\u0119\u201d to dzia\u0142anie wspieraj\u0105ce szko\u0142y<\/span><\/div>\n<div dir=\"auto\"><span style=\"color: #000080;\">i plac\u00f3wki w obszarze wychowania i psychoprofilaktyki. Dotyczy realizacji szkolnej diagnozy i ewaluacji oraz przek\u0142adania wynik\u00f3w bada\u0144 na rekomendacje i tre\u015bci do programu wychowawczo-profilaktycznego.<\/span><\/div>\n<\/div>\n","protected":false},"excerpt":{"rendered":"<p>&nbsp; Informujemy, ze od dnia 20.11.2023r. (poniedzia\u0142ek) rozpoczynamy badania ankietowe, skierowane do uczni\u00f3w, rodzic\u00f3w i nauczycieli. Rodzice otrzymaj\u0105 w wiadomo\u015bci przes\u0142anej za po\u015brednictwem dziennika Librus indywidualny token do anonimowych bada\u0144. Zach\u0119camy do wzi\u0119cia dzia\u0142u w badaniach ankietowych. Projekt \u201eProfilaktyka na miar\u0119\u201d to dzia\u0142anie wspieraj\u0105ce szko\u0142y i plac\u00f3wki w obszarze wychowania i psychoprofilaktyki. Dotyczy realizacji szkolnej [&hellip;]<\/p>\n","protected":false},"author":2,"featured_media":0,"parent":5983,"menu_order":0,"comment_status":"closed","ping_status":"closed","template":"","meta":{"ngg_post_thumbnail":0,"footnotes":""},"class_list":["post-22840","page","type-page","status-publish","hentry"],"_links":{"self":[{"href":"https:\/\/sp1hrubieszow.pl\/index.php\/wp-json\/wp\/v2\/pages\/22840","targetHints":{"allow":["GET"]}}],"collection":[{"href":"https:\/\/sp1hrubieszow.pl\/index.php\/wp-json\/wp\/v2\/pages"}],"about":[{"href":"https:\/\/sp1hrubieszow.pl\/index.php\/wp-json\/wp\/v2\/types\/page"}],"author":[{"embeddable":true,"href":"https:\/\/sp1hrubieszow.pl\/index.php\/wp-json\/wp\/v2\/users\/2"}],"replies":[{"embeddable":true,"href":"https:\/\/sp1hrubieszow.pl\/index.php\/wp-json\/wp\/v2\/comments?post=22840"}],"version-history":[{"count":1,"href":"https:\/\/sp1hrubieszow.pl\/index.php\/wp-json\/wp\/v2\/pages\/22840\/revisions"}],"predecessor-version":[{"id":22841,"href":"https:\/\/sp1hrubieszow.pl\/index.php\/wp-json\/wp\/v2\/pages\/22840\/revisions\/22841"}],"up":[{"embeddable":true,"href":"https:\/\/sp1hrubieszow.pl\/index.php\/wp-json\/wp\/v2\/pages\/5983"}],"wp:attachment":[{"href":"https:\/\/sp1hrubieszow.pl\/index.php\/wp-json\/wp\/v2\/media?parent=22840"}],"curies":[{"name":"wp","href":"https:\/\/api.w.org\/{rel}","templated":true}]}}