{"id":22821,"date":"2023-11-18T18:11:58","date_gmt":"2023-11-18T17:11:58","guid":{"rendered":"https:\/\/sp1hrubieszow.pl\/?page_id=22821"},"modified":"2023-11-18T18:15:36","modified_gmt":"2023-11-18T17:15:36","slug":"warsztaty-z-centrum-dzialan-profilaktycznych","status":"publish","type":"page","link":"https:\/\/sp1hrubieszow.pl\/index.php\/kronika-2020-2021\/warsztaty-z-centrum-dzialan-profilaktycznych\/","title":{"rendered":"Warsztaty z Centrum Dzia\u0142a\u0144 Profilaktycznych"},"content":{"rendered":"\n\n\n\n\n<div class=\"xdj266r x11i5rnm xat24cr x1mh8g0r x1vvkbs x126k92a\">\n<div dir=\"auto\"><span style=\"font-size: 1rem; color: #000080;\">\u015awiat, kt\u00f3ry nas otacza, zw\u0142aszcza w obrazie medialnym, wydaje si\u0119 coraz bardziej skonfliktowany i wrogi. Tymczasem uczniowie potrzebuj\u0105 modeli i wzorc\u00f3w innych zachowa\u0144. Takich, w kt\u00f3rych r\u00f3\u017cnice przyczyniaj\u0105 si\u0119 do tw\u00f3rczego rozwoju i dzielenia si\u0119, a nie do konflikt\u00f3w. Fundamentem do tego s\u0105 postawy szacunku i tolerancji.<\/span><\/div>\n<\/div>\n<div class=\"x11i5rnm xat24cr x1mh8g0r x1vvkbs xtlvy1s x126k92a\">\n<div dir=\"auto\"><span style=\"color: #000080;\">Bior\u0105c ten fakt pod uwag\u0119, uczniowie klas pi\u0105tych i sz\u00f3stych uczestniczyli w dwugodzinnych warsztatach, kt\u00f3re poprowadzi\u0142 psycholog Tomasz Delmaczy\u0144ski.<\/span><\/div>\n<\/div>\n<div class=\"x11i5rnm xat24cr x1mh8g0r x1vvkbs xtlvy1s x126k92a\">\n<div dir=\"auto\"><span style=\"color: #000080;\">Klasy 5b, 5c uczestniczy\u0142y w warsztatach na temat ,,Tolerancja i szacunek to m\u00f3j wizerunek\u201d. W trakcie zaj\u0119\u0107 uczniowie dowiedzieli si\u0119 czym jest szacunek i co jest potrzebne, aby stosowa\u0107 go w codziennym \u017cyciu, a tak\u017ce jak szanowa\u0107 siebie i innych. Skupiali si\u0119 na niwelowaniu zachowa\u0144 agresywnych poprzez rozwijanie zachowa\u0144 asertywnych oraz nauki akceptowania b\u0142\u0119d\u00f3w.<\/span><\/div>\n<\/div>\n<div class=\"x11i5rnm xat24cr x1mh8g0r x1vvkbs xtlvy1s x126k92a\">\n<div dir=\"auto\"><span style=\"color: #000080;\">Klasy 6b, 6c bra\u0142y udzia\u0142 w warsztatach na temat ,,Zagro\u017cenia cywilizacyjne\u201d. W trakcie warsztatu o mediach spo\u0142eczno\u015bciowych uczniowie pog\u0142\u0119bili wiedz\u0119 jak rozs\u0105dnie korzysta\u0107 z Facebooka, co warto\u015bciowego mo\u017cna osi\u0105gn\u0105\u0107 za jego pomoc\u0105, a co mo\u017ce mie\u0107 szkodliwy wp\u0142yw. Jak korzysta\u0107 z telefonu w po\u017cyteczny, a nie szkodliwy spos\u00f3b. Ponadto dowiedzieli si\u0119 jak bezpiecznie korzysta\u0107 z internetu, jak chroni\u0107 swoje dane oraz jakimi sposobami mog\u0105 zosta\u0107 one od nich wyci\u0105gni\u0119te.<\/span><\/div>\n<div dir=\"auto\">&nbsp;<\/div>\n<div dir=\"auto\"><span style=\"color: #000080;\">Warsztaty zosta\u0142y zorganizowane przez pedagoga szkolnego Ann\u0119 Karkuszewsk\u0105 w ramach autorskiego programu ,,My\u015blimy inaczej, dzia\u0142amy wsp\u00f3lnie\u201d. Zaj\u0119cia dla uczni\u00f3w sfinansowa\u0142a Gmina Miejska Hrubiesz\u00f3w.<\/span><\/div>\n<div dir=\"auto\">&nbsp;<\/div>\n<div dir=\"auto\">\nngg_shortcode_0_placeholder\n<\/div>\n<\/div>\n","protected":false},"excerpt":{"rendered":"<p>\u015awiat, kt\u00f3ry nas otacza, zw\u0142aszcza w obrazie medialnym, wydaje si\u0119 coraz bardziej skonfliktowany i wrogi. Tymczasem uczniowie potrzebuj\u0105 modeli i wzorc\u00f3w innych zachowa\u0144. Takich, w kt\u00f3rych r\u00f3\u017cnice przyczyniaj\u0105 si\u0119 do tw\u00f3rczego rozwoju i dzielenia si\u0119, a nie do konflikt\u00f3w. Fundamentem do tego s\u0105 postawy szacunku i tolerancji. Bior\u0105c ten fakt pod uwag\u0119, uczniowie klas pi\u0105tych [&hellip;]<\/p>\n","protected":false},"author":2,"featured_media":0,"parent":5983,"menu_order":0,"comment_status":"closed","ping_status":"closed","template":"","meta":{"ngg_post_thumbnail":0,"footnotes":""},"class_list":["post-22821","page","type-page","status-publish","hentry"],"_links":{"self":[{"href":"https:\/\/sp1hrubieszow.pl\/index.php\/wp-json\/wp\/v2\/pages\/22821","targetHints":{"allow":["GET"]}}],"collection":[{"href":"https:\/\/sp1hrubieszow.pl\/index.php\/wp-json\/wp\/v2\/pages"}],"about":[{"href":"https:\/\/sp1hrubieszow.pl\/index.php\/wp-json\/wp\/v2\/types\/page"}],"author":[{"embeddable":true,"href":"https:\/\/sp1hrubieszow.pl\/index.php\/wp-json\/wp\/v2\/users\/2"}],"replies":[{"embeddable":true,"href":"https:\/\/sp1hrubieszow.pl\/index.php\/wp-json\/wp\/v2\/comments?post=22821"}],"version-history":[{"count":2,"href":"https:\/\/sp1hrubieszow.pl\/index.php\/wp-json\/wp\/v2\/pages\/22821\/revisions"}],"predecessor-version":[{"id":22835,"href":"https:\/\/sp1hrubieszow.pl\/index.php\/wp-json\/wp\/v2\/pages\/22821\/revisions\/22835"}],"up":[{"embeddable":true,"href":"https:\/\/sp1hrubieszow.pl\/index.php\/wp-json\/wp\/v2\/pages\/5983"}],"wp:attachment":[{"href":"https:\/\/sp1hrubieszow.pl\/index.php\/wp-json\/wp\/v2\/media?parent=22821"}],"curies":[{"name":"wp","href":"https:\/\/api.w.org\/{rel}","templated":true}]}}