{"id":22676,"date":"2023-11-13T21:06:42","date_gmt":"2023-11-13T20:06:42","guid":{"rendered":"https:\/\/sp1hrubieszow.pl\/?page_id=22676"},"modified":"2023-11-13T21:07:06","modified_gmt":"2023-11-13T20:07:06","slug":"lekcje-z-zakresu-wykorzystania-roznych-zrodel-energii","status":"publish","type":"page","link":"https:\/\/sp1hrubieszow.pl\/index.php\/kronika-2020-2021\/lekcje-z-zakresu-wykorzystania-roznych-zrodel-energii\/","title":{"rendered":"Lekcje z zakresu wykorzystania r\u00f3\u017cnych \u017ar\u00f3de\u0142 energii"},"content":{"rendered":"\n<p><span style=\"color: #000080;\">W dniu 07.11.2023 r. lekcje z zakresu wykorzystania r\u00f3\u017cnych \u017ar\u00f3de\u0142 energii dla klas 7 i 8 prowadzi\u0142a Pani dr Barbara Wiaderek (absolwentka naszej szko\u0142y). Zaj\u0119cia by\u0142y cz\u0119\u015bci\u0105 realizowanego projektu: \u201eZorganizowanie i przeprowadzenie lekcji o energetyce i energii j\u0105drowej w szko\u0142ach podstawowych i ponadpodstawowych\u201d przez Fundacj\u0119 Instytut Zr\u00f3wnowa\u017conej Energetyki dla Ministerstwa Klimatu i \u015arodowiska edycja 2023. Nasi uczniowie mieli okazje wys\u0142ucha\u0107 wyk\u0142adu na temat \u017ar\u00f3de\u0142 energii, jak r\u00f3wnie\u017c zaznajomi\u0107 si\u0119 z dzia\u0142aniem elektrowni j\u0105drowej. Bardzo interesuj\u0105c\u0105 cz\u0119\u015bci\u0105 prowadzonych zaj\u0119\u0107 by\u0142a cz\u0119\u015b\u0107 praktyczna, w kt\u00f3rej uczniowie mogli zobaczy\u0107 licznik Geigera \u2013 M\u00fcllera, zapozna\u0107 si\u0119 z jego zasad\u0105 dzia\u0142ania i wykona\u0107 pomiaru naturalnych \u017ar\u00f3de\u0142 promieniowania jonizuj\u0105cego. Na lekcji uczniowie zapoznali si\u0119 r\u00f3wnie\u017c ze sztucznymi i naturalnymi \u017ar\u00f3d\u0142ami promieniowania. Poznali dziedziny gospodarki, w kt\u00f3rych wykorzystuje si\u0119 promieniowanie jonizuj\u0105ce.&nbsp;<\/span><\/p>\nngg_shortcode_0_placeholder\n","protected":false},"excerpt":{"rendered":"<p>W dniu 07.11.2023 r. lekcje z zakresu wykorzystania r\u00f3\u017cnych \u017ar\u00f3de\u0142 energii dla klas 7 i 8 prowadzi\u0142a Pani dr Barbara Wiaderek (absolwentka naszej szko\u0142y). Zaj\u0119cia by\u0142y cz\u0119\u015bci\u0105 realizowanego projektu: \u201eZorganizowanie i przeprowadzenie lekcji o energetyce i energii j\u0105drowej w szko\u0142ach podstawowych i ponadpodstawowych\u201d przez Fundacj\u0119 Instytut Zr\u00f3wnowa\u017conej Energetyki dla Ministerstwa Klimatu i \u015arodowiska edycja 2023. [&hellip;]<\/p>\n","protected":false},"author":2,"featured_media":0,"parent":5983,"menu_order":0,"comment_status":"closed","ping_status":"closed","template":"","meta":{"ngg_post_thumbnail":0,"footnotes":""},"class_list":["post-22676","page","type-page","status-publish","hentry"],"_links":{"self":[{"href":"https:\/\/sp1hrubieszow.pl\/index.php\/wp-json\/wp\/v2\/pages\/22676","targetHints":{"allow":["GET"]}}],"collection":[{"href":"https:\/\/sp1hrubieszow.pl\/index.php\/wp-json\/wp\/v2\/pages"}],"about":[{"href":"https:\/\/sp1hrubieszow.pl\/index.php\/wp-json\/wp\/v2\/types\/page"}],"author":[{"embeddable":true,"href":"https:\/\/sp1hrubieszow.pl\/index.php\/wp-json\/wp\/v2\/users\/2"}],"replies":[{"embeddable":true,"href":"https:\/\/sp1hrubieszow.pl\/index.php\/wp-json\/wp\/v2\/comments?post=22676"}],"version-history":[{"count":1,"href":"https:\/\/sp1hrubieszow.pl\/index.php\/wp-json\/wp\/v2\/pages\/22676\/revisions"}],"predecessor-version":[{"id":22677,"href":"https:\/\/sp1hrubieszow.pl\/index.php\/wp-json\/wp\/v2\/pages\/22676\/revisions\/22677"}],"up":[{"embeddable":true,"href":"https:\/\/sp1hrubieszow.pl\/index.php\/wp-json\/wp\/v2\/pages\/5983"}],"wp:attachment":[{"href":"https:\/\/sp1hrubieszow.pl\/index.php\/wp-json\/wp\/v2\/media?parent=22676"}],"curies":[{"name":"wp","href":"https:\/\/api.w.org\/{rel}","templated":true}]}}